{"id":2322,"date":"2024-09-17T22:17:15","date_gmt":"2024-09-17T20:17:15","guid":{"rendered":"https:\/\/blogg.folkuniversitetet.nu\/lerust\/?page_id=2322"},"modified":"2024-09-18T10:09:15","modified_gmt":"2024-09-18T08:09:15","slug":"b1-conversation-19-00-20-30-commence-le-10-septembre-2024-2","status":"publish","type":"page","link":"https:\/\/blogg.folkuniversitetet.nu\/lerust\/b1-conversation-19-00-20-30-commence-le-10-septembre-2024-2\/","title":{"rendered":"B1 conversation 19.00 &#8211; 20.30 &#8211; Commence le 10 Septembre 2024 *2"},"content":{"rendered":"<p><iframe loading=\"lazy\" title=\"Au Danemark, un artiste qui devait exposer 72.000 euros de billets part avec le butin\" frameborder=\"0\" width=\"676\" height=\"380\" src=\"https:\/\/geo.dailymotion.com\/player.html?video=x84jtnt&#038;\" allowfullscreen allow=\"autoplay; fullscreen; picture-in-picture; web-share\"><\/iframe><\/p>\n<p><strong>Un artiste pas comme les autres !<\/strong><\/p>\n<p>&nbsp;<\/p>\n<p><strong>Domaines de l&#8217;art \/ Opinions<\/strong><\/p>\n<p>\u2022 la peinture<br \/>\n\u2022 la sculpture<br \/>\n\u2022 la musique<br \/>\n\u2022 le cin\u00e9ma<br \/>\n\u2022 la litt\u00e9rature<br \/>\n\u2022 la bande dessin\u00e9e<br \/>\n\u2022 la photographie<br \/>\n\u2022 la danse<br \/>\n\u2022 le th\u00e9\u00e2tre<\/p>\n<p>J&#8217;aime \/ je d\u00e9teset l&#8217;art parce que&#8230;<br \/>\n\u2022 c\u2019est ennuyeux<br \/>\n\u2022 c\u2019est cr\u00e9atif<br \/>\n\u2022 c\u2019est r\u00e9p\u00e9titif<br \/>\n\u2022 c\u2019est intellectuel<br \/>\n\u2022 c\u2019est riche<br \/>\n\u2022 c\u2019est classique<br \/>\n\u2022 c\u2019est moderne<br \/>\n\u2022 c\u2019est inutile<\/p>\n<p>&nbsp;<\/p>\n<p>1\/ Est-ce que c\u2019est de l\u2019art ?<\/p>\n<p>2\/ L&#8217;art doit-il \u00eatre utile?<\/p>\n<p>3\/ Quel est votre artiste pr\u00e9f\u00e9r\u00e9 ? Pourquoi ?<\/p>\n<p>&nbsp;<\/p>\n<p><strong>Vocabulaire du cours 2:<\/strong><\/p>\n<p>Psychologie:<br \/>\nAs-tu \u00e9t\u00e9 maltrait\u00e9 par un m\u00e9decin dans ton enfance?<\/p>\n<p>la discrimination<br \/>\nun h\u00f4pital \/ des h\u00f4pitaux<\/p>\n<p>une odeur \u00e9coeurante<\/p>\n<p>un m\u00e9tier malaim\u00e9<br \/>\nune mauvaise image<br \/>\npas valorisant<\/p>\n<p>un policier<br \/>\nla police<\/p>\n<p>la gestion des conflits<\/p>\n<p>envoyer des gens en prison<\/p>\n<p>Sciences Politiques &#8211; Sciences &#8221;Pipeau&#8221;<\/p>\n<p>les \u00e9lections<br \/>\n\u00eatre \u00e9lu<br \/>\nun vote &#8211; une voix<\/p>\n<p>un travail alimentaire<br \/>\npour gagner ma vie<\/p>\n<p>s&#8217;attendre \u00e0<\/p>\n<p>regarder quelque chose\/ quelqu&#8217;un d&#8217;un autre oeil<\/p>\n<p>l&#8217;\u00c9tat-Providence<\/p>\n<p>les uns les autres<br \/>\nje sais de quoi je parle<\/p>\n","protected":false},"excerpt":{"rendered":"<p>Un artiste pas comme les autres ! &nbsp; Domaines de l&#8217;art \/ Opinions \u2022 la peinture \u2022 la sculpture \u2022 la musique \u2022 le cin\u00e9ma \u2022 la litt\u00e9rature \u2022 la bande dessin\u00e9e \u2022 la photographie \u2022 la danse \u2022 le th\u00e9\u00e2tre J&#8217;aime \/ je d\u00e9teset l&#8217;art parce que&#8230; \u2022 c\u2019est ennuyeux \u2022 c\u2019est cr\u00e9atif \u2022 [&hellip;]<\/p>\n","protected":false},"author":885,"featured_media":0,"parent":0,"menu_order":0,"comment_status":"closed","ping_status":"closed","template":"","meta":{"footnotes":""},"class_list":["post-2322","page","type-page","status-publish","hentry","post-preview"],"_links":{"self":[{"href":"https:\/\/blogg.folkuniversitetet.nu\/lerust\/wp-json\/wp\/v2\/pages\/2322","targetHints":{"allow":["GET"]}}],"collection":[{"href":"https:\/\/blogg.folkuniversitetet.nu\/lerust\/wp-json\/wp\/v2\/pages"}],"about":[{"href":"https:\/\/blogg.folkuniversitetet.nu\/lerust\/wp-json\/wp\/v2\/types\/page"}],"author":[{"embeddable":true,"href":"https:\/\/blogg.folkuniversitetet.nu\/lerust\/wp-json\/wp\/v2\/users\/885"}],"replies":[{"embeddable":true,"href":"https:\/\/blogg.folkuniversitetet.nu\/lerust\/wp-json\/wp\/v2\/comments?post=2322"}],"version-history":[{"count":5,"href":"https:\/\/blogg.folkuniversitetet.nu\/lerust\/wp-json\/wp\/v2\/pages\/2322\/revisions"}],"predecessor-version":[{"id":2333,"href":"https:\/\/blogg.folkuniversitetet.nu\/lerust\/wp-json\/wp\/v2\/pages\/2322\/revisions\/2333"}],"wp:attachment":[{"href":"https:\/\/blogg.folkuniversitetet.nu\/lerust\/wp-json\/wp\/v2\/media?parent=2322"}],"curies":[{"name":"wp","href":"https:\/\/api.w.org\/{rel}","templated":true}]}}