{"id":1715,"date":"2024-02-13T11:59:03","date_gmt":"2024-02-13T10:59:03","guid":{"rendered":"https:\/\/blogg.folkuniversitetet.nu\/lerust\/?page_id=1715"},"modified":"2024-02-13T14:04:10","modified_gmt":"2024-02-13T13:04:10","slug":"franska-b1-del-3-borjar-5-feb-2024-2","status":"publish","type":"page","link":"https:\/\/blogg.folkuniversitetet.nu\/lerust\/franska-b1-del-3-borjar-5-feb-2024-2\/","title":{"rendered":"Franska B1 Del 3 b\u00f6rjar 5: Feb 2024 #2"},"content":{"rendered":"<p><a href=\"http:\/\/blogg.folkuniversitetet.nu\/lerust\/files\/2023\/02\/def3.jpg\"><img loading=\"lazy\" decoding=\"async\" class=\"alignnone size-medium wp-image-607\" src=\"http:\/\/blogg.folkuniversitetet.nu\/lerust\/files\/2023\/02\/def3-216x300.jpg\" alt=\"\" width=\"216\" height=\"300\" \/><\/a><\/p>\n<p>p 119 ex 10-11-12 et 14<\/p>\n<p>Et<\/p>\n<p><strong>pr\u00e9parez vos argumentaires sur les modifications que vous souhaitez apporter en ville (notammant \u00e0 base de serres):<\/strong><\/p>\n<p>une soci\u00e9t\u00e9\/ ville\u00a0 id\u00e9ale : \u00c9ducation, Travail, Logement, Relations Humaines, Environnement, Transports&#8230;<\/p>\n<p>&nbsp;<\/p>\n<p>Vocabulaire<\/p>\n<p>une proposition farfelue : bouger la Su\u00e8de..<\/p>\n<p>R\u00e9barbatif , barbant, rasoir,,,<\/p>\n<p>peiner \u00e0 obtenir des r\u00e9sultats malgr\u00e9 ses efforts: gal\u00e9rer, ramer&#8230;<\/p>\n<p>&nbsp;<\/p>\n<p>La m\u00e9thode Cou\u00e9<\/p>\n<p>&nbsp;<\/p>\n<p>en parler \u00e0 qui de droit<\/p>\n<p>&nbsp;<\/p>\n<p>une foire<\/p>\n<p>un cirque<\/p>\n<p>beaucoup de circulation<\/p>\n<p>se garer<\/p>\n<p>&nbsp;<\/p>\n<p>c&#8217;est compr\u00e9hensible<\/p>\n<p>la violence n&#8217;est pas justifi\u00e9e<\/p>\n<p>une voie prot\u00e9g\u00e9e, d\u00e9di\u00e9e aux v\u00e9los: uen piste cyclable<\/p>\n<p>&nbsp;<\/p>\n<p>il faut s&#8217;am\u00e9liorer<\/p>\n<p>le vent se l\u00e8ve soudainement, il transperce les v\u00eatements, il est glacial<\/p>\n<p>les trottoirs sont glissants (casse-gueules)<\/p>\n<p>&nbsp;<\/p>\n<p>des in\u00e9galit\u00e9s devant l&#8217;emploi<\/p>\n<p>en avoir marre de<\/p>\n<p>je veux m&#8217;assurer que &#8230;<\/p>\n<p>&nbsp;<\/p>\n<p>affecter de l&#8217;arent \u00e0&#8230;<\/p>\n<p>&nbsp;<\/p>\n<p>la neige est revenue (l\u00e0 o\u00f9 tu es) \/ est retourn\u00e9e (d&#8217;o\u00f9 elle venait, l\u00e0 o\u00f9 tu n&#8217;es pas)<\/p>\n","protected":false},"excerpt":{"rendered":"<p>p 119 ex 10-11-12 et 14 Et pr\u00e9parez vos argumentaires sur les modifications que vous souhaitez apporter en ville (notammant \u00e0 base de serres): une soci\u00e9t\u00e9\/ ville\u00a0 id\u00e9ale : \u00c9ducation, Travail, Logement, Relations Humaines, Environnement, Transports&#8230; &nbsp; Vocabulaire une proposition farfelue : bouger la Su\u00e8de.. R\u00e9barbatif , barbant, rasoir,,, peiner \u00e0 obtenir des r\u00e9sultats malgr\u00e9 [&hellip;]<\/p>\n","protected":false},"author":885,"featured_media":0,"parent":0,"menu_order":0,"comment_status":"closed","ping_status":"closed","template":"","meta":{"footnotes":""},"class_list":["post-1715","page","type-page","status-publish","hentry","post-preview"],"_links":{"self":[{"href":"https:\/\/blogg.folkuniversitetet.nu\/lerust\/wp-json\/wp\/v2\/pages\/1715","targetHints":{"allow":["GET"]}}],"collection":[{"href":"https:\/\/blogg.folkuniversitetet.nu\/lerust\/wp-json\/wp\/v2\/pages"}],"about":[{"href":"https:\/\/blogg.folkuniversitetet.nu\/lerust\/wp-json\/wp\/v2\/types\/page"}],"author":[{"embeddable":true,"href":"https:\/\/blogg.folkuniversitetet.nu\/lerust\/wp-json\/wp\/v2\/users\/885"}],"replies":[{"embeddable":true,"href":"https:\/\/blogg.folkuniversitetet.nu\/lerust\/wp-json\/wp\/v2\/comments?post=1715"}],"version-history":[{"count":3,"href":"https:\/\/blogg.folkuniversitetet.nu\/lerust\/wp-json\/wp\/v2\/pages\/1715\/revisions"}],"predecessor-version":[{"id":1729,"href":"https:\/\/blogg.folkuniversitetet.nu\/lerust\/wp-json\/wp\/v2\/pages\/1715\/revisions\/1729"}],"wp:attachment":[{"href":"https:\/\/blogg.folkuniversitetet.nu\/lerust\/wp-json\/wp\/v2\/media?parent=1715"}],"curies":[{"name":"wp","href":"https:\/\/api.w.org\/{rel}","templated":true}]}}