{"id":14,"date":"2022-09-12T15:32:10","date_gmt":"2022-09-12T13:32:10","guid":{"rendered":"https:\/\/blogg.folkuniversitetet.nu\/lerust\/?page_id=14"},"modified":"2022-09-12T15:33:59","modified_gmt":"2022-09-12T13:33:59","slug":"qui-est-stephane","status":"publish","type":"page","link":"https:\/\/blogg.folkuniversitetet.nu\/lerust\/qui-est-stephane\/","title":{"rendered":"Qui est St\u00e9phane ?"},"content":{"rendered":"<p><a href=\"http:\/\/blogg.folkuniversitetet.nu\/lerust\/files\/2022\/09\/photo-bleue-signature.jpg\"><img loading=\"lazy\" decoding=\"async\" class=\"alignnone size-full wp-image-18\" src=\"http:\/\/blogg.folkuniversitetet.nu\/lerust\/files\/2022\/09\/photo-bleue-signature.jpg\" alt=\"\" width=\"253\" height=\"129\" \/><\/a><\/p>\n<p>Je suis heureux de d\u00e9buter mes cours de fran\u00e7ais \u00e0 Folk Universitetet \u00e0 Stockholm !<\/p>\n<p>Bienvenue \u00e0 tous et \u00e0 toutes !<\/p>\n","protected":false},"excerpt":{"rendered":"<p>Je suis heureux de d\u00e9buter mes cours de fran\u00e7ais \u00e0 Folk Universitetet \u00e0 Stockholm ! Bienvenue \u00e0 tous et \u00e0 toutes !<\/p>\n","protected":false},"author":885,"featured_media":0,"parent":0,"menu_order":0,"comment_status":"closed","ping_status":"closed","template":"","meta":{"footnotes":""},"class_list":["post-14","page","type-page","status-publish","hentry","post-preview"],"_links":{"self":[{"href":"https:\/\/blogg.folkuniversitetet.nu\/lerust\/wp-json\/wp\/v2\/pages\/14","targetHints":{"allow":["GET"]}}],"collection":[{"href":"https:\/\/blogg.folkuniversitetet.nu\/lerust\/wp-json\/wp\/v2\/pages"}],"about":[{"href":"https:\/\/blogg.folkuniversitetet.nu\/lerust\/wp-json\/wp\/v2\/types\/page"}],"author":[{"embeddable":true,"href":"https:\/\/blogg.folkuniversitetet.nu\/lerust\/wp-json\/wp\/v2\/users\/885"}],"replies":[{"embeddable":true,"href":"https:\/\/blogg.folkuniversitetet.nu\/lerust\/wp-json\/wp\/v2\/comments?post=14"}],"version-history":[{"count":4,"href":"https:\/\/blogg.folkuniversitetet.nu\/lerust\/wp-json\/wp\/v2\/pages\/14\/revisions"}],"predecessor-version":[{"id":19,"href":"https:\/\/blogg.folkuniversitetet.nu\/lerust\/wp-json\/wp\/v2\/pages\/14\/revisions\/19"}],"wp:attachment":[{"href":"https:\/\/blogg.folkuniversitetet.nu\/lerust\/wp-json\/wp\/v2\/media?parent=14"}],"curies":[{"name":"wp","href":"https:\/\/api.w.org\/{rel}","templated":true}]}}