{"id":119,"date":"2022-09-06T18:43:18","date_gmt":"2022-09-06T18:43:18","guid":{"rendered":"https:\/\/blogg.folkuniversitetet.nu\/lefelu2\/?page_id=119"},"modified":"2025-06-09T21:52:59","modified_gmt":"2025-06-09T21:52:59","slug":"ressources","status":"publish","type":"page","link":"https:\/\/blogg.folkuniversitetet.nu\/lefelu2\/ressources\/","title":{"rendered":"Ressources"},"content":{"rendered":"<p>Le site d&#8217;<strong>Utbildningsradion<\/strong> avec toutes les ressources :<\/p>\n<ul>\n<li>actualit\u00e9s : <a href=\"https:\/\/urplay.se\/serie\/225522-nouvelles-en-francais-facile\">https:\/\/urplay.se\/serie\/225522-nouvelles-en-francais-facile<\/a><\/li>\n<li>la grammaire (en folie !) : <a href=\"https:\/\/urplay.se\/serie\/217733-alors-grammaire\">https:\/\/urplay.se\/serie\/217733-alors-grammaire<\/a><\/li>\n<li>Les s\u00e9ries et programmes sous-titr\u00e9s : <a href=\"https:\/\/urplay.se\/amne\/moderna-sprak\/franska\/film-och-dramatiseringar\">https:\/\/urplay.se\/amne\/moderna-sprak\/franska\/film-och-dramatiseringar<\/a> (cherchez un peu ce qui vous pla\u00eet&#8230; utilisez les filtres<\/li>\n<\/ul>\n<p>Le catalogue de<strong> SVT play<\/strong> (\u00e9volue avec le temps) : <a href=\"https:\/\/www.svtplay.se\/kategori\/fransk\">https:\/\/www.svtplay.se\/kategori\/fransk<\/a><\/p>\n<p>Le <strong>Bescherelle<\/strong> pour conjuguer les verbes : <a href=\"https:\/\/www.bescherelle.com\">https:\/\/www.bescherelle.com<\/a>\/<\/p>\n<p>SPR\u00c5KET (P1) om franska: <a href=\"https:\/\/sverigesradio.se\/avsnitt\/darfor-ar-det-tufft-att-lara-sig-franska\">https:\/\/sverigesradio.se\/avsnitt\/darfor-ar-det-tufft-att-lara-sig-franska<\/a><\/p>\n<p>Les actualit\u00e9s fr avec exercices sur <strong>RFI<\/strong> : <a href=\"https:\/\/francaisfacile.rfi.fr\/fr\/\">https:\/\/francaisfacile.rfi.fr\/fr\/<\/a><\/p>\n<p>Les cha\u00eenes de la<strong> radio nationale<\/strong> : <a href=\"https:\/\/www.radiofrance.fr\/\">https:\/\/www.radiofrance.fr\/<\/a> : France Inter (= allm\u00e4n radio, nyheter, underh\u00e5llning och tematiska program), France Bleu (= mer lokal), France Culture (= finkultur), France musique (framf\u00f6r allt klassisk musik), FIP &amp; Mouv&#8217; (musik, alla genrer)<\/p>\n<p><strong>Podcast accessible<\/strong> sur des sujets vari\u00e9s : <a href=\"https:\/\/innerfrench.com\/podcast\/\">https:\/\/innerfrench.com\/podcast\/<\/a><\/p>\n<p><strong>Podcast Psychologie<\/strong> : <a href=\"https:\/\/louiemedia.com\/\">https:\/\/louiemedia.com\/\u00a0<\/a><\/p>\n<p>Pour le vocabulaire : des applications de flashcards gratuites<\/p>\n<ul>\n<li>Quizlet: <a href=\"https:\/\/quizlet.com\/\">https:\/\/quizlet.com\/<\/a><\/li>\n<li>AnkiDroid (smartphone)<\/li>\n<\/ul>\n<p>&nbsp;<\/p>\n","protected":false},"excerpt":{"rendered":"<p>Le site d&#8217;Utbildningsradion avec toutes les ressources : actualit\u00e9s : https:\/\/urplay.se\/serie\/225522-nouvelles-en-francais-facile la grammaire (en folie !) : https:\/\/urplay.se\/serie\/217733-alors-grammaire Les s\u00e9ries et programmes sous-titr\u00e9s : https:\/\/urplay.se\/amne\/moderna-sprak\/franska\/film-och-dramatiseringar (cherchez un peu ce qui vous pla\u00eet&#8230; utilisez les filtres Le catalogue de SVT play (\u00e9volue avec le temps) : https:\/\/www.svtplay.se\/kategori\/fransk Le Bescherelle pour conjuguer les verbes : https:\/\/www.bescherelle.com\/ SPR\u00c5KET [&hellip;]<\/p>\n","protected":false},"author":868,"featured_media":0,"parent":0,"menu_order":0,"comment_status":"closed","ping_status":"closed","template":"","meta":{"footnotes":""},"class_list":["post-119","page","type-page","status-publish","hentry","post-preview"],"_links":{"self":[{"href":"https:\/\/blogg.folkuniversitetet.nu\/lefelu2\/wp-json\/wp\/v2\/pages\/119","targetHints":{"allow":["GET"]}}],"collection":[{"href":"https:\/\/blogg.folkuniversitetet.nu\/lefelu2\/wp-json\/wp\/v2\/pages"}],"about":[{"href":"https:\/\/blogg.folkuniversitetet.nu\/lefelu2\/wp-json\/wp\/v2\/types\/page"}],"author":[{"embeddable":true,"href":"https:\/\/blogg.folkuniversitetet.nu\/lefelu2\/wp-json\/wp\/v2\/users\/868"}],"replies":[{"embeddable":true,"href":"https:\/\/blogg.folkuniversitetet.nu\/lefelu2\/wp-json\/wp\/v2\/comments?post=119"}],"version-history":[{"count":8,"href":"https:\/\/blogg.folkuniversitetet.nu\/lefelu2\/wp-json\/wp\/v2\/pages\/119\/revisions"}],"predecessor-version":[{"id":402,"href":"https:\/\/blogg.folkuniversitetet.nu\/lefelu2\/wp-json\/wp\/v2\/pages\/119\/revisions\/402"}],"wp:attachment":[{"href":"https:\/\/blogg.folkuniversitetet.nu\/lefelu2\/wp-json\/wp\/v2\/media?parent=119"}],"curies":[{"name":"wp","href":"https:\/\/api.w.org\/{rel}","templated":true}]}}