{"id":101,"date":"2022-09-05T13:48:08","date_gmt":"2022-09-05T13:48:08","guid":{"rendered":"https:\/\/blogg.folkuniversitetet.nu\/lefelu2\/?page_id=101"},"modified":"2023-02-03T09:17:12","modified_gmt":"2023-02-03T09:17:12","slug":"niveau-a1-1","status":"publish","type":"page","link":"https:\/\/blogg.folkuniversitetet.nu\/lefelu2\/niveau-a1-1\/","title":{"rendered":"\u00c9t\u00e9 2022"},"content":{"rendered":"<p><strong>Cours 8<\/strong><\/p>\n<p>R\u00e9sum\u00e9 du 8 septembre :<\/p>\n<ul>\n<li>Pr\u00e9sentations : quelque chose que vous aimez<\/li>\n<li>R\u00e9vision sur les verbes : DV pages 17 (ex. 12-14)<\/li>\n<li><a href=\"http:\/\/blogg.folkuniversitetet.nu\/lefelu2\/files\/2022\/05\/Dokument8.pdf\">Les verbes en -ir<\/a><\/li>\n<li>Prosodie : DV pages 11-12<\/li>\n<li>DB pages 40-41 : les st\u00e9r\u00e9otypes<\/li>\n<li>Au revoir, \u00e0 bient\u00f4t !<\/li>\n<\/ul>\n<p>&nbsp;<\/p>\n<p><strong>Cours 7<\/strong><\/p>\n<p>R\u00e9sum\u00e9 du 6 septembre\u00a0 :<\/p>\n<ul>\n<li>Correction des exercices<\/li>\n<li>Jeu de r\u00f4le (reprise)<\/li>\n<li>R\u00e9vision : les nombres<\/li>\n<li>Les ordinaux : DB p. 24-25, DV p. 7 ex 13-15<\/li>\n<\/ul>\n<p>Devoirs pour le 8 septembre :<\/p>\n<p>Pr\u00e9parer une petite pr\u00e9sentation sur quelque chose que vous aimez\u00a0 &#8211; de France, de Su\u00e8de ou d&#8217;un autre pays (en kort presentation om n\u00e5got du tycker om &#8211; fr\u00e5n Frankrike, Sverige eller annanstans) &#8211; 2-3 minutes max.<\/p>\n<p>&nbsp;<\/p>\n<p><strong>Cours 6<\/strong><\/p>\n<p>R\u00e9sum\u00e9 du 1er septembre<\/p>\n<ul>\n<li>Capsule phon\u00e9tique 3 ; DV page 19, ex 21-2<\/li>\n<li><span data-contrast=\"auto\">Exercice : est-ce que ?<\/span><span data-ccp-props=\"{&quot;201341983&quot;:0,&quot;335559739&quot;:160,&quot;335559740&quot;:259}\">\u00a0<\/span><\/li>\n<li><span data-contrast=\"auto\">Le f\u00e9minin et les m\u00e9tiers : <\/span><span data-contrast=\"none\">Les m\u00e9tiers ; la formation du f\u00e9minin : lecture page 30 et compl\u00e9ter ensemble page 31 : 4, 5 et 3<\/span><span data-ccp-props=\"{&quot;201341983&quot;:0,&quot;335559739&quot;:160,&quot;335559740&quot;:259}\">\u00a0<\/span><\/li>\n<li><span data-contrast=\"none\">Exercices : page 10 ex 27, page 9 ex 24-26<\/span><span data-ccp-props=\"{&quot;201341983&quot;:0,&quot;335559739&quot;:160,&quot;335559740&quot;:259}\">\u00a0<\/span><\/li>\n<li><span data-contrast=\"none\">Jeu de r\u00f4les : une info, une question<\/span><span data-ccp-props=\"{&quot;201341983&quot;:0,&quot;335559739&quot;:160,&quot;335559740&quot;:259}\">\u00a0 : <a href=\"http:\/\/blogg.folkuniversitetet.nu\/lefelu2\/files\/2022\/09\/Conversation-gouts-et-metiers.pdf\">aide<\/a><\/span><\/li>\n<\/ul>\n<p>Devoirs pour le 6 sept mai : feuille d&#8217;exercices de g<a href=\"http:\/\/blogg.folkuniversitetet.nu\/lefelu2\/files\/2022\/05\/Grammaire-sujet.pdf\">rammaire\u00a0<\/a><\/p>\n<p>&nbsp;<\/p>\n<p><strong>Cours 5<\/strong><\/p>\n<p>R\u00e9sum\u00e9 du cours du 30 ao\u00fbt :<\/p>\n<ul>\n<li>Pr\u00e9sentations des \u00e9tudiant.e.s<\/li>\n<li>L&#8217;article ind\u00e9fini : DB p. 45, ex. 4-5, DV p. 18 ex.16-17<\/li>\n<li>DB page 42 : exercices sur aimer<\/li>\n<li><a href=\"http:\/\/blogg.folkuniversitetet.nu\/lefelu2\/files\/2022\/09\/QUESTIONS.pdf\">QUESTIONS<\/a> avec pronoms interrogatifs<\/li>\n<\/ul>\n<p><a href=\"http:\/\/blogg.folkuniversitetet.nu\/lefelu2\/files\/2022\/05\/Exercice-de-traduction.pdf\">Exercice de traduction<\/a><\/p>\n<p>&nbsp;<\/p>\n<p><strong>Cours 4<\/strong><\/p>\n<p>R\u00e9sum\u00e9 du 25 ao\u00fbt<\/p>\n<ul>\n<li>Les <a href=\"http:\/\/blogg.folkuniversitetet.nu\/lefelu2\/files\/2022\/09\/QUESTIONS.pdf\">QUESTIONS<\/a> ferm\u00e9es (r\u00e9ponse oui ou non)<\/li>\n<li>La n\u00e9gation ; moi aussi, moi non plus (DB page 45)<\/li>\n<li><a href=\"http:\/\/blogg.folkuniversitetet.nu\/lefelu2\/files\/2022\/05\/Verbes-fondamentaux-complet.pdf\">Faire\u00a0<\/a>et aimer faire ;\u00a0<a href=\"http:\/\/blogg.folkuniversitetet.nu\/lefelu2\/files\/2022\/05\/FAIRE.pdf\">activit\u00e9s<\/a><\/li>\n<li>Les articles d\u00e9finis et <a href=\"http:\/\/blogg.folkuniversitetet.nu\/lefelu2\/files\/2022\/05\/Articles.pdf\">ind\u00e9finis<\/a>\u00a0: D\u00e9fi blanc p. 45, ex 4-5 ; c&#8217;est un, c&#8217;est une&#8230;<\/li>\n<\/ul>\n<p>Devoirs pour le cours 5<\/p>\n<ul>\n<li>D\u00e9fi blanc: carte page 22, exercices 1, 2, 3 et 7<\/li>\n<li>D\u00e9fi blanc : D\u00e9fi#1 page 25 : &#8221;<em>faire son autoportrait en chiffres<\/em>&#8221; &#8211; f\u00f6rbered en kort presentation (1-2 min) d\u00e4r du ber\u00e4ttar om allt du kan om dig sj\u00e4lv &#8211; med fokus p\u00e5 olika, roliga och ovanliga siffror\/tal som k\u00e4nnetecknar dig.<\/li>\n<\/ul>\n<p>&nbsp;<\/p>\n<p><strong>Cours 3<\/strong><\/p>\n<p>R\u00e9sum\u00e9 du cours du 23 ao\u00fbt<\/p>\n<ul>\n<li>Paris, c&#8217;est&#8230; DB p. 20-21<\/li>\n<li>les pays : genre et <a href=\"http:\/\/blogg.folkuniversitetet.nu\/lefelu2\/files\/2022\/08\/Prepositions-pays-et-villes.pdf\">pr\u00e9positions <\/a><\/li>\n<li>Entra\u00eenement : <a href=\"http:\/\/blogg.folkuniversitetet.nu\/lefelu2\/files\/2022\/08\/Phrases-3.pdf\">Phrases 3<\/a><\/li>\n<li><a href=\"http:\/\/blogg.folkuniversitetet.nu\/lefelu2\/files\/2022\/05\/Verbes-fondamentaux-complet.pdf\">Venir et aller<\/a> (DB p. 39 &amp; 138)<\/li>\n<li>Capsule phon\u00e9tique 1 : l&#8217;intonation de groupe<\/li>\n<\/ul>\n<p>&nbsp;<\/p>\n<p><strong>Cours 2<\/strong><\/p>\n<p>R\u00e9sum\u00e9 du 18 ao\u00fbt :<\/p>\n<ul>\n<li>Les chiffres de 1 \u00e0 100 : D\u00e9fi blanc (DB) page 137<\/li>\n<li>Capsule phon\u00e9tique 2<\/li>\n<li>Comment tu t&#8217;appelles ? DB pages 14-15<\/li>\n<li>La 3e personne : tous les<a href=\"http:\/\/blogg.folkuniversitetet.nu\/lefelu2\/files\/2022\/04\/LES-PRONOMS-PERSONNELS-3.pdf\"> pronoms<\/a> ; <a href=\"http:\/\/blogg.folkuniversitetet.nu\/lefelu2\/files\/2022\/08\/PRESENTER.pdf\">dialogues<\/a><\/li>\n<li><a href=\"http:\/\/blogg.folkuniversitetet.nu\/lefelu2\/files\/2022\/04\/Verbes-ER.pdf\">Verbes en -ER<\/a><\/li>\n<li><a href=\"http:\/\/blogg.folkuniversitetet.nu\/lefelu2\/files\/2022\/04\/Verbes-fondamentaux-3.pdf\">\u00catre et avoir<\/a><\/li>\n<\/ul>\n<p>Devoirs pour le 23 ao\u00fbt<\/p>\n<ul>\n<li>D\u00e9fi vert (DV) page 6, exercice 2<\/li>\n<li>DV page 7 : exercices 9, 10, 11<\/li>\n<\/ul>\n<p>&nbsp;<\/p>\n<p><strong>R\u00e9sum\u00e9 du cours 1<\/strong> (16 ao\u00fbt)<\/p>\n<ul>\n<li>Se pr\u00e9senter<\/li>\n<li><a href=\"http:\/\/blogg.folkuniversitetet.nu\/lefelu2\/files\/2022\/04\/LES-PRONOMS-PERSONNELS-2.pdf\">Les pronoms personnels P1 et P2<\/a><\/li>\n<li><a href=\"http:\/\/blogg.folkuniversitetet.nu\/lefelu2\/files\/2022\/04\/Verbes-fondamentaux-2.pdf\">\u00catre et avoir<\/a><\/li>\n<li><a href=\"http:\/\/blogg.folkuniversitetet.nu\/lefelu2\/files\/2022\/04\/Dialogues-1.pdf\">Dialoguer<\/a><\/li>\n<li>Les articles d\u00e9finis : D\u00e9fi Blanc page 134<\/li>\n<li>Qu&#8217;est-ce que tu aimes?<\/li>\n<li>Les chiffres de 1 \u00e0 20 : D\u00e9fi Blanc page 137<\/li>\n<\/ul>\n<p>Ressources :<\/p>\n<ul>\n<li>Le <a href=\"http:\/\/blogg.folkuniversitetet.nu\/lefelu2\/files\/2022\/04\/book-english.pdf\">manuel <\/a>et le <a href=\"http:\/\/blogg.folkuniversitetet.nu\/lefelu2\/files\/2022\/04\/workbook-english.pdf\">livre d&#8217;exercices<\/a> en anglais<\/li>\n<\/ul>\n","protected":false},"excerpt":{"rendered":"<p>Cours 8 R\u00e9sum\u00e9 du 8 septembre : Pr\u00e9sentations : quelque chose que vous aimez R\u00e9vision sur les verbes : DV pages 17 (ex. 12-14) Les verbes en -ir Prosodie : DV pages 11-12 DB pages 40-41 : les st\u00e9r\u00e9otypes Au revoir, \u00e0 bient\u00f4t ! &nbsp; Cours 7 R\u00e9sum\u00e9 du 6 septembre\u00a0 : Correction des exercices [&hellip;]<\/p>\n","protected":false},"author":868,"featured_media":0,"parent":0,"menu_order":0,"comment_status":"closed","ping_status":"closed","template":"","meta":{"footnotes":""},"class_list":["post-101","page","type-page","status-publish","hentry","post-preview"],"_links":{"self":[{"href":"https:\/\/blogg.folkuniversitetet.nu\/lefelu2\/wp-json\/wp\/v2\/pages\/101","targetHints":{"allow":["GET"]}}],"collection":[{"href":"https:\/\/blogg.folkuniversitetet.nu\/lefelu2\/wp-json\/wp\/v2\/pages"}],"about":[{"href":"https:\/\/blogg.folkuniversitetet.nu\/lefelu2\/wp-json\/wp\/v2\/types\/page"}],"author":[{"embeddable":true,"href":"https:\/\/blogg.folkuniversitetet.nu\/lefelu2\/wp-json\/wp\/v2\/users\/868"}],"replies":[{"embeddable":true,"href":"https:\/\/blogg.folkuniversitetet.nu\/lefelu2\/wp-json\/wp\/v2\/comments?post=101"}],"version-history":[{"count":8,"href":"https:\/\/blogg.folkuniversitetet.nu\/lefelu2\/wp-json\/wp\/v2\/pages\/101\/revisions"}],"predecessor-version":[{"id":173,"href":"https:\/\/blogg.folkuniversitetet.nu\/lefelu2\/wp-json\/wp\/v2\/pages\/101\/revisions\/173"}],"wp:attachment":[{"href":"https:\/\/blogg.folkuniversitetet.nu\/lefelu2\/wp-json\/wp\/v2\/media?parent=101"}],"curies":[{"name":"wp","href":"https:\/\/api.w.org\/{rel}","templated":true}]}}