{"id":101,"date":"2022-09-05T12:36:47","date_gmt":"2022-09-05T12:36:47","guid":{"rendered":"https:\/\/blogg.folkuniversitetet.nu\/lefelu\/?page_id=101"},"modified":"2025-05-26T14:26:54","modified_gmt":"2025-05-26T14:26:54","slug":"lundi1730","status":"publish","type":"page","link":"https:\/\/blogg.folkuniversitetet.nu\/lefelu\/lundi1730\/","title":{"rendered":"Lundi 17h30-19h"},"content":{"rendered":"<h1><strong>A1-1<\/strong><\/h1>\n<div class=\"video-wrapper\">\n<figure class=\"video-container\"><iframe loading=\"lazy\" title=\"How to install your Didier FLE&#039;s digital interactive book or workbook ? English version\" width=\"625\" height=\"352\" src=\"https:\/\/www.youtube.com\/embed\/XFZ8XO_ybr4?feature=oembed\" frameborder=\"0\" allow=\"accelerometer; autoplay; clipboard-write; encrypted-media; gyroscope; picture-in-picture; web-share\" referrerpolicy=\"strict-origin-when-cross-origin\" allowfullscreen><\/iframe><\/figure>\n<\/div>\n<p><strong>Cours 1 (10 f\u00e9vrier)<\/strong><\/p>\n<p>Introduction et informations<\/p>\n<ul>\n<li>Se pr\u00e9senter; 1e personne, \u00eatre et avoir<\/li>\n<li>Alphabet et chiffres\/nombres 1 \u00e0 30<\/li>\n<li>Les mots fran\u00e7ais, les phrases de survie<\/li>\n<\/ul>\n<p><em>Devoirs (L\u00e4xor)<\/em><\/p>\n<p><em>Exercices Cahier d'activit\u00e9s page 4 et \"Un deux trois\" page 5<\/em><\/p>\n<p><strong>Cours 2<\/strong><\/p>\n<ul>\n<li>R\u00e9p\u00e9tition: se pr\u00e9senter &amp; compter (1 \u00e0 30)<\/li>\n<li>Livre page 12 : \"Bonjour, comment \u00e7a va?\" &amp; les phrases de politesse : formel \/ informel, tu \/ vous<\/li>\n<li>Le calendrier (les jours et les mois) : livre page 15<\/li>\n<\/ul>\n<p><em>Devoirs : CA (Cahier d'activit\u00e9s) pages 3, 5 et 6<\/em><\/p>\n<p><strong>Cours 3<\/strong><\/p>\n<ul>\n<li>Devoirs<\/li>\n<li>R\u00e9p\u00e9tition : nombres et date<\/li>\n<li>La troisi\u00e8me personne ; tous les pronoms et les verbes r\u00e9guliers en ER (document <a href=\"http:\/\/blogg.folkuniversitetet.nu\/lefelu\/files\/2025\/02\/PRONOMS-SUJET-ET-VERBES-ER.pdf\">PRONOMS SUJET ET VERBES -ER<\/a>)<\/li>\n<li>Pages 18-19 : \u00e9coute, dialogue ; adjectifs et nationalit\u00e9<\/li>\n<li>Pr\u00e9senter qqn; dialogue <a href=\"http:\/\/blogg.folkuniversitetet.nu\/lefelu\/files\/2022\/09\/Conversation-A1-1.pdf\">Conversation A1-1<\/a><\/li>\n<\/ul>\n<p><em>Devoirs : <\/em><\/p>\n<ul>\n<li><em>CA page 7<\/em><\/li>\n<li><em>(si vous avez le temps = om ni hinner) exercices 2-3-4 page 9<\/em><\/li>\n<\/ul>\n<p><strong>Cours 4<\/strong><\/p>\n<ul>\n<li>R\u00e9p\u00e9tition troisi\u00e8me personne et nombres<\/li>\n<li>Livre page 20 : l'article d\u00e9fini LE \/ LA \/ L' \/ LES<\/li>\n<li>AIMER et les loisirs \/ go\u00fbts<\/li>\n<li>MOI AUSSI \/ MOI PAS \/ MOI SI \/ MOI NON PLUS (se kompendiet s. 5)<\/li>\n<\/ul>\n<p><em>Devoirs : <\/em><\/p>\n<ul>\n<li><em>CA pages 8-9<\/em><\/li>\n<\/ul>\n<p><strong>Cours 5<\/strong><\/p>\n<ul>\n<li>R\u00e9vision : qu'est-ce que tu aimes ?<\/li>\n<li>Les pays d'Europe<\/li>\n<li><a href=\"http:\/\/blogg.folkuniversitetet.nu\/lefelu\/files\/2022\/10\/Prepositions-pays-et-villes.pdf\">Pr\u00e9positions pays et villes<\/a><\/li>\n<li>VENIR et parler de l'origine (venir de\/du)<\/li>\n<\/ul>\n<p><em>Devoirs : CA page 10<\/em><\/p>\n<p><strong>Cours 6<\/strong><\/p>\n<ul>\n<li>Les chiffres et nombres : 1 \u00e0 100, centaines et milliers ; dates et ann\u00e9es ; livre page 21 &amp; page 27, num\u00e9ros de t\u00e9l\u00e9phone<\/li>\n<li>\u00c9coute :\u00a0 E page 25<\/li>\n<li>Pronoms <a href=\"http:\/\/blogg.folkuniversitetet.nu\/lefelu\/files\/2025\/03\/Interrogatifs-A1.pdf\">Interrogatifs A1<\/a> et QUEL<\/li>\n<\/ul>\n<p><em>Devoirs : CA page 11 exercices sur \"quel\" (th\u00e9orie : livre page 26)<\/em><\/p>\n<p><strong>Cours 7<\/strong><\/p>\n<ul>\n<li>Quel - corrig\u00e9s<\/li>\n<li>Quelle heure est-il ?<\/li>\n<li>FAIRE ; <a href=\"http:\/\/blogg.folkuniversitetet.nu\/lefelu\/files\/2025\/03\/A1-Verbes-fondamentaux.pdf\">A1 Verbes COMPLET<\/a><\/li>\n<li>Questions partielles :\u00a0<a style=\"color: #0f3647\" href=\"http:\/\/blogg.folkuniversitetet.nu\/lefelu\/files\/2025\/03\/INTERROGATIFS-A11.pdf\">INTERROGATIFS<\/a><\/li>\n<li><a href=\"http:\/\/blogg.folkuniversitetet.nu\/lefelu\/files\/2025\/03\/Questions-totales-A1.pdf\">Questions totales<\/a> : EST-CE QUE<\/li>\n<\/ul>\n<p>Devoirs : CA page 12 et 14-15<\/p>\n<p><strong>Cours 8<\/strong><\/p>\n<ul>\n<li>Exercices d'\u00e9coute page 26 et 30; CA pages 13 et 16<\/li>\n<li>Page 32 : lecture<\/li>\n<li>Les articles ind\u00e9finis : UN, UNE, DES<\/li>\n<\/ul>\n<p><em>Devoirs : <\/em><\/p>\n<ul>\n<li><em>Livre page 35 + apprendre le vocabulaire !<\/em><\/li>\n<li><em>CA pages 19 et 21<\/em><\/li>\n<\/ul>\n<p><strong>Cours 9<\/strong><\/p>\n<ul>\n<li>Interview: dans ton quartier<\/li>\n<li>\u00c9coute B page 34<\/li>\n<li>Les verbes en -ER : exercices de prononciations et \u00e9coute - phonie-graphie pages 36 et CA page 21<\/li>\n<\/ul>\n<p><em>Devoirs : <\/em><\/p>\n<ul>\n<li><em>CA page 20 + livre de textes page 36 \"L'essentiel\"<\/em><\/li>\n<\/ul>\n<p><strong>Cours 10<\/strong><\/p>\n<ul>\n<li>D\u00e9briefing devoirs<\/li>\n<li>Pages 38-39 : les mots de la famille<\/li>\n<li>les adjectifs<\/li>\n<\/ul>\n<p><em>Devoirs :\u00a0<\/em><\/p>\n<ul>\n<li><em>Prod \u00e9crite 4 page 39 (frivilligt)<\/em><\/li>\n<li><em>Activit\u00e9s 1 et 2 page 41 + apprendre les mots de la famille<\/em><\/li>\n<li><em>CA page 22 et 1,2,3 page 24<\/em><\/li>\n<\/ul>\n<p><strong>Cours 11<\/strong><\/p>\n<ul>\n<li>D\u00e9briefing devoirs<\/li>\n<li>Description d'image page 41 : en haut, en bas, \u00e0 gauche, \u00e0 droite<\/li>\n<li>Vos arbres g\u00e9n\u00e9alogiques<\/li>\n<li>\u00c9coute : E page 40<\/li>\n<li>Les noms de m\u00e9tiers : masculin et f\u00e9minin<\/li>\n<\/ul>\n<p><em>Devoirs :<\/em><\/p>\n<ul>\n<li>(frivilligt) exercice \u00e9crit DELF 4 page 40<\/li>\n<li>CA pages 23 et 25<\/li>\n<\/ul>\n<p><strong>Cours 12<\/strong><\/p>\n<ul>\n<li>D\u00e9briefing devoirs<\/li>\n<li>Grammaire : l'essentiel page 42 + liaison (phonie graphie)<\/li>\n<li>Production orale p. 41 : imaginez la famille su\u00e9doise typique - et la famille fran\u00e7aise typique ?!<\/li>\n<li>DELF CA page 48, compr\u00e9hension orale et \u00e9crite<\/li>\n<\/ul>\n<p><em>Devoirs : <\/em><\/p>\n<p><em>Pr\u00e9parez une petite pr\u00e9sentation d'une chose que vous aimez (su\u00e9doise ou francaise, peu importe) et pourquoi elle est importante pour vous. La pr\u00e9sentation est<strong> simple et claire, factuelle (quoi, qui, o\u00f9, pourquoi, comment) <\/strong>! 2 minutes <strong>maximum<\/strong>. Inspiration <a href=\"http:\/\/blogg.folkuniversitetet.nu\/lefelu\/files\/2025\/05\/Kopia-av-LA-PRESENTATION-ORALE.pdf\">LA PR\u00c9SENTATION ORALE<\/a><br \/>\n<\/em><\/p>\n<p><strong>Prolongation 1<\/strong><\/p>\n<ul>\n<li>Vos pr\u00e9sentations<\/li>\n<li>R\u00e9p\u00e9tition : livre page 28 et CA page 4 page 29<\/li>\n<li>A page 46 : vocabulaire, fruits et l\u00e9gumes ; le pluriel r\u00e9gulier page 47<\/li>\n<\/ul>\n<p><em>Devoirs :<\/em><\/p>\n<p><em>CA page 31<\/em><\/p>\n<p><strong>Prolongations 2<\/strong><\/p>\n<ul>\n<li>Le pluriel : d\u00e9briefing<\/li>\n<li>C page 48 : faire les courses ; commerces et commer\u00e7ants<\/li>\n<li>Grammaire : les <a href=\"http:\/\/blogg.folkuniversitetet.nu\/lefelu\/files\/2023\/03\/ARTICLES-CONTRACTES.pdf\">ARTICLES CONTRACT\u00c9S<\/a> DE et \u00c0 + le\/la\/l'\/les<\/li>\n<li>CHEZ + personne, \u00c0 + commerce<\/li>\n<\/ul>\n<p><em>Devoirs :<\/em><\/p>\n<ul>\n<li><em>CA page 32<\/em><\/li>\n<li><em>r\u00e9p\u00e9ter le vocabulaire des fruits et l\u00e9gumes !<\/em><\/li>\n<\/ul>\n<p><strong>Prolongations 3<\/strong><\/p>\n<ul>\n<li>D\u00e9brief \u00c0 + le\/les, CHEZ, de + le\/les<\/li>\n<li>Livre B page 47; Combien ca co\u00fbte?<\/li>\n<li>Quantit\u00e9s et contenants<\/li>\n<li>Faire les courses<\/li>\n<li>Le juste prix<\/li>\n<\/ul>\n","protected":false},"excerpt":{"rendered":"<p>A1-1 Cours 1 (10 f\u00e9vrier) Introduction et informations Se pr\u00e9senter; 1e personne, \u00eatre et avoir Alphabet et chiffres\/nombres 1 \u00e0 30 Les mots fran\u00e7ais, les phrases de survie Devoirs (L\u00e4xor) Exercices Cahier d'activit\u00e9s page 4 et \"Un deux trois\" page 5 Cours 2 R\u00e9p\u00e9tition: se pr\u00e9senter &amp; compter (1 \u00e0 30) Livre page 12 : <a class=\"read-more\" href=\"https:\/\/blogg.folkuniversitetet.nu\/lefelu\/lundi1730\/\">...l\u00e4s vidare <span class=\"meta-nav\">&rarr;<\/span><\/a><\/p>\n","protected":false},"author":868,"featured_media":0,"parent":0,"menu_order":0,"comment_status":"closed","ping_status":"closed","template":"","meta":{"footnotes":""},"class_list":["post-101","page","type-page","status-publish","hentry"],"_links":{"self":[{"href":"https:\/\/blogg.folkuniversitetet.nu\/lefelu\/wp-json\/wp\/v2\/pages\/101","targetHints":{"allow":["GET"]}}],"collection":[{"href":"https:\/\/blogg.folkuniversitetet.nu\/lefelu\/wp-json\/wp\/v2\/pages"}],"about":[{"href":"https:\/\/blogg.folkuniversitetet.nu\/lefelu\/wp-json\/wp\/v2\/types\/page"}],"author":[{"embeddable":true,"href":"https:\/\/blogg.folkuniversitetet.nu\/lefelu\/wp-json\/wp\/v2\/users\/868"}],"replies":[{"embeddable":true,"href":"https:\/\/blogg.folkuniversitetet.nu\/lefelu\/wp-json\/wp\/v2\/comments?post=101"}],"version-history":[{"count":128,"href":"https:\/\/blogg.folkuniversitetet.nu\/lefelu\/wp-json\/wp\/v2\/pages\/101\/revisions"}],"predecessor-version":[{"id":684,"href":"https:\/\/blogg.folkuniversitetet.nu\/lefelu\/wp-json\/wp\/v2\/pages\/101\/revisions\/684"}],"wp:attachment":[{"href":"https:\/\/blogg.folkuniversitetet.nu\/lefelu\/wp-json\/wp\/v2\/media?parent=101"}],"curies":[{"name":"wp","href":"https:\/\/api.w.org\/{rel}","templated":true}]}}