{"id":67,"date":"2025-09-26T12:19:55","date_gmt":"2025-09-26T11:19:55","guid":{"rendered":"https:\/\/blogg.folkuniversitetet.nu\/lageeb\/?page_id=67"},"modified":"2025-09-26T12:54:34","modified_gmt":"2025-09-26T11:54:34","slug":"nivaer","status":"publish","type":"page","link":"https:\/\/blogg.folkuniversitetet.nu\/lageeb\/nivaer\/","title":{"rendered":"Niv\u00e5er"},"content":{"rendered":"<p>P\u00e5 bilden nedan kan du se hur kurserna i svenska som fr\u00e4mmande spr\u00e5k \u00e4r uppdelade samt hur m\u00e5nga kapitel i Rivstart som varje kurs t\u00e4cker. Om du \u00e4r os\u00e4ker p\u00e5 vilken niv\u00e5 du ska v\u00e4lja, g\u00e5 in och g\u00f6r Folkuniversitetets <a href=\"https:\/\/www.folkuniversitetet.se\/mer-om-sprak\/vilken-niva-ska-jag-valja\/\">spr\u00e5ktest<\/a>!<\/p>\n<p><a href=\"http:\/\/blogg.folkuniversitetet.nu\/lageeb\/files\/2025\/09\/Nivaer-1.png\"><img loading=\"lazy\" decoding=\"async\" class=\"alignnone size-full wp-image-73\" src=\"http:\/\/blogg.folkuniversitetet.nu\/lageeb\/files\/2025\/09\/Nivaer-1.png\" alt=\"\" width=\"908\" height=\"398\" srcset=\"https:\/\/blogg.folkuniversitetet.nu\/lageeb\/files\/2025\/09\/Nivaer-1.png 908w, https:\/\/blogg.folkuniversitetet.nu\/lageeb\/files\/2025\/09\/Nivaer-1-300x131.png 300w, https:\/\/blogg.folkuniversitetet.nu\/lageeb\/files\/2025\/09\/Nivaer-1-768x337.png 768w, https:\/\/blogg.folkuniversitetet.nu\/lageeb\/files\/2025\/09\/Nivaer-1-676x296.png 676w\" sizes=\"auto, (max-width: 908px) 100vw, 908px\" \/><\/a><\/p>\n","protected":false},"excerpt":{"rendered":"<p>P\u00e5 bilden nedan kan du se hur kurserna i svenska som fr\u00e4mmande spr\u00e5k \u00e4r uppdelade samt hur m\u00e5nga kapitel i Rivstart som varje kurs t\u00e4cker. Om du \u00e4r os\u00e4ker p\u00e5 vilken niv\u00e5 du ska v\u00e4lja, g\u00e5 in och g\u00f6r Folkuniversitetets spr\u00e5ktest!<\/p>\n","protected":false},"author":975,"featured_media":0,"parent":0,"menu_order":0,"comment_status":"closed","ping_status":"closed","template":"","meta":{"footnotes":""},"class_list":["post-67","page","type-page","status-publish","hentry","post-preview"],"_links":{"self":[{"href":"https:\/\/blogg.folkuniversitetet.nu\/lageeb\/wp-json\/wp\/v2\/pages\/67","targetHints":{"allow":["GET"]}}],"collection":[{"href":"https:\/\/blogg.folkuniversitetet.nu\/lageeb\/wp-json\/wp\/v2\/pages"}],"about":[{"href":"https:\/\/blogg.folkuniversitetet.nu\/lageeb\/wp-json\/wp\/v2\/types\/page"}],"author":[{"embeddable":true,"href":"https:\/\/blogg.folkuniversitetet.nu\/lageeb\/wp-json\/wp\/v2\/users\/975"}],"replies":[{"embeddable":true,"href":"https:\/\/blogg.folkuniversitetet.nu\/lageeb\/wp-json\/wp\/v2\/comments?post=67"}],"version-history":[{"count":4,"href":"https:\/\/blogg.folkuniversitetet.nu\/lageeb\/wp-json\/wp\/v2\/pages\/67\/revisions"}],"predecessor-version":[{"id":86,"href":"https:\/\/blogg.folkuniversitetet.nu\/lageeb\/wp-json\/wp\/v2\/pages\/67\/revisions\/86"}],"wp:attachment":[{"href":"https:\/\/blogg.folkuniversitetet.nu\/lageeb\/wp-json\/wp\/v2\/media?parent=67"}],"curies":[{"name":"wp","href":"https:\/\/api.w.org\/{rel}","templated":true}]}}