{"id":62,"date":"2025-09-26T12:18:25","date_gmt":"2025-09-26T11:18:25","guid":{"rendered":"https:\/\/blogg.folkuniversitetet.nu\/lageeb\/?page_id=62"},"modified":"2025-09-26T12:45:11","modified_gmt":"2025-09-26T11:45:11","slug":"rivstart","status":"publish","type":"page","link":"https:\/\/blogg.folkuniversitetet.nu\/lageeb\/rivstart\/","title":{"rendered":"Rivstart"},"content":{"rendered":"<p>Inne p\u00e5 Rivstart hittar du ljudfiler, \u00f6vningar och \u00e4ven facit. Det \u00e4r kostnadsfritt, men du beh\u00f6ver skapa ett konto. H\u00e4r finns en manual som f\u00f6rklarar hur du skapar ett konto:\u00a0 <a href=\"http:\/\/blogg.folkuniversitetet.nu\/lageeb\/files\/2025\/09\/Access-Rivstart-Extramaterial.pdf\">Access-Rivstart-Extramaterial<\/a><\/p>\n<p><a href=\"http:\/\/blogg.folkuniversitetet.nu\/lageeb\/files\/2025\/09\/Skarmavbild-2025-09-26-kl.-13.44.27.png\"><img loading=\"lazy\" decoding=\"async\" class=\"alignnone size-full wp-image-79\" src=\"http:\/\/blogg.folkuniversitetet.nu\/lageeb\/files\/2025\/09\/Skarmavbild-2025-09-26-kl.-13.44.27.png\" alt=\"\" width=\"2398\" height=\"1232\" srcset=\"https:\/\/blogg.folkuniversitetet.nu\/lageeb\/files\/2025\/09\/Skarmavbild-2025-09-26-kl.-13.44.27.png 2398w, https:\/\/blogg.folkuniversitetet.nu\/lageeb\/files\/2025\/09\/Skarmavbild-2025-09-26-kl.-13.44.27-300x154.png 300w, https:\/\/blogg.folkuniversitetet.nu\/lageeb\/files\/2025\/09\/Skarmavbild-2025-09-26-kl.-13.44.27-1024x526.png 1024w, https:\/\/blogg.folkuniversitetet.nu\/lageeb\/files\/2025\/09\/Skarmavbild-2025-09-26-kl.-13.44.27-768x395.png 768w, https:\/\/blogg.folkuniversitetet.nu\/lageeb\/files\/2025\/09\/Skarmavbild-2025-09-26-kl.-13.44.27-1536x789.png 1536w, https:\/\/blogg.folkuniversitetet.nu\/lageeb\/files\/2025\/09\/Skarmavbild-2025-09-26-kl.-13.44.27-2048x1052.png 2048w, https:\/\/blogg.folkuniversitetet.nu\/lageeb\/files\/2025\/09\/Skarmavbild-2025-09-26-kl.-13.44.27-676x347.png 676w\" sizes=\"auto, (max-width: 2398px) 100vw, 2398px\" \/><\/a><\/p>\n","protected":false},"excerpt":{"rendered":"<p>Inne p\u00e5 Rivstart hittar du ljudfiler, \u00f6vningar och \u00e4ven facit. Det \u00e4r kostnadsfritt, men du beh\u00f6ver skapa ett konto. H\u00e4r finns en manual som f\u00f6rklarar hur du skapar ett konto:\u00a0 Access-Rivstart-Extramaterial<\/p>\n","protected":false},"author":975,"featured_media":0,"parent":0,"menu_order":0,"comment_status":"closed","ping_status":"closed","template":"","meta":{"footnotes":""},"class_list":["post-62","page","type-page","status-publish","hentry","post-preview"],"_links":{"self":[{"href":"https:\/\/blogg.folkuniversitetet.nu\/lageeb\/wp-json\/wp\/v2\/pages\/62","targetHints":{"allow":["GET"]}}],"collection":[{"href":"https:\/\/blogg.folkuniversitetet.nu\/lageeb\/wp-json\/wp\/v2\/pages"}],"about":[{"href":"https:\/\/blogg.folkuniversitetet.nu\/lageeb\/wp-json\/wp\/v2\/types\/page"}],"author":[{"embeddable":true,"href":"https:\/\/blogg.folkuniversitetet.nu\/lageeb\/wp-json\/wp\/v2\/users\/975"}],"replies":[{"embeddable":true,"href":"https:\/\/blogg.folkuniversitetet.nu\/lageeb\/wp-json\/wp\/v2\/comments?post=62"}],"version-history":[{"count":4,"href":"https:\/\/blogg.folkuniversitetet.nu\/lageeb\/wp-json\/wp\/v2\/pages\/62\/revisions"}],"predecessor-version":[{"id":80,"href":"https:\/\/blogg.folkuniversitetet.nu\/lageeb\/wp-json\/wp\/v2\/pages\/62\/revisions\/80"}],"wp:attachment":[{"href":"https:\/\/blogg.folkuniversitetet.nu\/lageeb\/wp-json\/wp\/v2\/media?parent=62"}],"curies":[{"name":"wp","href":"https:\/\/api.w.org\/{rel}","templated":true}]}}