{"id":53,"date":"2025-09-26T12:15:45","date_gmt":"2025-09-26T11:15:45","guid":{"rendered":"https:\/\/blogg.folkuniversitetet.nu\/lageeb\/?page_id=53"},"modified":"2025-09-26T12:53:03","modified_gmt":"2025-09-26T11:53:03","slug":"podcasts","status":"publish","type":"page","link":"https:\/\/blogg.folkuniversitetet.nu\/lageeb\/filmer-och-serier\/podcasts\/","title":{"rendered":"Podcasts"},"content":{"rendered":"<p><span style=\"font-weight: 400\">L\u00e4tt svenska med Oscar<\/span><\/p>\n<p><span style=\"font-weight: 400\">Livet p\u00e5 l\u00e4tt svenska<\/span><\/p>\n<p><span style=\"font-weight: 400\">Spr\u00e5kresan<\/span><\/p>\n<p><span style=\"font-weight: 400\">Simple Swedish Podcast<\/span><\/p>\n<p><span style=\"font-weight: 400\">Prata Flytande Svenka<\/span><\/p>\n<p><span style=\"font-weight: 400\">P3 Historia p\u00e5 ett l\u00e4ttare s\u00e4tt <\/span><\/p>\n<p><span style=\"font-weight: 400\">P3 Historia<\/span><\/p>\n<p><span style=\"font-weight: 400\">P3 Dokument\u00e4r<\/span><\/p>\n<p><span style=\"font-weight: 400\">P3 ID<\/span><\/p>\n","protected":false},"excerpt":{"rendered":"<p>L\u00e4tt svenska med Oscar Livet p\u00e5 l\u00e4tt svenska Spr\u00e5kresan Simple Swedish Podcast Prata Flytande Svenka P3 Historia p\u00e5 ett l\u00e4ttare s\u00e4tt P3 Historia P3 Dokument\u00e4r P3 ID<\/p>\n","protected":false},"author":975,"featured_media":0,"parent":36,"menu_order":0,"comment_status":"closed","ping_status":"closed","template":"","meta":{"footnotes":""},"class_list":["post-53","page","type-page","status-publish","hentry","post-preview"],"_links":{"self":[{"href":"https:\/\/blogg.folkuniversitetet.nu\/lageeb\/wp-json\/wp\/v2\/pages\/53","targetHints":{"allow":["GET"]}}],"collection":[{"href":"https:\/\/blogg.folkuniversitetet.nu\/lageeb\/wp-json\/wp\/v2\/pages"}],"about":[{"href":"https:\/\/blogg.folkuniversitetet.nu\/lageeb\/wp-json\/wp\/v2\/types\/page"}],"author":[{"embeddable":true,"href":"https:\/\/blogg.folkuniversitetet.nu\/lageeb\/wp-json\/wp\/v2\/users\/975"}],"replies":[{"embeddable":true,"href":"https:\/\/blogg.folkuniversitetet.nu\/lageeb\/wp-json\/wp\/v2\/comments?post=53"}],"version-history":[{"count":2,"href":"https:\/\/blogg.folkuniversitetet.nu\/lageeb\/wp-json\/wp\/v2\/pages\/53\/revisions"}],"predecessor-version":[{"id":84,"href":"https:\/\/blogg.folkuniversitetet.nu\/lageeb\/wp-json\/wp\/v2\/pages\/53\/revisions\/84"}],"up":[{"embeddable":true,"href":"https:\/\/blogg.folkuniversitetet.nu\/lageeb\/wp-json\/wp\/v2\/pages\/36"}],"wp:attachment":[{"href":"https:\/\/blogg.folkuniversitetet.nu\/lageeb\/wp-json\/wp\/v2\/media?parent=53"}],"curies":[{"name":"wp","href":"https:\/\/api.w.org\/{rel}","templated":true}]}}