{"id":50,"date":"2025-09-26T12:15:24","date_gmt":"2025-09-26T11:15:24","guid":{"rendered":"https:\/\/blogg.folkuniversitetet.nu\/lageeb\/?page_id=50"},"modified":"2025-09-26T12:54:07","modified_gmt":"2025-09-26T11:54:07","slug":"filmer-och-serier-2","status":"publish","type":"page","link":"https:\/\/blogg.folkuniversitetet.nu\/lageeb\/filmer-och-serier\/filmer-och-serier-2\/","title":{"rendered":"Filmer och serier"},"content":{"rendered":"<p><b>Svenska filmer<\/b><\/p>\n<p><span style=\"font-weight: 400\">Beck<\/span><\/p>\n<p><span style=\"font-weight: 400\">L\u00e5t den r\u00e4tta komma in\u00a0<\/span><\/p>\n<p><span style=\"font-weight: 400\">The Square<\/span><\/p>\n<p><span style=\"font-weight: 400\">Triangle of Sadness<\/span><\/p>\n<p><span style=\"font-weight: 400\">Tursit<\/span><\/p>\n<p><span style=\"font-weight: 400\">En man som heter Ove<\/span><\/p>\n<p><span style=\"font-weight: 400\">Tillsammans\u00a0<\/span><\/p>\n<p><span style=\"font-weight: 400\">Tillsammans 1999<\/span><\/p>\n<p><span style=\"font-weight: 400\">Hundra\u00e5ringen som klev ut ur f\u00f6nstret och f\u00f6rsvann<\/span><\/p>\n<p><span style=\"font-weight: 400\">Snabba Cash<\/span><\/p>\n<p><span style=\"font-weight: 400\">Vi \u00e4r b\u00e4st!<\/span><\/p>\n<p><span style=\"font-weight: 400\">Maria Larssons eviga \u00f6gonblick<\/span><\/p>\n<p><span style=\"font-weight: 400\">Ondskan<\/span><\/p>\n<p><span style=\"font-weight: 400\">Fucking \u00c5m\u00e5l<\/span><\/p>\n<p><span style=\"font-weight: 400\">Den sista resan<\/span><\/p>\n<p><span style=\"font-weight: 400\">Sameblod<\/span><\/p>\n<p><span style=\"font-weight: 400\">Unga Astrid<\/span><\/p>\n<p><span style=\"font-weight: 400\">Kopps<\/span><\/p>\n<p>\u00c5tertr\u00e4ffen<\/p>\n<p>&nbsp;<\/p>\n<p><b>Svenska serier<\/b><\/p>\n<p><span style=\"font-weight: 400\">V\u00e5r tid \u00e4r nu &#8211; (Viaplay)<\/span><\/p>\n<p><span style=\"font-weight: 400\">Fr\u00f6ken Frimans krig (SVTplay)<\/span><\/p>\n<p><span style=\"font-weight: 400\">K\u00e4rlek och Anarki (Netflix)<\/span><\/p>\n<p><span style=\"font-weight: 400\">Bron (SVTplay)<\/span><\/p>\n<p><span style=\"font-weight: 400\">Clark (Netflix)<\/span><\/p>\n<p><span style=\"font-weight: 400\">Snabba Cash (Netflix)<\/span><\/p>\n<p><span style=\"font-weight: 400\">Folk med \u00e5ngest (Netflix)<\/span><\/p>\n<p><span style=\"font-weight: 400\">Den osannolike m\u00f6rdaren (Netflix)<\/span><\/p>\n<p><span style=\"font-weight: 400\">Tunna bl\u00e5 linjen (SVTplay)<\/span><\/p>\n<p><span style=\"font-weight: 400\">Kalifat (SVTplay)<\/span><\/p>\n<p><span style=\"font-weight: 400\">Morden i Sandhamn (TV4play)<\/span><\/p>\n<p><span style=\"font-weight: 400\">Young Royals (Netflix)<\/span><\/p>\n<p><span style=\"font-weight: 400\">Bj\u00f6rnstad (HBO)<\/span><\/p>\n<p><span style=\"font-weight: 400\">Nattryttarna (TV4play)<\/span><\/p>\n<p><span style=\"font-weight: 400\">The Playlist (Netflix)<\/span><\/p>\n<p><span style=\"font-weight: 400\">Solsidan (TV4play)<\/span><\/p>\n<p><span style=\"font-weight: 400\">Bonusfamiljen (Netflix)<\/span><\/p>\n<p><span style=\"font-weight: 400\">\u00c4lska mig (SVTplay)<\/span><\/p>\n<p><span style=\"font-weight: 400\">Historie\u00e4tarna (YouTube)<\/span><\/p>\n<p>Halva Malm\u00f6 best\u00e5r av killar som dumpat mig (Netflix)<\/p>\n<p>Hinseh\u00e4xan (SVTplay)<\/p>\n<p>&nbsp;<\/p>\n<p><b>F\u00f6r barn<\/b><\/p>\n<p><span style=\"font-weight: 400\">Astrid Lindgren (Pippi L\u00e5ngstrump, Emil i L\u00f6nneberga, Ronja R\u00f6vardotter, Madicken, Karlsson p\u00e5 taket, Br\u00f6derna Lejonhj\u00e4rta, Barnen i Bullerbyn)<\/span><\/p>\n<p><span style=\"font-weight: 400\">Pettson och Findus (SVTplay)<\/span><\/p>\n<p><span style=\"font-weight: 400\">Mamma mu och Kr\u00e5kan<\/span><\/p>\n","protected":false},"excerpt":{"rendered":"<p>Svenska filmer Beck L\u00e5t den r\u00e4tta komma in\u00a0 The Square Triangle of Sadness Tursit En man som heter Ove Tillsammans\u00a0 Tillsammans 1999 Hundra\u00e5ringen som klev ut ur f\u00f6nstret och f\u00f6rsvann Snabba Cash Vi \u00e4r b\u00e4st! Maria Larssons eviga \u00f6gonblick Ondskan Fucking \u00c5m\u00e5l Den sista resan Sameblod Unga Astrid Kopps \u00c5tertr\u00e4ffen &nbsp; Svenska serier V\u00e5r tid [&hellip;]<\/p>\n","protected":false},"author":975,"featured_media":0,"parent":36,"menu_order":0,"comment_status":"closed","ping_status":"closed","template":"","meta":{"footnotes":""},"class_list":["post-50","page","type-page","status-publish","hentry","post-preview"],"_links":{"self":[{"href":"https:\/\/blogg.folkuniversitetet.nu\/lageeb\/wp-json\/wp\/v2\/pages\/50","targetHints":{"allow":["GET"]}}],"collection":[{"href":"https:\/\/blogg.folkuniversitetet.nu\/lageeb\/wp-json\/wp\/v2\/pages"}],"about":[{"href":"https:\/\/blogg.folkuniversitetet.nu\/lageeb\/wp-json\/wp\/v2\/types\/page"}],"author":[{"embeddable":true,"href":"https:\/\/blogg.folkuniversitetet.nu\/lageeb\/wp-json\/wp\/v2\/users\/975"}],"replies":[{"embeddable":true,"href":"https:\/\/blogg.folkuniversitetet.nu\/lageeb\/wp-json\/wp\/v2\/comments?post=50"}],"version-history":[{"count":4,"href":"https:\/\/blogg.folkuniversitetet.nu\/lageeb\/wp-json\/wp\/v2\/pages\/50\/revisions"}],"predecessor-version":[{"id":85,"href":"https:\/\/blogg.folkuniversitetet.nu\/lageeb\/wp-json\/wp\/v2\/pages\/50\/revisions\/85"}],"up":[{"embeddable":true,"href":"https:\/\/blogg.folkuniversitetet.nu\/lageeb\/wp-json\/wp\/v2\/pages\/36"}],"wp:attachment":[{"href":"https:\/\/blogg.folkuniversitetet.nu\/lageeb\/wp-json\/wp\/v2\/media?parent=50"}],"curies":[{"name":"wp","href":"https:\/\/api.w.org\/{rel}","templated":true}]}}