{"id":39,"date":"2025-09-26T09:23:39","date_gmt":"2025-09-26T08:23:39","guid":{"rendered":"https:\/\/blogg.folkuniversitetet.nu\/lageeb\/?page_id=39"},"modified":"2025-09-30T20:55:18","modified_gmt":"2025-09-30T19:55:18","slug":"grammatik","status":"publish","type":"page","link":"https:\/\/blogg.folkuniversitetet.nu\/lageeb\/filmer-och-serier\/grammatik\/","title":{"rendered":"Grammatik"},"content":{"rendered":"<p><a href=\"http:\/\/taipoint.org\/swedish-verbs\/\">H\u00e4r kan ni \u00f6va p\u00e5 att b\u00f6ja verb i olika tempus<\/a><\/p>\n","protected":false},"excerpt":{"rendered":"<p>H\u00e4r kan ni \u00f6va p\u00e5 att b\u00f6ja verb i olika tempus<\/p>\n","protected":false},"author":975,"featured_media":0,"parent":36,"menu_order":0,"comment_status":"closed","ping_status":"closed","template":"","meta":{"footnotes":""},"class_list":["post-39","page","type-page","status-publish","hentry","post-preview"],"_links":{"self":[{"href":"https:\/\/blogg.folkuniversitetet.nu\/lageeb\/wp-json\/wp\/v2\/pages\/39","targetHints":{"allow":["GET"]}}],"collection":[{"href":"https:\/\/blogg.folkuniversitetet.nu\/lageeb\/wp-json\/wp\/v2\/pages"}],"about":[{"href":"https:\/\/blogg.folkuniversitetet.nu\/lageeb\/wp-json\/wp\/v2\/types\/page"}],"author":[{"embeddable":true,"href":"https:\/\/blogg.folkuniversitetet.nu\/lageeb\/wp-json\/wp\/v2\/users\/975"}],"replies":[{"embeddable":true,"href":"https:\/\/blogg.folkuniversitetet.nu\/lageeb\/wp-json\/wp\/v2\/comments?post=39"}],"version-history":[{"count":3,"href":"https:\/\/blogg.folkuniversitetet.nu\/lageeb\/wp-json\/wp\/v2\/pages\/39\/revisions"}],"predecessor-version":[{"id":93,"href":"https:\/\/blogg.folkuniversitetet.nu\/lageeb\/wp-json\/wp\/v2\/pages\/39\/revisions\/93"}],"up":[{"embeddable":true,"href":"https:\/\/blogg.folkuniversitetet.nu\/lageeb\/wp-json\/wp\/v2\/pages\/36"}],"wp:attachment":[{"href":"https:\/\/blogg.folkuniversitetet.nu\/lageeb\/wp-json\/wp\/v2\/media?parent=39"}],"curies":[{"name":"wp","href":"https:\/\/api.w.org\/{rel}","templated":true}]}}