{"id":121,"date":"2025-11-01T13:29:22","date_gmt":"2025-11-01T12:29:22","guid":{"rendered":"https:\/\/blogg.folkuniversitetet.nu\/lageeb\/?page_id=121"},"modified":"2025-11-01T14:09:39","modified_gmt":"2025-11-01T13:09:39","slug":"svenska-a2-del-1-start-27-oktober-12-00","status":"publish","type":"page","link":"https:\/\/blogg.folkuniversitetet.nu\/lageeb\/svenska-a2-del-1-start-27-oktober-12-00\/","title":{"rendered":"Svenska A2 del 1 (start 27 oktober 12.00)"},"content":{"rendered":"<p><a href=\"http:\/\/blogg.folkuniversitetet.nu\/lageeb\/files\/2025\/11\/SVA2-1-L1.pdf\">SVA2-1 L1<\/a><\/p>\n<p><a href=\"https:\/\/www.sverigesradio.se\/artikel\/manga-saknar-en-nara-van\">M\u00e5nga saknar en n\u00e4ra v\u00e4n &#8211; Radio Sweden<\/a><\/p>\n<p><a href=\"http:\/\/blogg.folkuniversitetet.nu\/lageeb\/files\/2025\/11\/SVA2-1-L2.pdf\">SVA2-1 L2<\/a><\/p>\n<p><iframe loading=\"lazy\" title=\"Jag ocks\u00e5, inte jag heller (sfi)\" width=\"676\" height=\"380\" src=\"https:\/\/www.youtube.com\/embed\/xHpMk9eDH3U?feature=oembed\" frameborder=\"0\" allow=\"accelerometer; autoplay; clipboard-write; encrypted-media; gyroscope; picture-in-picture; web-share\" referrerpolicy=\"strict-origin-when-cross-origin\" allowfullscreen><\/iframe><\/p>\n<p><a href=\"http:\/\/blogg.folkuniversitetet.nu\/lageeb\/files\/2025\/11\/SVA2-1-L3.pdf\">SVA2-1 L3<\/a><\/p>\n<p><iframe loading=\"lazy\" title=\"\u00d6va konjunktioner (och,men,eller, f\u00f6r, s\u00e5, utan) SFI\" width=\"676\" height=\"380\" src=\"https:\/\/www.youtube.com\/embed\/7U98s1GAQvs?feature=oembed\" frameborder=\"0\" allow=\"accelerometer; autoplay; clipboard-write; encrypted-media; gyroscope; picture-in-picture; web-share\" referrerpolicy=\"strict-origin-when-cross-origin\" allowfullscreen><\/iframe><\/p>\n<p><iframe loading=\"lazy\" title=\"-or,  -ar eller -er, (regler f\u00f6r plural, substantiv) SFI\" width=\"676\" height=\"380\" src=\"https:\/\/www.youtube.com\/embed\/s9fye6kNHbE?feature=oembed\" frameborder=\"0\" allow=\"accelerometer; autoplay; clipboard-write; encrypted-media; gyroscope; picture-in-picture; web-share\" referrerpolicy=\"strict-origin-when-cross-origin\" allowfullscreen><\/iframe><\/p>\n","protected":false},"excerpt":{"rendered":"<p>SVA2-1 L1 M\u00e5nga saknar en n\u00e4ra v\u00e4n &#8211; Radio Sweden SVA2-1 L2 SVA2-1 L3<\/p>\n","protected":false},"author":975,"featured_media":0,"parent":0,"menu_order":0,"comment_status":"closed","ping_status":"closed","template":"","meta":{"footnotes":""},"class_list":["post-121","page","type-page","status-publish","hentry","post-preview"],"_links":{"self":[{"href":"https:\/\/blogg.folkuniversitetet.nu\/lageeb\/wp-json\/wp\/v2\/pages\/121","targetHints":{"allow":["GET"]}}],"collection":[{"href":"https:\/\/blogg.folkuniversitetet.nu\/lageeb\/wp-json\/wp\/v2\/pages"}],"about":[{"href":"https:\/\/blogg.folkuniversitetet.nu\/lageeb\/wp-json\/wp\/v2\/types\/page"}],"author":[{"embeddable":true,"href":"https:\/\/blogg.folkuniversitetet.nu\/lageeb\/wp-json\/wp\/v2\/users\/975"}],"replies":[{"embeddable":true,"href":"https:\/\/blogg.folkuniversitetet.nu\/lageeb\/wp-json\/wp\/v2\/comments?post=121"}],"version-history":[{"count":4,"href":"https:\/\/blogg.folkuniversitetet.nu\/lageeb\/wp-json\/wp\/v2\/pages\/121\/revisions"}],"predecessor-version":[{"id":134,"href":"https:\/\/blogg.folkuniversitetet.nu\/lageeb\/wp-json\/wp\/v2\/pages\/121\/revisions\/134"}],"wp:attachment":[{"href":"https:\/\/blogg.folkuniversitetet.nu\/lageeb\/wp-json\/wp\/v2\/media?parent=121"}],"curies":[{"name":"wp","href":"https:\/\/api.w.org\/{rel}","templated":true}]}}