{"id":18,"date":"2025-09-11T14:46:03","date_gmt":"2025-09-11T13:46:03","guid":{"rendered":"https:\/\/blogg.folkuniversitetet.nu\/khansa\/?page_id=18"},"modified":"2025-11-26T17:27:05","modified_gmt":"2025-11-26T16:27:05","slug":"ressources-liens","status":"publish","type":"page","link":"https:\/\/blogg.folkuniversitetet.nu\/khansa\/ressources-liens\/","title":{"rendered":"Ressources \/ Liens"},"content":{"rendered":"<blockquote><p><span style=\"color: #ff0000\"><strong>Conjugaison<\/strong><\/span><\/p>\n<ul>\n<li><strong>Pr\u00e9sent <\/strong><\/li>\n<\/ul>\n<p><a href=\"https:\/\/urplay.se\/serie\/217733-alors-grammaire?gad_source=1&amp;gad_campaignid=22921298839&amp;gbraid=0AAAAACL0KtcsxRLhBj38bXvqLrFjq-9KC&amp;gclid=EAIaIQobChMIptrEo-zQjwMVcAWiAx3mYgQJEAAYASAAEgJmGPD_BwE\"> les verbes du 1er groupe en -er<\/a><\/p>\n<ul>\n<li><strong>Pass\u00e9 compos\u00e9\u00a0<\/strong><\/li>\n<\/ul>\n<p><a href=\"https:\/\/urplay.se\/program\/217731-alors-grammaire-le-passe-compose?gad_source=1&amp;gad_campaignid=23103210652&amp;gbraid=0AAAAACL0KtdzCD83B2_bv407mN-lGK7qN&amp;gclid=CjwKCAjwup3HBhAAEiwA7euZukn6x7C8P0TYXAJjJMMWNo7zy-2VjFd_f-kqG-6Zn7h7KIYv0_M_nBoCr50QAvD_BwE\">Comment former le pass\u00e9 compos\u00e9 ?<\/a><\/p>\n<p><strong><span style=\"color: #ff0000\">Vocabulaire<\/span><\/strong><\/p>\n<p><a href=\"https:\/\/toutenfrancais.tv\/wp-content\/uploads\/2022\/06\/Comment-on-dit-vetements-vocabulaire.pdf\">vocabulaire : les v\u00eatements<\/a><\/p>\n<p><a href=\"https:\/\/www.espaceproffle.com\/vocabulaire-images\/epf-vocabulaire-legumes\">Vocabulaire les l\u00e9gumes<\/a><\/p>\n<p><strong><span style=\"color: #ff0000\">Musique <\/span><\/strong>:\u2019<\/p>\n<p><a href=\"https:\/\/open.spotify.com\/track\/4Rbfkw5zn19dkEBKy0oP5H?si=9nusDIq7QPaeX_GfYuuc-Q&amp;context=spotify%3Aalbum%3A0HuDE3XfOnoI068AEUaLmE\">Nuits d\u00b4\u00e9t\u00e9<\/a><\/p>\n<p><strong><span style=\"color: #ff0000\">Actualit\u00e9s<\/span><\/strong><\/p>\n<ul>\n<li><a href=\"https:\/\/urplay.se\/serie\/239761-nouvelles-en-francais-facile\">https:\/\/urplay.se\/serie\/239761-nouvelles-en-francais-facile<\/a><\/li>\n<li><a href=\"https:\/\/information.tv5monde.com\/\">https:\/\/information.tv5monde.com\/<\/a><\/li>\n<\/ul>\n<\/blockquote>\n<p>&nbsp;<\/p>\n","protected":false},"excerpt":{"rendered":"<p>Conjugaison Pr\u00e9sent les verbes du 1er groupe en -er Pass\u00e9 compos\u00e9\u00a0 Comment former le pass\u00e9 compos\u00e9 ? Vocabulaire vocabulaire : les v\u00eatements Vocabulaire les l\u00e9gumes Musique :\u2019 Nuits d\u00b4\u00e9t\u00e9 Actualit\u00e9s https:\/\/urplay.se\/serie\/239761-nouvelles-en-francais-facile https:\/\/information.tv5monde.com\/ &nbsp;<\/p>\n","protected":false},"author":969,"featured_media":0,"parent":0,"menu_order":0,"comment_status":"closed","ping_status":"closed","template":"","meta":{"footnotes":""},"class_list":["post-18","page","type-page","status-publish","hentry","post-preview"],"_links":{"self":[{"href":"https:\/\/blogg.folkuniversitetet.nu\/khansa\/wp-json\/wp\/v2\/pages\/18","targetHints":{"allow":["GET"]}}],"collection":[{"href":"https:\/\/blogg.folkuniversitetet.nu\/khansa\/wp-json\/wp\/v2\/pages"}],"about":[{"href":"https:\/\/blogg.folkuniversitetet.nu\/khansa\/wp-json\/wp\/v2\/types\/page"}],"author":[{"embeddable":true,"href":"https:\/\/blogg.folkuniversitetet.nu\/khansa\/wp-json\/wp\/v2\/users\/969"}],"replies":[{"embeddable":true,"href":"https:\/\/blogg.folkuniversitetet.nu\/khansa\/wp-json\/wp\/v2\/comments?post=18"}],"version-history":[{"count":9,"href":"https:\/\/blogg.folkuniversitetet.nu\/khansa\/wp-json\/wp\/v2\/pages\/18\/revisions"}],"predecessor-version":[{"id":97,"href":"https:\/\/blogg.folkuniversitetet.nu\/khansa\/wp-json\/wp\/v2\/pages\/18\/revisions\/97"}],"wp:attachment":[{"href":"https:\/\/blogg.folkuniversitetet.nu\/khansa\/wp-json\/wp\/v2\/media?parent=18"}],"curies":[{"name":"wp","href":"https:\/\/api.w.org\/{rel}","templated":true}]}}