{"id":127,"date":"2026-02-04T23:46:17","date_gmt":"2026-02-04T22:46:17","guid":{"rendered":"https:\/\/blogg.folkuniversitetet.nu\/khansa\/?page_id=127"},"modified":"2026-04-16T12:54:34","modified_gmt":"2026-04-16T11:54:34","slug":"franska-a1-del-2-start-mercredi-11-fevrier","status":"publish","type":"page","link":"https:\/\/blogg.folkuniversitetet.nu\/khansa\/franska-a1-del-2-start-mercredi-11-fevrier\/","title":{"rendered":"Franska A1 del 2 Start mercredi 11 f\u00e9vrier"},"content":{"rendered":"<h3><\/h3>\n<blockquote>\n<h3><span style=\"color: #ff00ff\">Mercredi 15 avril : cours 5<\/span><\/h3>\n<p><strong><span style=\"color: #ff0000\">Devoirs :\u00a0<\/span><\/strong><\/p>\n<p><strong><span style=\"color: #ff0000\">&#8211; Manuel p 62, p 64 ( phonie-graphie)<\/span><\/strong><\/p>\n<p><strong><span style=\"color: #ff0000\">&#8211; Srivproduktion : vous pr\u00e9sentez votre ville et votre quartier ( 5 phrases minimum)<\/span><\/strong><\/p>\n<p><strong><span style=\"color: #ff0000\">&#8211; Cahier d\u00b4activit\u00e9s p 43, p 44<\/span><\/strong><\/p>\n<p><a href=\"https:\/\/youtu.be\/CQxU0XdYb70?si=nkjC3So5CqNjOkaQ\">La fr\u00e9quence <\/a><\/p>\n<h3><\/h3>\n<\/blockquote>\n<h3><span style=\"color: #ff0000\">Ingen franska den 8 avril!!!!<\/span><\/h3>\n<p><em><span style=\"color: #800080\"><strong>Joyeuses P\u00e2ques<\/strong> !!!! Glad P\u00e5sk!!!<\/span><\/em><\/p>\n<p><strong><span style=\"color: #000000\">Vi ses igen 15 April !!!<\/span><\/strong><\/p>\n<blockquote>\n<h3><strong><span style=\"color: #ff00ff\">Mercredi 1 avril : cours 5<\/span><\/strong><\/h3>\n<p><span style=\"color: #ff0000\"><strong>Devoirs :<\/strong><\/span><\/p>\n<p><span style=\"color: #ff0000\"><strong>&#8211; Manuel p 58 et p 60<\/strong><\/span><\/p>\n<p><span style=\"color: #ff0000\"><strong>&#8211; Cahier d\u00b4activit\u00e9s p 40 et p 41<\/strong><\/span><\/p>\n<p><a href=\"https:\/\/youtu.be\/HEcXPuM2JcM?si=T1D3fUTXIEAesVqJ\"><strong>La liaison<\/strong><\/a><\/p><\/blockquote>\n<p>&nbsp;<\/p>\n<p>&nbsp;<\/p>\n<blockquote>\n<h3><strong><span style=\"color: #ff00ff\">Mercredi 25 mars : Cours 4<\/span><\/strong><\/h3>\n<p><strong><span style=\"color: #ff0000\">Devoirs :<\/span><\/strong><\/p>\n<p><strong><span style=\"color: #ff0000\">&#8211; Manuel p54<\/span><\/strong><\/p>\n<p><strong><span style=\"color: #ff0000\">&#8211; Cahier d\u00b4activit\u00e9s p 38 et p 39<\/span><\/strong><\/p>\n<p><strong><span style=\"color: #ff0000\">&#8211; Production \u00e9crite : \u00a0vous organisez un anniversaire, vous \u00e9crivez la liste de vos id\u00e9es d\u00b4entr\u00e9es, de plats et de desserts.<\/span><\/strong><\/p>\n<p><a href=\"http:\/\/blogg.folkuniversitetet.nu\/khansa\/files\/2026\/03\/exercice-verbes-du-2eme-groupe.pdf\">exercice verbes du 2\u00e8me groupe<\/a><\/p><\/blockquote>\n<h3><\/h3>\n<h3><\/h3>\n<blockquote>\n<h3 style=\"text-align: left\"><span style=\"color: #ff00ff\"><strong>Mercredi 11 mars : cours 3<\/strong><\/span><\/h3>\n<p style=\"text-align: left\"><strong><span style=\"color: #ff0000\">Devoirs pour la semaine prochaine:<\/span><\/strong><\/p>\n<p style=\"text-align: left\"><strong><span style=\"color: #ff0000\">&#8211; Cahier d\u00b4activit\u00e9s p 36 et p 37<\/span><\/strong><\/p>\n<p style=\"text-align: left\"><strong><span style=\"color: #ff0000\">&#8211; Manuel p 51 et p 52<\/span><\/strong><\/p>\n<p style=\"text-align: left\"><strong><span style=\"color: #ff0000\">&#8211; Vous pr\u00e9sentez votre plat pr\u00e9f\u00e9re ( avec la liste des ingr\u00e9dients )<\/span><\/strong><\/p>\n<p style=\"text-align: left\"><a href=\"https:\/\/urplay.se\/program\/215022-uttala-utan-skam-franska-bind-ihop-franskan\">&#8211; La liaison<\/a><\/p>\n<p style=\"text-align: left\"><a href=\"https:\/\/urplay.se\/program\/196335-alors-parle-les-chiffres\">&#8211; Les chiffres<\/a><\/p>\n<p style=\"text-align: left\"><span style=\"color: #339966\">&#8211; Verbes du 2\u00e8me groupe \u00a0<\/span>: &#8211;<span style=\"color: #0000ff\">ir\u00a0<\/span><\/p>\n<p style=\"text-align: left\">ex : fin<span style=\"color: #0000ff\">ir<\/span><\/p>\n<div style=\"text-align: left\" data-breakout=\"normal\">\n<p id=\"viewer-6foqk\" class=\"dEt5S sjVPj J7otF nEzPS\" dir=\"auto\"><span class=\"Q-E3F\"><em>je fin<\/em><span style=\"color: #0000ff\"><strong><em>is<\/em><\/strong><\/span><\/span><\/p>\n<\/div>\n<div style=\"text-align: left\" data-breakout=\"normal\">\n<p id=\"viewer-nwscr266218\" class=\"dEt5S sjVPj J7otF nEzPS\" dir=\"auto\"><span class=\"Q-E3F\"><em>tu fin<\/em><span style=\"color: #0000ff\"><strong><em>is<\/em><\/strong><\/span><\/span><\/p>\n<\/div>\n<div style=\"text-align: left\" data-breakout=\"normal\">\n<p id=\"viewer-aaj43266221\" class=\"dEt5S sjVPj J7otF nEzPS\" dir=\"auto\"><span class=\"Q-E3F\"><em>il\/elle\/on fin<\/em><span style=\"color: #0000ff\"><strong><em>it<\/em><\/strong><\/span><\/span><\/p>\n<\/div>\n<div style=\"text-align: left\" data-breakout=\"normal\">\n<p id=\"viewer-hlvcf266224\" class=\"dEt5S sjVPj J7otF nEzPS\" dir=\"auto\"><span class=\"Q-E3F\"><em>nous fin<\/em><span style=\"color: #0000ff\"><strong><em>issons<\/em><\/strong><\/span><\/span><\/p>\n<\/div>\n<div style=\"text-align: left\" data-breakout=\"normal\">\n<p id=\"viewer-r9gcu266227\" class=\"dEt5S sjVPj J7otF nEzPS\" dir=\"auto\"><span class=\"Q-E3F\"><em>vous fin<\/em><span style=\"color: #0000ff\"><strong><em>issez<\/em><\/strong><\/span><\/span><\/p>\n<\/div>\n<\/blockquote>\n<div style=\"text-align: left\" data-breakout=\"normal\">\n<blockquote>\n<p id=\"viewer-0v95n266230\" class=\"dEt5S sjVPj J7otF nEzPS\" dir=\"auto\"><span class=\"Q-E3F\"><em>ils\/elles fin<\/em><span style=\"color: #0000ff\"><strong><em>issent<\/em><\/strong><\/span><\/span><\/p>\n<\/blockquote>\n<\/div>\n<blockquote>\n<h3><strong><span style=\"color: #ff00ff\">Mercredi 4 mars : cours 2<\/span><\/strong><\/h3>\n<p><strong><span style=\"color: #ff0000\">Devoirs pour la semaine prochaine :<\/span><\/strong><\/p>\n<p><strong><span style=\"color: #ff0000\">&#8211; Vous \u00e9crivez o\u00f9 vous faites vos courses et quels produits vous achetez.<\/span><\/strong><\/p>\n<p><strong><span style=\"color: #ff0000\">&#8211; Cahier d\u00b4activit\u00e9s p 32 et p 34<\/span><\/strong><\/p>\n<p><strong><span style=\"color: #ff0000\">&#8211; Manuel p 48 et p 50<\/span><\/strong><\/p>\n<p>&nbsp;<\/p><\/blockquote>\n<p>&nbsp;<\/p>\n<p>&nbsp;<\/p>\n<blockquote>\n<h3><strong><span style=\"color: #ff00ff\">Mercredi 18 f\u00e9vrier : cours 1<\/span><\/strong><\/h3>\n<p><strong><span style=\"color: #ff0000\">Devoirs pour la prochaine fois ( 4 mars) :<\/span><\/strong><\/p>\n<p><strong><span style=\"color: #ff0000\">&#8211; Vous organisez un pique-nique. \u00c9crivez un mail \u00e0 vos ami (e)s pour dire qui ach\u00e8te quoi ( 30 \u00e0 40 mots )<\/span><\/strong><\/p>\n<p><strong><span style=\"color: #ff0000\">&#8211; Revoir le vocabulaire p 49 dans le manuel<\/span><\/strong><\/p>\n<p><strong><span style=\"color: #ff0000\">&#8211; Savoir conjuguer le verbe acheter et payer ( p 46 et p 47 dans le manuel )<\/span><\/strong><\/p>\n<p><strong><span style=\"color: #ff0000\">&#8211; Cahier d\u00b4activit\u00e9s p 31 et p 33.<\/span><\/strong><\/p>\n<ul>\n<li><a href=\"https:\/\/urplay.se\/program\/217732-alors-grammaire-les-verbes-en-er\">Les verbes du 1er groupe (-er)<\/a><\/li>\n<li><a href=\"https:\/\/apprendre.tv5monde.com\/fr\/aides\/prononciation-la-consonne-finale-souvent-non-prononcee-0\">Prononciation<\/a><\/li>\n<li>\n<h3><span style=\"color: #0000ff\"><strong>\u00a0Le singulier et le pluriel des noms ( p 47 manuel)<\/strong><\/span><\/h3>\n<\/li>\n<\/ul>\n<table cellspacing=\"0\" cellpadding=\"0\">\n<tbody>\n<tr>\n<td valign=\"top\"><\/td>\n<td valign=\"top\"><strong><span style=\"color: #993366\">Singulier<\/span><\/strong><\/td>\n<td valign=\"top\"><strong><span style=\"color: #993366\">Pluriel<\/span><\/strong><\/td>\n<\/tr>\n<tr>\n<td valign=\"top\"><span style=\"color: #993366\"><strong>Masculin<\/strong><\/span><\/td>\n<td valign=\"top\"><span style=\"color: #0000ff\">Un <\/span>panier<\/td>\n<td valign=\"top\"><span style=\"color: #0000ff\">Des<\/span> panier<span style=\"color: #0000ff\">s<\/span><\/td>\n<\/tr>\n<tr>\n<td valign=\"top\"><span style=\"color: #993366\"><strong>F\u00e9minin<\/strong><\/span><\/td>\n<td valign=\"top\"><span style=\"color: #0000ff\">Une<\/span> bouteille<\/td>\n<td valign=\"top\"><span style=\"color: #0000ff\">Des<\/span> bouteille<span style=\"color: #0000ff\">s<\/span><\/td>\n<\/tr>\n<\/tbody>\n<\/table>\n<\/blockquote>\n<p>&nbsp;<\/p>\n<p>&nbsp;<\/p>\n","protected":false},"excerpt":{"rendered":"<p>Mercredi 15 avril : cours 5 Devoirs :\u00a0 &#8211; Manuel p 62, p 64 ( phonie-graphie) &#8211; Srivproduktion : vous pr\u00e9sentez votre ville et votre quartier ( 5 phrases minimum) &#8211; Cahier d\u00b4activit\u00e9s p 43, p 44 La fr\u00e9quence Ingen franska den 8 avril!!!! Joyeuses P\u00e2ques !!!! Glad P\u00e5sk!!! Vi ses igen 15 April !!! [&hellip;]<\/p>\n","protected":false},"author":969,"featured_media":0,"parent":0,"menu_order":0,"comment_status":"closed","ping_status":"closed","template":"","meta":{"footnotes":""},"class_list":["post-127","page","type-page","status-publish","hentry","post-preview"],"_links":{"self":[{"href":"https:\/\/blogg.folkuniversitetet.nu\/khansa\/wp-json\/wp\/v2\/pages\/127","targetHints":{"allow":["GET"]}}],"collection":[{"href":"https:\/\/blogg.folkuniversitetet.nu\/khansa\/wp-json\/wp\/v2\/pages"}],"about":[{"href":"https:\/\/blogg.folkuniversitetet.nu\/khansa\/wp-json\/wp\/v2\/types\/page"}],"author":[{"embeddable":true,"href":"https:\/\/blogg.folkuniversitetet.nu\/khansa\/wp-json\/wp\/v2\/users\/969"}],"replies":[{"embeddable":true,"href":"https:\/\/blogg.folkuniversitetet.nu\/khansa\/wp-json\/wp\/v2\/comments?post=127"}],"version-history":[{"count":10,"href":"https:\/\/blogg.folkuniversitetet.nu\/khansa\/wp-json\/wp\/v2\/pages\/127\/revisions"}],"predecessor-version":[{"id":173,"href":"https:\/\/blogg.folkuniversitetet.nu\/khansa\/wp-json\/wp\/v2\/pages\/127\/revisions\/173"}],"wp:attachment":[{"href":"https:\/\/blogg.folkuniversitetet.nu\/khansa\/wp-json\/wp\/v2\/media?parent=127"}],"curies":[{"name":"wp","href":"https:\/\/api.w.org\/{rel}","templated":true}]}}