{"id":123,"date":"2026-02-04T23:26:10","date_gmt":"2026-02-04T22:26:10","guid":{"rendered":"https:\/\/blogg.folkuniversitetet.nu\/khansa\/?page_id=123"},"modified":"2026-04-16T12:59:16","modified_gmt":"2026-04-16T11:59:16","slug":"franska-a1-del-3-start-mardi-3-fevrier","status":"publish","type":"page","link":"https:\/\/blogg.folkuniversitetet.nu\/khansa\/franska-a1-del-3-start-mardi-3-fevrier\/","title":{"rendered":"Franska A1 del 3 start mardi 3 f\u00e9vrier"},"content":{"rendered":"<h3><\/h3>\n<blockquote>\n<h3><span style=\"color: #ff00ff\">Mardi 14 avril : cours 7<\/span><\/h3>\n<p><span style=\"color: #ff0000\"><strong>Devoirs :<\/strong><\/span><\/p>\n<p><span style=\"color: #ff0000\"><strong>&#8211; Manuel p 84, p 86<\/strong><\/span><\/p>\n<p><span style=\"color: #ff0000\"><strong>-Skrivproduktion : vous d\u00e9crivez 2 objets du quotidien ( 5 phrases minimum)<\/strong><\/span><\/p>\n<p><span style=\"color: #ff0000\"><strong>&#8211; Revoir le vocabulaire vu en classe.<\/strong><\/span><\/p>\n<h3><\/h3>\n<h3><span style=\"color: #ff00ff\">Mardi 31 mars : cours 6<\/span><\/h3>\n<p><strong><span style=\"color: #ff0000\">Devoirs :<\/span><\/strong><\/p>\n<p><strong><span style=\"color: #ff0000\">&#8211; Cahier d\u00b4activit\u00e9s p 61 jusqu\u2019\u00e0 la p 65 ( Bilan linguistique et Delf)<\/span><\/strong><\/p>\n<p><strong><span style=\"color: #ff0000\">&#8211; Manuel p 81 et p 82<\/span><\/strong><\/p>\n<h3><span style=\"color: #000000\"><strong>Pas de cours mardi 7 avril!!!<\/strong><\/span><\/h3>\n<p>&nbsp;<\/p><\/blockquote>\n<p>&nbsp;<\/p>\n<p>&nbsp;<\/p>\n<blockquote>\n<h3><strong><span style=\"color: #ff00ff\">Mardi 24 mars : cours 5<\/span><\/strong><\/h3>\n<p><strong><span style=\"color: #ff0000\">Devoirs :<\/span><\/strong><\/p>\n<p><strong><span style=\"color: #ff0000\">&#8211; Manuel p 80<\/span><\/strong><\/p>\n<p><strong><span style=\"color: #ff0000\">&#8211; Cahier d\u00b4activit\u00e9s p 60<\/span><\/strong><\/p>\n<p><strong><span style=\"color: #ff0000\">-D\u00e9crire un objet du quotidien : forme, poids, taille, couleur\u2026. (5 phrases)<\/span><\/strong><\/p>\n<p>&nbsp;<\/p><\/blockquote>\n<p>&nbsp;<\/p>\n<p>&nbsp;<\/p>\n<blockquote>\n<h3 style=\"text-align: left\"><span style=\"color: #ff00ff\"><strong>Mardi 10 mars : cours 4<\/strong><\/span><\/h3>\n<p style=\"text-align: left\"><strong>\u00a0<span style=\"color: #ff0000\">Devoirs :<\/span><\/strong><\/p>\n<p style=\"text-align: left\"><span style=\"color: #ff0000\"><strong>&#8211; Manuel p79<\/strong><\/span><\/p>\n<p style=\"text-align: left\"><span style=\"color: #ff0000\"><strong>&#8211; Cahier d\u00b4activit\u00e9s p 59<\/strong><\/span><\/p>\n<p style=\"text-align: left\"><span style=\"color: #ff0000\"><strong>&#8211; \u00c9crire 10 phrases : vous d\u00e9crivez le look d\u00b4une personne c\u00e9l\u00e8bre.<\/strong><\/span><\/p>\n<p>&nbsp;<\/p><\/blockquote>\n<p>&nbsp;<\/p>\n<p>&nbsp;<\/p>\n<blockquote>\n<h3><span style=\"color: #ff00ff\"><strong>Mardi 3 mars : cours de fran\u00e7ais 3<\/strong><\/span><\/h3>\n<p><strong><span style=\"color: #ff0000\">Devoirs pour la semaine prochaine :<\/span><\/strong><\/p>\n<p><strong><span style=\"color: #ff0000\">&#8211; Manuel p 76<\/span><\/strong><\/p>\n<p><strong><span style=\"color: #ff0000\">&#8211; Cahier d\u00b4activit\u00e9s p 56<\/span><\/strong><\/p>\n<p><strong><span style=\"color: #ff0000\">&#8211; \u00c9crire environ 5 \u00e0 10 phrases : vous pr\u00e9sentez les v\u00eatements, accessoires que portent votre ami (e).<\/span><\/strong><\/p>\n<p>&nbsp;<\/p>\n<p><a href=\"https:\/\/www.youtube.com\/shorts\/5qScUkGk2vo\">La place des adjectifs<\/a><\/p>\n<p><a href=\"https:\/\/youtube.com\/shorts\/4b1KY_x0qRE?si=XnP2mOoeSHLs1SvJ\">Nouveau, beau, vieux <\/a><\/p><\/blockquote>\n<h3><\/h3>\n<blockquote>\n<h3><strong><span style=\"color: #ff00ff\">Mardi 17 f\u00e9vrier : cours de fran\u00e7ais 2<\/span><\/strong><\/h3>\n<p><strong><span style=\"color: #ff0000\">Devoirs pour la prochaine fois :<\/span><\/strong><\/p>\n<p><strong><span style=\"color: #ff0000\">&#8211; Cahier d\u00b4activit\u00e9s p 58<\/span><\/strong><\/p>\n<p><strong><span style=\"color: #ff0000\">&#8211; Manuel p 78<\/span><\/strong><\/p>\n<p><strong><span style=\"color: #ff0000\">&#8211; Revoir le vocabulaire ( les v\u00eatements, les accessoires, la m\u00e9t\u00e9o ) p77<\/span><\/strong><\/p>\n<p><strong><span style=\"color: #ff0000\">&#8211; \u00c9crire 5 phrases : vous d\u00e9crivez ce que vous portez comme v\u00eatements, accessoires \u2026..<\/span><\/strong><\/p>\n<p><a href=\"https:\/\/urplay.se\/program\/196335-alors-parle-les-chiffres\">Les chiffres<\/a><\/p>\n<p><a href=\"https:\/\/urplay.se\/program\/196340-alors-parle-les-vetements\">Les v\u00eatements<\/a><\/p>\n<p><a href=\"https:\/\/youtu.be\/HEcXPuM2JcM?si=m78TiBgXK-66xjEb\">La liaison en fran\u00e7ais<\/a>\u00a0<a href=\"https:\/\/urplay.se\/program\/215022-uttala-utan-skam-franska-bind-ihop-franskan\">Prononciation<\/a><\/p>\n<h3><\/h3>\n<h3><span style=\"color: #ff00ff\">Mardi 3 f\u00e9vrier : cours de fran\u00e7ais 1<\/span><\/h3>\n<p><strong>-Introduction au cours A1 del 3<\/strong><\/p>\n<p><strong>&#8211; Activit\u00e9s brise-glace<\/strong><\/p>\n<p><strong>&#8211; \u00c9valuation\u00a0<\/strong><\/p><\/blockquote>\n","protected":false},"excerpt":{"rendered":"<p>Mardi 14 avril : cours 7 Devoirs : &#8211; Manuel p 84, p 86 -Skrivproduktion : vous d\u00e9crivez 2 objets du quotidien ( 5 phrases minimum) &#8211; Revoir le vocabulaire vu en classe. Mardi 31 mars : cours 6 Devoirs : &#8211; Cahier d\u00b4activit\u00e9s p 61 jusqu\u2019\u00e0 la p 65 ( Bilan linguistique et Delf) [&hellip;]<\/p>\n","protected":false},"author":969,"featured_media":0,"parent":0,"menu_order":0,"comment_status":"closed","ping_status":"closed","template":"","meta":{"footnotes":""},"class_list":["post-123","page","type-page","status-publish","hentry","post-preview"],"_links":{"self":[{"href":"https:\/\/blogg.folkuniversitetet.nu\/khansa\/wp-json\/wp\/v2\/pages\/123","targetHints":{"allow":["GET"]}}],"collection":[{"href":"https:\/\/blogg.folkuniversitetet.nu\/khansa\/wp-json\/wp\/v2\/pages"}],"about":[{"href":"https:\/\/blogg.folkuniversitetet.nu\/khansa\/wp-json\/wp\/v2\/types\/page"}],"author":[{"embeddable":true,"href":"https:\/\/blogg.folkuniversitetet.nu\/khansa\/wp-json\/wp\/v2\/users\/969"}],"replies":[{"embeddable":true,"href":"https:\/\/blogg.folkuniversitetet.nu\/khansa\/wp-json\/wp\/v2\/comments?post=123"}],"version-history":[{"count":11,"href":"https:\/\/blogg.folkuniversitetet.nu\/khansa\/wp-json\/wp\/v2\/pages\/123\/revisions"}],"predecessor-version":[{"id":174,"href":"https:\/\/blogg.folkuniversitetet.nu\/khansa\/wp-json\/wp\/v2\/pages\/123\/revisions\/174"}],"wp:attachment":[{"href":"https:\/\/blogg.folkuniversitetet.nu\/khansa\/wp-json\/wp\/v2\/media?parent=123"}],"curies":[{"name":"wp","href":"https:\/\/api.w.org\/{rel}","templated":true}]}}