{"id":118,"date":"2026-02-02T19:41:04","date_gmt":"2026-02-02T18:41:04","guid":{"rendered":"https:\/\/blogg.folkuniversitetet.nu\/khansa\/?page_id=118"},"modified":"2026-04-14T13:37:55","modified_gmt":"2026-04-14T12:37:55","slug":"franska-a1-del-4-start-lundi-2-fevrier","status":"publish","type":"page","link":"https:\/\/blogg.folkuniversitetet.nu\/khansa\/franska-a1-del-4-start-lundi-2-fevrier\/","title":{"rendered":"Franska A1 del 4 start lundi 2 f\u00e9vrier"},"content":{"rendered":"<blockquote>\n<h3><span style=\"color: #ff00ff\">Lundi 13 avril : cours 8<\/span><\/h3>\n<p><strong><span style=\"color: #ff0000\">Devoirs :<\/span><\/strong><\/p>\n<p><strong><span style=\"color: #ff0000\">&#8211; Manuel p116 relire ( Forum Sant\u00e9) et revoir le vocabulaire p119<\/span><\/strong><\/p>\n<p><strong><span style=\"color: #ff0000\">&#8211; Cahier d\u00b4activit\u00e9s \u00a0p91<\/span><\/strong><\/p>\n<p><strong><span style=\"color: #ff0000\">&#8211; Production \u00e9crite : votre ami (e) a des probl\u00e8mes de sant\u00e9 et vous lui proposez des solutions ( 5-10 phrases)<\/span><\/strong><\/p>\n<p>Voici le corrig\u00e9 du document \u00e9tudi\u00e9 en classe :\u00a0<a href=\"http:\/\/blogg.folkuniversitetet.nu\/khansa\/files\/2026\/04\/Forum-Sante-corrige.pdf\">Forum Sant\u00e9 <\/a><\/p>\n<h3><\/h3>\n<h3><em><span style=\"color: #008080\">Joyeuses f\u00eates de P\u00e2ques !!!!<\/span><\/em>\ud83d\udc23<\/h3>\n<p><span style=\"color: #008080\"><strong>Vi ses igen den 13 avril.<\/strong><\/span><\/p>\n<h3><strong><span style=\"color: #ff00ff\">Lundi 30 mars : cours 7<\/span><\/strong><\/h3>\n<p><strong><span style=\"color: #ff0000\">Devoirs :<\/span><\/strong><\/p>\n<p><strong><span style=\"color: #ff0000\">&#8211; cahier d\u00b4activit\u00e9s p 86 et p 87<\/span><\/strong><\/p>\n<p><strong><span style=\"color: #ff0000\">&#8211; manuel p 110<\/span><\/strong><\/p>\n<p><strong><span style=\"color: #ff0000\">&#8211; Production \u00e9crite (10 phrases): d\u00e9crire un probl\u00e8me \u00e0 la maison ( panne, fuite d\u2019eau etc\u2026)\u00a0<\/span><\/strong><\/p>\n<h3>Pas de cours lundi 6 avril!!!!<\/h3>\n<h3><\/h3>\n<h3><\/h3>\n<h3><span style=\"color: #ff00ff\">Lundi 23 mars : cours 6<\/span><\/h3>\n<p><strong><span style=\"color: #ff0000\">Devoirs pour la semaine prochaine :\u00a0<\/span><\/strong><\/p>\n<ul>\n<li><strong><span style=\"color: #ff0000\">R\u00e9viser l\u2019unit\u00e9 7 : le vocabulaire, les points de grammaire : vous aurez une \u00e9valuation ( test).<\/span><\/strong><\/li>\n<li><strong><span style=\"color: #ff0000\">Revoir :<\/span><\/strong><\/li>\n<\/ul>\n<p><strong><span style=\"color: #ff0000\">&#8211; Le pass\u00e9 compos\u00e9\u00a0<\/span><\/strong><\/p>\n<p><strong><span style=\"color: #ff0000\">&#8211; Les pr\u00e9positions \u00a0de lieu\u00a0<\/span><\/strong><\/p>\n<p><strong><span style=\"color: #ff0000\">&#8211; L\u00b4obligation et l\u00b4interdiction<\/span><\/strong><\/p>\n<p><strong><span style=\"color: #ff0000\">&#8211; Les pronoms COD<\/span><\/strong><\/p>\n<p><strong><span style=\"color: #ff0000\">&#8211; Le vocabulaire : le logement, l\u00b4\u00e9quipement, l\u00b4 immeuble, les r\u00e9parations.<\/span><\/strong><\/p>\n<p>&nbsp;<\/p>\n<p>&nbsp;<\/p>\n<h3><\/h3>\n<h3><span style=\"color: #ff00ff\"><br \/>\nLundi 16 mars : cours 5<\/span><\/h3>\n<p><strong><span style=\"color: #ff0000\">Devoirs :<\/span><\/strong><\/p>\n<p><strong><span style=\"color: #ff0000\">&#8211; Revoir le vocabulaire p111 (manuel )<\/span><\/strong><\/p>\n<p><strong><span style=\"color: #ff0000\">&#8211; Manuel p 109 . Vous organisez une f\u00eate. Vous \u00e9crivez un mot pour informer vos voisins. Vous vous excusez pour le bruit.<\/span><\/strong><\/p>\n<p><strong><span style=\"color: #ff0000\">&#8211; Cahier d\u00b4activit\u00e9s p84<\/span><\/strong><\/p>\n<p><strong><span style=\"color: #ff0000\">&#8211; Prononciation: manuel p 106 et p 112 : <span style=\"color: #0000ff\">phonographie<\/span> (\u00e9coutez et r\u00e9p\u00e9tez les mots \/ phrases )<\/span><\/strong><\/p>\n<p><a href=\"https:\/\/apprendre.tv5monde.com\/fr\/aides\/prononciation-comment-bien-prononcer-et-im\">Comment bien prononcer in, im?<\/a><\/p>\n<p>&nbsp;<\/p><\/blockquote>\n<p>&nbsp;<\/p>\n<h3><\/h3>\n<blockquote>\n<h3><span style=\"color: #ff00ff\"><strong>Lundi 9 mars : cours 4<\/strong><\/span><\/h3>\n<p><span style=\"color: #ff0000\"><strong>Devoirs pour la semaine prochaine :<\/strong><\/span><\/p>\n<p><span style=\"color: #ff0000\"><strong>&#8211; \u00c9crivez le r\u00e8glement de votre classe ( interdictions, obligations, demandes )<\/strong><\/span><\/p>\n<p><span style=\"color: #ff0000\"><strong>&#8211; Cahier d\u00b4activit\u00e9s p 83<\/strong><\/span><\/p>\n<p><span style=\"color: #ff0000\"><strong>&#8211; Manuel p 110\u00a0<\/strong><\/span><\/p>\n<p>&nbsp;<\/p>\n<h3><strong><span style=\"color: #ff00ff\">Lundi 2 mars : cours 3<\/span><\/strong><\/h3>\n<p><strong><span style=\"color: #ff0000\">Devoirs pour la semaine prochaine :<\/span><\/strong><\/p>\n<p><strong><span style=\"color: #ff0000\">&#8211; \u00c9crire une dizaine de phrases : vous pr\u00e9sentez votre maison de vacances ( \u00a0utilisez les pr\u00e9positions de lieu, le vocabulaire du logement, de l\u00b4\u00e9quipement)<\/span><\/strong><\/p>\n<p><strong><span style=\"color: #ff0000\">&#8211; Cahier d\u00b4activit\u00e9s p 82<\/span><\/strong><\/p>\n<p><strong><span style=\"color: #ff0000\">&#8211; Manuel p 108<\/span><\/strong><\/p><\/blockquote>\n<p>&nbsp;<\/p>\n<h3><\/h3>\n<blockquote>\n<h3><strong><span style=\"color: #ff00ff\">Lundi 16 f\u00e9vrier : cours 2\u00a0<\/span><\/strong><\/h3>\n<p><strong><span style=\"color: #ff0000\">Devoirs pour la prochaine fois :<\/span><\/strong><\/p>\n<p><strong><span style=\"color: #ff0000\">&#8211; \u00c9crire environ une dizaine de phrases : vous pr\u00e9sentez une pi\u00e8ce de votre habitat. ( \u00a0utilisez les pr\u00e9positions de lieu )<\/span><\/strong><\/p>\n<p><strong><span style=\"color: #ff0000\">&#8211; Manuel revoir le vocabulaire p 105 \u2b95 <a href=\"https:\/\/youtu.be\/iI9_cLn31oM?si=OYZX_sTgiRTlkZSo\">Vocabulaire du logement<\/a><\/span><\/strong><\/p>\n<p><strong><span style=\"color: #ff0000\">&#8211; Manuel p 107 \u201c Charlotte Perriand, la modernit\u00e9 avant l\u00b4 heure\u201d<\/span><\/strong><\/p>\n<p><strong><span style=\"color: #ff0000\">&#8211; Cahier d\u00b4 activit\u00e9s p<\/span> <span style=\"color: #ff0000\">81<\/span><\/strong><\/p>\n<p>&nbsp;<\/p>\n<p><strong><span style=\"color: #0000ff\">Les pr\u00e9positions\u00a0<\/span><\/strong><a href=\"https:\/\/urplay.se\/program\/196333-alors-parle-les-prepositions\">https:\/\/urplay.se\/program\/196333-alors-parle-les-prepositions<\/a><\/p>\n<p><strong><span style=\"color: #0000ff\">Utilsation des pr\u00e9positions<\/span><\/strong> \u2b95 <a href=\"https:\/\/youtu.be\/ZDcbZ4_PFIw?si=NT4irzrBVDC25mig\">https:\/\/youtu.be\/ZDcbZ4_PFIw?si=NT4irzrBVDC25mig<\/a><\/p>\n<p><a href=\"http:\/\/blogg.folkuniversitetet.nu\/khansa\/files\/2026\/02\/Explication.pdf\">Explication<\/a><\/p>\n<p><a href=\"https:\/\/apprendre.tv5monde.com\/fr\/aides\/grammaire-le-passe-compose\">Le\u00e7on : le pass\u00e9 compos\u00e9<\/a><\/p>\n<p><span style=\"color: #0000ff\"><strong>Le pass\u00e9 compos\u00e9<\/strong><\/span> <a href=\"https:\/\/urplay.se\/program\/224888-alors-grammaire-les-verbes-de-mouvement\">Les verbes de mouvement <\/a><\/p>\n<p><strong><span style=\"color: #0000ff\">Extra \u00f6vning :-\u00a0<\/span><\/strong> <a href=\"http:\/\/blogg.folkuniversitetet.nu\/khansa\/files\/2026\/02\/exercice-le-passe-compose-prepostions.pdf\">exercice le pass\u00e9 compos\u00e9 <\/a><\/p>\n<p>&#8211;\u00a0<a href=\"https:\/\/www.francaisfacile.com\/exercices\/exercice-francais-2\/exercice-francais-28377.php\">Exercice en ligne pass\u00e9 compos\u00e9 <\/a><\/p>\n<p><strong><span style=\"color: #0000ff\">Site int\u00e9ressant podcast!!!!\u00a0<\/span><\/strong><a href=\"https:\/\/creators.spotify.com\/pod\/profile\/dags-for-franska\/episodes\/52--Nybrjare-Le-cinma-en-France-et-en-Sude-e167962\">https:\/\/creators.spotify.com\/pod\/profile\/dags-for-franska\/episodes\/52&#8211;Nybrjare-Le-cinma-en-France-et-en-Sude-e167962<\/a><\/p><\/blockquote>\n<p>&nbsp;<\/p>\n<blockquote>\n<h3><strong><span style=\"color: #ff00ff\">Lundi 2 f\u00e9vrier : cours 1<\/span><\/strong><\/h3>\n<p><strong><span style=\"color: #ff0000\">Devoirs pour la semaine prochaine :<\/span><\/strong><\/p>\n<p><strong><span style=\"color: #ff0000\">&#8211; Manuel p 103: compr\u00e9hension \u00e9crite \u00ab <em>Au vide grenier \u00bb<\/em><\/span><\/strong><\/p>\n<p><strong><span style=\"color: #ff0000\">&#8211; Production \u00e9crite : <em>Vous habitez dans une nouvelle maison. Sur votre blog, vous racontez votre d\u00e9m\u00e9nagement. Utilisez le pass\u00e9 compos\u00e9<\/em>. ( 10 phrases )<\/span><\/strong><\/p>\n<p><strong><span style=\"color: #ff0000\">&#8211; Cahier d\u00b4 activit\u00e9s p 79 et p 80.<\/span><\/strong><\/p>\n<p>&nbsp;<\/p>\n<p><span style=\"color: #0000ff\"><strong>Le pass\u00e9 compos\u00e9<\/strong> :<\/span> <a href=\"https:\/\/urplay.se\/program\/217731-alors-grammaire-le-passe-compose\">https:\/\/urplay.se\/program\/217731-alors-grammaire-le-passe-compose<\/a><\/p>\n<p>&nbsp;<\/p><\/blockquote>\n","protected":false},"excerpt":{"rendered":"<p>Lundi 13 avril : cours 8 Devoirs : &#8211; Manuel p116 relire ( Forum Sant\u00e9) et revoir le vocabulaire p119 &#8211; Cahier d\u00b4activit\u00e9s \u00a0p91 &#8211; Production \u00e9crite : votre ami (e) a des probl\u00e8mes de sant\u00e9 et vous lui proposez des solutions ( 5-10 phrases) Voici le corrig\u00e9 du document \u00e9tudi\u00e9 en classe :\u00a0Forum Sant\u00e9 [&hellip;]<\/p>\n","protected":false},"author":969,"featured_media":0,"parent":0,"menu_order":0,"comment_status":"closed","ping_status":"closed","template":"","meta":{"footnotes":""},"class_list":["post-118","page","type-page","status-publish","hentry","post-preview"],"_links":{"self":[{"href":"https:\/\/blogg.folkuniversitetet.nu\/khansa\/wp-json\/wp\/v2\/pages\/118","targetHints":{"allow":["GET"]}}],"collection":[{"href":"https:\/\/blogg.folkuniversitetet.nu\/khansa\/wp-json\/wp\/v2\/pages"}],"about":[{"href":"https:\/\/blogg.folkuniversitetet.nu\/khansa\/wp-json\/wp\/v2\/types\/page"}],"author":[{"embeddable":true,"href":"https:\/\/blogg.folkuniversitetet.nu\/khansa\/wp-json\/wp\/v2\/users\/969"}],"replies":[{"embeddable":true,"href":"https:\/\/blogg.folkuniversitetet.nu\/khansa\/wp-json\/wp\/v2\/comments?post=118"}],"version-history":[{"count":20,"href":"https:\/\/blogg.folkuniversitetet.nu\/khansa\/wp-json\/wp\/v2\/pages\/118\/revisions"}],"predecessor-version":[{"id":172,"href":"https:\/\/blogg.folkuniversitetet.nu\/khansa\/wp-json\/wp\/v2\/pages\/118\/revisions\/172"}],"wp:attachment":[{"href":"https:\/\/blogg.folkuniversitetet.nu\/khansa\/wp-json\/wp\/v2\/media?parent=118"}],"curies":[{"name":"wp","href":"https:\/\/api.w.org\/{rel}","templated":true}]}}