{"id":25,"date":"2025-10-30T13:30:56","date_gmt":"2025-10-30T12:30:56","guid":{"rendered":"https:\/\/blogg.folkuniversitetet.nu\/kellke\/?page_id=25"},"modified":"2026-03-20T14:45:11","modified_gmt":"2026-03-20T13:45:11","slug":"links","status":"publish","type":"page","link":"https:\/\/blogg.folkuniversitetet.nu\/kellke\/links\/","title":{"rendered":"Links"},"content":{"rendered":"<h2>W\u00f6rterb\u00fccher etc.<\/h2>\n<ul>\n<li><a href=\"https:\/\/www.dwds.de\/\" target=\"_blank\" rel=\"noopener\">Digitales W\u00f6rterbuch der deutschen Sprache (DWDS)<\/a> (ausgebreitete Wortinformation, auf Deutsch)<\/li>\n<li><a href=\"https:\/\/desv.dict.cc\/\">dict.cc<\/a> (Schwedisch \u2013 Deutsch, Deutsch \u2013 Schwedisch)<\/li>\n<li><a href=\"http:\/\/en.wiktionary.org\">Englisches Wiktionary<\/a>, <a href=\"http:\/\/de.wiktionary.org\">deutsches Wiktionary<\/a> (kollaboratives W\u00f6rterbuch, variierende Qualit\u00e4t, aber trotzdem interessant)<\/li>\n<li><a href=\"https:\/\/forvo.com\">Forvo.com<\/a> (benutzerbasiertes Aussprachew\u00f6rterbuch)<\/li>\n<li><a href=\"https:\/\/www.ipachart.com\/\">Interaktive IPA-Tabelle<\/a> (internationales phonetisches Alphabet)<\/li>\n<li><a href=\"https:\/\/incl.pl\/sammy\/\">Interaktiver Sagitalschnitt<\/a> (Aussprache von Lauten)<\/li>\n<\/ul>\n<h2>Nachrichten in einfacher Sprache<\/h2>\n<h3>Fernsehen<\/h3>\n<ul>\n<li><a href=\"https:\/\/www.ardmediathek.de\/sendung\/tagesschau-in-einfacher-sprache\/Y3JpZDovL3RhZ2Vzc2NoYXUyNC90YWdlc3NjaGF1LWluLWVpbmZhY2hlci1zcHJhY2hl\">Tagesschau in einfacher Sprache<\/a> (ARD \u2013 Deutschland)<\/li>\n<li><a href=\"https:\/\/on.orf.at\/sendereihe\/13891048\/nachrichten-in-einfacher-sprache\">ORF-Nachrichten in einfacher Sprache<\/a> (ORF \u2013 \u00d6sterreich)<\/li>\n<\/ul>\n<h3>Text<\/h3>\n<ul>\n<li><a href=\"https:\/\/www.nachrichtenleicht.de\/\">Nachrichten leicht von Deutschlandfunk<\/a> (Deutschland)<\/li>\n<li><a href=\"https:\/\/infoeasy-news.ch\/\">https:\/\/infoeasy-news.ch\/<\/a> (Schweiz)<\/li>\n<li><a href=\"https:\/\/news.orf.at\">ORF<\/a> nere under &#8221;Einfache Sprache&#8221; (\u00d6sterreich)<\/li>\n<\/ul>\n<h3>Radio<\/h3>\n<ul>\n<li><a href=\"https:\/\/learngerman.dw.com\/de\/langsam-gesprochene-nachrichten\/s-60040332\">Langsam gesprochene Nachrichten<\/a> (Deutsche Welle \u2013 DW)<\/li>\n<li><a href=\"https:\/\/www.ndr.de\/fernsehen\/barrierefreie_angebote\/leichte_sprache\/Nachrichten-in-Leichter-Sprache,nachrichtenleichtesprache100.html\">Nachrichten in leichter Sprache<\/a> (Norddeutscher Rundfunk \u2013 NDR)<\/li>\n<\/ul>\n<h2>Deutsch Musik<\/h2>\n<p>Musik, die ich mag, mit guten deutschen Texten:<\/p>\n<ul>\n<li>Wir sind helden<\/li>\n<li>Wise guys<\/li>\n<li>Die toten Hosen<\/li>\n<li>Nena<\/li>\n<li>Udo Lindenberg<\/li>\n<li>Wolf Biermann<\/li>\n<\/ul>\n","protected":false},"excerpt":{"rendered":"<p>W\u00f6rterb\u00fccher etc. Digitales W\u00f6rterbuch der deutschen Sprache (DWDS) (ausgebreitete Wortinformation, auf Deutsch) dict.cc (Schwedisch \u2013 Deutsch, Deutsch \u2013 Schwedisch) Englisches Wiktionary, deutsches Wiktionary (kollaboratives W\u00f6rterbuch, variierende Qualit\u00e4t, aber trotzdem interessant) Forvo.com (benutzerbasiertes Aussprachew\u00f6rterbuch) Interaktive IPA-Tabelle (internationales phonetisches Alphabet) Interaktiver Sagitalschnitt (Aussprache von Lauten) Nachrichten in einfacher Sprache Fernsehen Tagesschau in einfacher Sprache (ARD \u2013 Deutschland) [&hellip;]<\/p>\n","protected":false},"author":982,"featured_media":0,"parent":0,"menu_order":0,"comment_status":"closed","ping_status":"closed","template":"","meta":{"footnotes":""},"class_list":["post-25","page","type-page","status-publish","hentry","post-preview"],"_links":{"self":[{"href":"https:\/\/blogg.folkuniversitetet.nu\/kellke\/wp-json\/wp\/v2\/pages\/25","targetHints":{"allow":["GET"]}}],"collection":[{"href":"https:\/\/blogg.folkuniversitetet.nu\/kellke\/wp-json\/wp\/v2\/pages"}],"about":[{"href":"https:\/\/blogg.folkuniversitetet.nu\/kellke\/wp-json\/wp\/v2\/types\/page"}],"author":[{"embeddable":true,"href":"https:\/\/blogg.folkuniversitetet.nu\/kellke\/wp-json\/wp\/v2\/users\/982"}],"replies":[{"embeddable":true,"href":"https:\/\/blogg.folkuniversitetet.nu\/kellke\/wp-json\/wp\/v2\/comments?post=25"}],"version-history":[{"count":11,"href":"https:\/\/blogg.folkuniversitetet.nu\/kellke\/wp-json\/wp\/v2\/pages\/25\/revisions"}],"predecessor-version":[{"id":254,"href":"https:\/\/blogg.folkuniversitetet.nu\/kellke\/wp-json\/wp\/v2\/pages\/25\/revisions\/254"}],"wp:attachment":[{"href":"https:\/\/blogg.folkuniversitetet.nu\/kellke\/wp-json\/wp\/v2\/media?parent=25"}],"curies":[{"name":"wp","href":"https:\/\/api.w.org\/{rel}","templated":true}]}}