{"id":177,"date":"2026-02-17T16:27:10","date_gmt":"2026-02-17T15:27:10","guid":{"rendered":"https:\/\/blogg.folkuniversitetet.nu\/kellke\/?page_id=177"},"modified":"2026-05-06T11:24:40","modified_gmt":"2026-05-06T10:24:40","slug":"deutsch-a1-teil-1-dienstag","status":"publish","type":"page","link":"https:\/\/blogg.folkuniversitetet.nu\/kellke\/deutsch-a1-teil-1-dienstag\/","title":{"rendered":"Deutsch A1 Teil 1 (Dienstag)"},"content":{"rendered":"<h2>5. Mai<\/h2>\n<h2><a href=\"http:\/\/blogg.folkuniversitetet.nu\/kellke\/files\/2026\/05\/IMG_20260505_200150896-scaled.jpg\"><img loading=\"lazy\" decoding=\"async\" class=\"alignnone size-medium wp-image-294\" src=\"http:\/\/blogg.folkuniversitetet.nu\/kellke\/files\/2026\/05\/IMG_20260505_200150896-300x225.jpg\" alt=\"\" width=\"300\" height=\"225\" srcset=\"https:\/\/blogg.folkuniversitetet.nu\/kellke\/files\/2026\/05\/IMG_20260505_200150896-300x225.jpg 300w, https:\/\/blogg.folkuniversitetet.nu\/kellke\/files\/2026\/05\/IMG_20260505_200150896-1024x768.jpg 1024w, https:\/\/blogg.folkuniversitetet.nu\/kellke\/files\/2026\/05\/IMG_20260505_200150896-768x576.jpg 768w, https:\/\/blogg.folkuniversitetet.nu\/kellke\/files\/2026\/05\/IMG_20260505_200150896-1536x1152.jpg 1536w, https:\/\/blogg.folkuniversitetet.nu\/kellke\/files\/2026\/05\/IMG_20260505_200150896-2048x1536.jpg 2048w, https:\/\/blogg.folkuniversitetet.nu\/kellke\/files\/2026\/05\/IMG_20260505_200150896-676x507.jpg 676w\" sizes=\"auto, (max-width: 300px) 100vw, 300px\" \/><\/a><\/h2>\n<p>I dag b\u00f6rjade vi med tv\u00e5 viktiga grammatikaliska \u00e4mnen: f\u00f6rsta modalverbet\u00a0<em>k\u00f6nnen<\/em> som uttrycker m\u00f6jlighet (12, S. 78) och verb-prefix, b\u00e5de separerbara och icke-separerbara (15, S. 80). B\u00e5da kommer att \u00e5terkomma ofta i n\u00e4sta kursen, vilken b\u00f6rjar i h\u00f6sten p\u00e5 tisdag den 8:e september.<\/p>\n<h3>Hausaufgaben<\/h3>\n<p>Vi \u00e4r nu f\u00e4rdiga med kapitel 4. Ni kan \u00f6va med det \u00f6vriga materialet i kapiteln:<\/p>\n<ul>\n<li>Aufgabe 15-23 (Seite 80-84)<\/li>\n<li>\u00dcbung 5-11 (Seite 86-88)<\/li>\n<\/ul>\n<h2>28. April<\/h2>\n<p><a href=\"http:\/\/blogg.folkuniversitetet.nu\/kellke\/files\/2026\/04\/IMG_20260428_1-scaled.jpg\"><img loading=\"lazy\" decoding=\"async\" class=\"alignnone size-medium wp-image-290\" src=\"http:\/\/blogg.folkuniversitetet.nu\/kellke\/files\/2026\/04\/IMG_20260428_1-300x225.jpg\" alt=\"\" width=\"300\" height=\"225\" srcset=\"https:\/\/blogg.folkuniversitetet.nu\/kellke\/files\/2026\/04\/IMG_20260428_1-300x225.jpg 300w, https:\/\/blogg.folkuniversitetet.nu\/kellke\/files\/2026\/04\/IMG_20260428_1-1024x768.jpg 1024w, https:\/\/blogg.folkuniversitetet.nu\/kellke\/files\/2026\/04\/IMG_20260428_1-768x576.jpg 768w, https:\/\/blogg.folkuniversitetet.nu\/kellke\/files\/2026\/04\/IMG_20260428_1-1536x1152.jpg 1536w, https:\/\/blogg.folkuniversitetet.nu\/kellke\/files\/2026\/04\/IMG_20260428_1-2048x1536.jpg 2048w, https:\/\/blogg.folkuniversitetet.nu\/kellke\/files\/2026\/04\/IMG_20260428_1-676x507.jpg 676w\" sizes=\"auto, (max-width: 300px) 100vw, 300px\" \/><\/a><\/p>\n<h3>Hausaufgabe<\/h3>\n<ul>\n<li>\u00dcbung 3-4 (Seite 85)<\/li>\n<\/ul>\n<h2>21. April<\/h2>\n<p><a href=\"http:\/\/blogg.folkuniversitetet.nu\/kellke\/files\/2026\/04\/IMG_20260121_1-scaled.jpg\"><img loading=\"lazy\" decoding=\"async\" class=\"alignnone size-medium wp-image-288\" src=\"http:\/\/blogg.folkuniversitetet.nu\/kellke\/files\/2026\/04\/IMG_20260121_1-300x225.jpg\" alt=\"\" width=\"300\" height=\"225\" srcset=\"https:\/\/blogg.folkuniversitetet.nu\/kellke\/files\/2026\/04\/IMG_20260121_1-300x225.jpg 300w, https:\/\/blogg.folkuniversitetet.nu\/kellke\/files\/2026\/04\/IMG_20260121_1-1024x768.jpg 1024w, https:\/\/blogg.folkuniversitetet.nu\/kellke\/files\/2026\/04\/IMG_20260121_1-768x576.jpg 768w, https:\/\/blogg.folkuniversitetet.nu\/kellke\/files\/2026\/04\/IMG_20260121_1-1536x1152.jpg 1536w, https:\/\/blogg.folkuniversitetet.nu\/kellke\/files\/2026\/04\/IMG_20260121_1-2048x1536.jpg 2048w, https:\/\/blogg.folkuniversitetet.nu\/kellke\/files\/2026\/04\/IMG_20260121_1-676x507.jpg 676w\" sizes=\"auto, (max-width: 300px) 100vw, 300px\" \/><\/a><\/p>\n<h3>Hausaufgaben<\/h3>\n<ul>\n<li>Aufgabe 4c (Seite 74)<\/li>\n<li>\u00dcbung 1-2 (Seite 85)<\/li>\n<\/ul>\n<h2>14. April<\/h2>\n<p><a href=\"http:\/\/blogg.folkuniversitetet.nu\/kellke\/files\/2026\/04\/IMG_20260414_1-scaled.jpg\"><img loading=\"lazy\" decoding=\"async\" class=\"alignnone size-medium wp-image-282\" src=\"http:\/\/blogg.folkuniversitetet.nu\/kellke\/files\/2026\/04\/IMG_20260414_1-300x225.jpg\" alt=\"\" width=\"300\" height=\"225\" srcset=\"https:\/\/blogg.folkuniversitetet.nu\/kellke\/files\/2026\/04\/IMG_20260414_1-300x225.jpg 300w, https:\/\/blogg.folkuniversitetet.nu\/kellke\/files\/2026\/04\/IMG_20260414_1-1024x768.jpg 1024w, https:\/\/blogg.folkuniversitetet.nu\/kellke\/files\/2026\/04\/IMG_20260414_1-768x576.jpg 768w, https:\/\/blogg.folkuniversitetet.nu\/kellke\/files\/2026\/04\/IMG_20260414_1-1536x1152.jpg 1536w, https:\/\/blogg.folkuniversitetet.nu\/kellke\/files\/2026\/04\/IMG_20260414_1-2048x1536.jpg 2048w, https:\/\/blogg.folkuniversitetet.nu\/kellke\/files\/2026\/04\/IMG_20260414_1-676x507.jpg 676w\" sizes=\"auto, (max-width: 300px) 100vw, 300px\" \/><\/a><\/p>\n<p>Wir haben Aufgaben 11-14 behandelt:<\/p>\n<ul>\n<li>\u00fcber Lieblingssachen\/-Personen reden<\/li>\n<li><em>war<\/em>: In welchen St\u00e4dten warst du schon?<\/li>\n<li><em>es gibt<\/em> + Akk.: Was gibt es in der Stadt?<\/li>\n<li>Was kann man in der Stadt machen?<\/li>\n<\/ul>\n<h3>Hausaufgabe<\/h3>\n<p>Kapitel 3 zu ende machen (Seite 58-62):<\/p>\n<ul>\n<li>14c (14a-b haben wir im Unterricht gemacht)<\/li>\n<li>15 (H\u00f6r\u00fcbung)<\/li>\n<li>19 (ein Email schreiben: Ich bin in X (Stadt). Was gibt es da? Wie ist es?)<\/li>\n<li>20 (Lese\u00fcbung)<\/li>\n<li>\u00dcbung 6-11 (Seite 64-66)<\/li>\n<\/ul>\n<h2>7. April<\/h2>\n<p><a href=\"http:\/\/blogg.folkuniversitetet.nu\/kellke\/files\/2026\/04\/IMG_20260407_1-scaled.jpg\"><img loading=\"lazy\" decoding=\"async\" class=\"alignnone size-medium wp-image-275\" src=\"http:\/\/blogg.folkuniversitetet.nu\/kellke\/files\/2026\/04\/IMG_20260407_1-300x225.jpg\" alt=\"\" width=\"300\" height=\"225\" srcset=\"https:\/\/blogg.folkuniversitetet.nu\/kellke\/files\/2026\/04\/IMG_20260407_1-300x225.jpg 300w, https:\/\/blogg.folkuniversitetet.nu\/kellke\/files\/2026\/04\/IMG_20260407_1-1024x768.jpg 1024w, https:\/\/blogg.folkuniversitetet.nu\/kellke\/files\/2026\/04\/IMG_20260407_1-768x576.jpg 768w, https:\/\/blogg.folkuniversitetet.nu\/kellke\/files\/2026\/04\/IMG_20260407_1-1536x1152.jpg 1536w, https:\/\/blogg.folkuniversitetet.nu\/kellke\/files\/2026\/04\/IMG_20260407_1-2048x1536.jpg 2048w, https:\/\/blogg.folkuniversitetet.nu\/kellke\/files\/2026\/04\/IMG_20260407_1-676x507.jpg 676w\" sizes=\"auto, (max-width: 300px) 100vw, 300px\" \/><\/a><\/p>\n<p>Vi \u00f6vde mer med nominativ\/ackusativ, behandlade 6-9 (53-55).<\/p>\n<h3>Hausaufgabe<\/h3>\n<ul>\n<li>\u00dcbung 2-5 (Seite 63-64)<\/li>\n<\/ul>\n<h2>31. M\u00e4rz<\/h2>\n<h2><a href=\"http:\/\/blogg.folkuniversitetet.nu\/kellke\/files\/2026\/04\/IMG_20260331_1-scaled.jpg\"><img loading=\"lazy\" decoding=\"async\" class=\"alignnone size-medium wp-image-264\" src=\"http:\/\/blogg.folkuniversitetet.nu\/kellke\/files\/2026\/04\/IMG_20260331_1-300x225.jpg\" alt=\"\" width=\"300\" height=\"225\" srcset=\"https:\/\/blogg.folkuniversitetet.nu\/kellke\/files\/2026\/04\/IMG_20260331_1-300x225.jpg 300w, https:\/\/blogg.folkuniversitetet.nu\/kellke\/files\/2026\/04\/IMG_20260331_1-1024x768.jpg 1024w, https:\/\/blogg.folkuniversitetet.nu\/kellke\/files\/2026\/04\/IMG_20260331_1-768x576.jpg 768w, https:\/\/blogg.folkuniversitetet.nu\/kellke\/files\/2026\/04\/IMG_20260331_1-1536x1152.jpg 1536w, https:\/\/blogg.folkuniversitetet.nu\/kellke\/files\/2026\/04\/IMG_20260331_1-2048x1536.jpg 2048w, https:\/\/blogg.folkuniversitetet.nu\/kellke\/files\/2026\/04\/IMG_20260331_1-676x507.jpg 676w\" sizes=\"auto, (max-width: 300px) 100vw, 300px\" \/><\/a><\/h2>\n<h3>F\u00f6rl\u00e4ngring\/\u00e5teranm\u00e4lning<\/h3>\n<p>N\u00e4sta kursen b\u00f6rjar i h\u00f6st 8:e september. Jag kommer med en \u00e5teranm\u00e4lningslista n\u00e4sta g\u00e5ng d\u00e4r ni kan inskriva er om ni redan vet att ni kan och vill forts\u00e4tta.<\/p>\n<p>Det finns ocks\u00e5 en m\u00f6jlighet att f\u00f6rl\u00e4nga den h\u00e4r kursen ut\u00f6ver den 5:e maj. Krav f\u00f6r det att det finns inte mindre \u00e4n 6 deltagare. I f\u00f6rl\u00e4ngningen kommer jag att anv\u00e4nda annat material \u00e4n boken.<\/p>\n<h3>Nominativ\/Ackusativ<\/h3>\n<p>I dag introducerade vi begreppen\u00a0<strong>nominativ<\/strong> och <strong>ackusativ<\/strong>. I boken behandlas det i kapitel 3, uppgift 5 (s. 52) och \u00f6vas i uppgift 6 och 7 (s. 52-54).<\/p>\n<p>Som repetition:<strong> verbet<\/strong> bilder k\u00e4rnan av en mening och beskriver till exempel en handling, en k\u00e4nsla\/varseblivning, en process\/skeende eller ett tillst\u00e5nd.<\/p>\n<ul>\n<li>Anna\u00a0<strong>macht<\/strong> Hausaufgaben. (g\u00f6ra, handling)<\/li>\n<li>Ich\u00a0<strong>h\u00f6re<\/strong> etwas. (h\u00f6ra, varseblivning)<\/li>\n<li>Der Stift\u00a0<strong>bricht<\/strong>. (bryta, skeende)<\/li>\n<li>Peter\u00a0<strong>ist<\/strong> m\u00fcde. (vara, tillst\u00e5nd)<\/li>\n<\/ul>\n<p><strong>Subjektet<\/strong> st\u00e5r oftast direkt framf\u00f6r verbet, b\u00e5de i tyska och svenska. Subjektet \u00e4r den eller det som utf\u00f6r en handling, iakttar\/k\u00e4nner p\u00e5 sig, genomg\u00e5r en process\/skeende eller \u00e4r i ett visst tillst\u00e5nd. P\u00e5 tyska enpassar verbet sig efter subjektet. Det vill s\u00e4ga att man m\u00e5ste v\u00e4lja r\u00e4tta \u00e4ndelsen. Hur verbet \u00e4ndras i presens har vi l\u00e4rt os i kapitel 1 och 2 av boken:<\/p>\n<ul>\n<li><strong>Wer<\/strong> macht? <strong>Anna<\/strong> mach-<strong>t<\/strong>.<\/li>\n<li><strong>Wer<\/strong> h\u00f6rt?\u00a0<strong>Ich<\/strong> h\u00f6r-<strong>e<\/strong>.<\/li>\n<li><strong>Was<\/strong> bricht?\u00a0<strong>Der Stift<\/strong> brich-<strong>t<\/strong>.<\/li>\n<li><strong>Wer<\/strong> ist m\u00fcde?\u00a0<strong>Peter<\/strong> <strong>ist<\/strong> m\u00fcde.<\/li>\n<\/ul>\n<p>Vissa verb kr\u00e4fer ett <strong>objekt<\/strong>. Om det fattas \u00e4r meningen inte fullst\u00e4ndig. Om n\u00e5gon s\u00e4ger till dig &#8221;I g\u00e5r s\u00e5g jag&#8221; \u00e4r du ben\u00e4gen att fr\u00e5ga &#8221;Men vad s\u00e5g du d\u00e5?&#8221; Objektet \u00e4r den eller det som \u00e4r utsatt av en handling eller f\u00f6rem\u00e5l av en iakttagelse\/k\u00e4nsla. Det st\u00e5r oftast direkt efter verbet. Det \u00e4r d\u00e4rf\u00f6r att vi s\u00e4ger att b\u00e5de svenska och tyska har vanligen SVO ordf\u00f6ljd, subjekt \u2013 verb \u2013 objekt.<\/p>\n<ul>\n<li><strong>Was<\/strong> macht Anna? Anna macht <strong>Hausaufgaben<\/strong>. (l\u00e4xor)<\/li>\n<li><strong>Was<\/strong> h\u00f6re ich? Ich h\u00f6re\u00a0<strong>etwas<\/strong>. (n\u00e5gonting) Ich h\u00f6re <strong>ein Ger\u00e4usch<\/strong>. (ett ljud)<\/li>\n<\/ul>\n<p>P\u00e5 svenska finns n\u00e5gra ord som har olika former beroende p\u00e5 deras funktion (subjekt eller objekt) i meningen:<\/p>\n<ul>\n<li><strong>Jag<\/strong> g\u00e5r hem\u00e5t.<\/li>\n<\/ul>\n<p>Men<\/p>\n<ul>\n<li>Peter har missf\u00f6rst\u00e5tt <strong>mig<\/strong>.<\/li>\n<\/ul>\n<p><em>Jag<\/em> och <em>mig<\/em> \u00e4r tv\u00e5 former av samma ordet. Den enda skillnaden mellan dem \u00e4r funktionen de fyller i meningen. Subjektformen (<em>jag<\/em>) kallas f\u00f6r <strong>nominativ <\/strong>och objektformen (<em>mig<\/em>) kallas f\u00f6r <strong>ackusativ<\/strong>. P\u00e5 svenska har bara n\u00e5gra pronomina en speciell ackusativform (<em>du<\/em> \u2013 <em>dig<\/em>, <em>hon<\/em> \u2013 <em>henne<\/em>, etc.), men p\u00e5 tyska \u00e4ndras inte bara pronomina, utan ocks\u00e5 substantiv, adjektiv och artiklar. Det ser vi h\u00e4r:<\/p>\n<ul>\n<li><strong>Ein kleiner Kaffee<\/strong> kostet \u20ac2,40.<\/li>\n<\/ul>\n<p><strong>Ein kleiner Kaffee<\/strong> st\u00e5r i nominativformen d\u00e4rf\u00f6r att det \u00e4r subjektet. Det \u00e4r det som \u00e4r i tillst\u00e5ndet <em>kosta<\/em>, <em>ha ett visst v\u00e4rde<\/em>.\u00a0Men i<\/p>\n<ul>\n<li>Ich m\u00f6chte\u00a0<strong>einen kleinen Kaffee<\/strong>.<\/li>\n<\/ul>\n<p>st\u00e5r <strong>einen kleinen Kaffee<\/strong> i ackusativformen d\u00e4rf\u00f6r att det \u00e4r objektet i meningen, d\u00e4rf\u00f6r att det \u00e4r f\u00e5rem\u00e5let av min \u00f6nskan.<\/p>\n<h3>Hausaufgabe<\/h3>\n<ul>\n<li>Aufgabe 6-7 (Seite 52-54)<\/li>\n<li>\u00dcbung 1 (Seite 63)<\/li>\n<\/ul>\n<h2>24. M\u00e4rz<\/h2>\n<p><a href=\"http:\/\/blogg.folkuniversitetet.nu\/kellke\/files\/2026\/03\/IMG_20260324_1-scaled.jpg\"><img loading=\"lazy\" decoding=\"async\" class=\"alignnone size-medium wp-image-255\" src=\"http:\/\/blogg.folkuniversitetet.nu\/kellke\/files\/2026\/03\/IMG_20260324_1-300x225.jpg\" alt=\"\" width=\"300\" height=\"225\" srcset=\"https:\/\/blogg.folkuniversitetet.nu\/kellke\/files\/2026\/03\/IMG_20260324_1-300x225.jpg 300w, https:\/\/blogg.folkuniversitetet.nu\/kellke\/files\/2026\/03\/IMG_20260324_1-1024x768.jpg 1024w, https:\/\/blogg.folkuniversitetet.nu\/kellke\/files\/2026\/03\/IMG_20260324_1-768x576.jpg 768w, https:\/\/blogg.folkuniversitetet.nu\/kellke\/files\/2026\/03\/IMG_20260324_1-1536x1152.jpg 1536w, https:\/\/blogg.folkuniversitetet.nu\/kellke\/files\/2026\/03\/IMG_20260324_1-2048x1536.jpg 2048w, https:\/\/blogg.folkuniversitetet.nu\/kellke\/files\/2026\/03\/IMG_20260324_1-676x507.jpg 676w\" sizes=\"auto, (max-width: 300px) 100vw, 300px\" \/><\/a><\/p>\n<p>Vi gjorde 17-21 (s. 37-39) och \u00f6vade prata om familj.<\/p>\n<h3>Hausaufgabe<\/h3>\n<ul>\n<li>Aufgabe 21-24 (Seite 39-40, det vi inte hann under lektionen)<\/li>\n<li>\u00dcbung 9-14 (Seite 43-44)<\/li>\n<\/ul>\n<h2>17. M\u00e4rz<\/h2>\n<h2><a href=\"http:\/\/blogg.folkuniversitetet.nu\/kellke\/files\/2026\/03\/IMG_20260317_1-scaled.jpg\"><img loading=\"lazy\" decoding=\"async\" class=\"alignnone size-medium wp-image-245\" src=\"http:\/\/blogg.folkuniversitetet.nu\/kellke\/files\/2026\/03\/IMG_20260317_1-300x225.jpg\" alt=\"\" width=\"300\" height=\"225\" srcset=\"https:\/\/blogg.folkuniversitetet.nu\/kellke\/files\/2026\/03\/IMG_20260317_1-300x225.jpg 300w, https:\/\/blogg.folkuniversitetet.nu\/kellke\/files\/2026\/03\/IMG_20260317_1-1024x768.jpg 1024w, https:\/\/blogg.folkuniversitetet.nu\/kellke\/files\/2026\/03\/IMG_20260317_1-768x576.jpg 768w, https:\/\/blogg.folkuniversitetet.nu\/kellke\/files\/2026\/03\/IMG_20260317_1-1536x1152.jpg 1536w, https:\/\/blogg.folkuniversitetet.nu\/kellke\/files\/2026\/03\/IMG_20260317_1-2048x1536.jpg 2048w, https:\/\/blogg.folkuniversitetet.nu\/kellke\/files\/2026\/03\/IMG_20260317_1-676x507.jpg 676w\" sizes=\"auto, (max-width: 300px) 100vw, 300px\" \/><\/a><\/h2>\n<h3>Hausaufgabe<\/h3>\n<ul>\n<li>\u00dc6-8 (Seite 42-43)<\/li>\n<li>Aufgabe 17 (Seite 37): f\u00f6rbered en presentation av ett annat land (inte Sverige, Tyskland, \u00d6sterrike, Schweiz) p\u00e5 samma s\u00e4tt<\/li>\n<\/ul>\n<h2>10. M\u00e4rz<\/h2>\n<p>Tyv\u00e4rr blev fotot av whiteboarden denna g\u00e5ng oanv\u00e4ndbart. Sorry.<\/p>\n<p>Vi pratade den h\u00e4r v\u00e4ckan om f\u00f6rem\u00e5l:<\/p>\n<ul>\n<li>Genus (7, Seite 30)<\/li>\n<li>Betonung (8, Seite 31)<\/li>\n<li>Artikel (7, 10, 11, 12)\n<ul>\n<li>definit: der\/die\/das<\/li>\n<li>indefinit: ein\/eine<\/li>\n<li>negativ: kein\/keine<\/li>\n<\/ul>\n<\/li>\n<li>Possessivpronomen (10, 12)\n<ul>\n<li>mein\/meine<\/li>\n<li>dein\/deine<\/li>\n<\/ul>\n<\/li>\n<\/ul>\n<p>Nya ord ni anv\u00e4nde i memory-spelet: <a href=\"http:\/\/blogg.folkuniversitetet.nu\/kellke\/files\/2026\/03\/A1_1_Vokabeln.pdf\">A1_1_Vokabeln<\/a><\/p>\n<h3>Hausaufgabe<\/h3>\n<ul>\n<li>\u00dc3-6 (Seite 41-42)<\/li>\n<li>Bringt ein <strong>Foto<\/strong> mit von einem Zimmer mit vielen Gegenst\u00e4nden!<\/li>\n<\/ul>\n<h2>3. M\u00e4rz<\/h2>\n<p><a href=\"http:\/\/blogg.folkuniversitetet.nu\/kellke\/files\/2026\/03\/IMG_20260303_2-scaled.jpg\"><img loading=\"lazy\" decoding=\"async\" class=\"alignnone size-medium wp-image-218\" src=\"http:\/\/blogg.folkuniversitetet.nu\/kellke\/files\/2026\/03\/IMG_20260303_2-300x225.jpg\" alt=\"\" width=\"300\" height=\"225\" srcset=\"https:\/\/blogg.folkuniversitetet.nu\/kellke\/files\/2026\/03\/IMG_20260303_2-300x225.jpg 300w, https:\/\/blogg.folkuniversitetet.nu\/kellke\/files\/2026\/03\/IMG_20260303_2-1024x768.jpg 1024w, https:\/\/blogg.folkuniversitetet.nu\/kellke\/files\/2026\/03\/IMG_20260303_2-768x576.jpg 768w, https:\/\/blogg.folkuniversitetet.nu\/kellke\/files\/2026\/03\/IMG_20260303_2-1536x1152.jpg 1536w, https:\/\/blogg.folkuniversitetet.nu\/kellke\/files\/2026\/03\/IMG_20260303_2-2048x1536.jpg 2048w, https:\/\/blogg.folkuniversitetet.nu\/kellke\/files\/2026\/03\/IMG_20260303_2-676x507.jpg 676w\" sizes=\"auto, (max-width: 300px) 100vw, 300px\" \/><\/a><\/p>\n<p>Wir sind fertig mit Kapitel 1 haben angefangen mit kapitel 2 (Aufgabe 1-3).<\/p>\n<h3>\/\u00e7\/ und \/x\/ \u2013 ich- und ach-Laute<\/h3>\n<p>Websidan d\u00e4r ni kan se hur det ser ut in i munnen n\u00e4r man g\u00f6r olika ljud: <a href=\"https:\/\/incl.pl\/sammy\/\">https:\/\/incl.pl\/sammy\/<\/a>. Den viktiga raden f\u00f6r oss \u00e4r den med frikativor. \u00d6va \/\u00e7\/ och \/x\/-ljuden med den:<\/p>\n<ul>\n<li>&#8221;dental fricative&#8221;: \/\u03b8\/ i engelska\u00a0<strong>th<\/strong>ree<\/li>\n<li>&#8221;alveolar fricative&#8221;: \/s\/ i svenska\u00a0<strong>s<\/strong>imma och tyska A<strong>ss<\/strong>i<strong>s<\/strong>tent<\/li>\n<li>&#8221;retroflex fricative&#8221;: \/\u0282\/ i svenska \u00e5<strong>rs<\/strong>tid<\/li>\n<li>&#8221;postalveolar fricative&#8221; \/\u0283\/ i svenska\u00a0<strong>tj<\/strong>ugo och tyska\u00a0<strong>sch<\/strong>wimmen<\/li>\n<li>&#8221;palatal fricative&#8221; \/\u00e7\/ i tyska i<strong>ch<\/strong>, spre<strong>ch<\/strong>en och K\u00f6<strong>ch<\/strong>in<\/li>\n<li>&#8221;velar fricative&#8221; \/x\/ i tyska Bu<strong>ch<\/strong>, Spra<strong>ch<\/strong>e och ko<strong>ch<\/strong>en<\/li>\n<\/ul>\n<p>H\u00e4r kan ni h\u00f6ra alla ljud: <a href=\"https:\/\/www.ipachart.com\/\">https:\/\/www.ipachart.com\/<\/a>.<\/p>\n<h3>Hausaufgabe<\/h3>\n<ul>\n<li>Kapitel 1: alle \u00dcbungen (auch T1-3 auf Seite 26)<\/li>\n<li>Kapitel 2: \u00dc1-2 (Seite 41)<\/li>\n<\/ul>\n<h2>24. Februar<\/h2>\n<p><a href=\"http:\/\/blogg.folkuniversitetet.nu\/kellke\/files\/2026\/02\/IMG_20260224_1-scaled.jpg\"><img loading=\"lazy\" decoding=\"async\" class=\"alignnone size-medium wp-image-205\" src=\"http:\/\/blogg.folkuniversitetet.nu\/kellke\/files\/2026\/02\/IMG_20260224_1-300x225.jpg\" alt=\"\" width=\"300\" height=\"225\" srcset=\"https:\/\/blogg.folkuniversitetet.nu\/kellke\/files\/2026\/02\/IMG_20260224_1-300x225.jpg 300w, https:\/\/blogg.folkuniversitetet.nu\/kellke\/files\/2026\/02\/IMG_20260224_1-1024x768.jpg 1024w, https:\/\/blogg.folkuniversitetet.nu\/kellke\/files\/2026\/02\/IMG_20260224_1-768x576.jpg 768w, https:\/\/blogg.folkuniversitetet.nu\/kellke\/files\/2026\/02\/IMG_20260224_1-1536x1152.jpg 1536w, https:\/\/blogg.folkuniversitetet.nu\/kellke\/files\/2026\/02\/IMG_20260224_1-2048x1536.jpg 2048w, https:\/\/blogg.folkuniversitetet.nu\/kellke\/files\/2026\/02\/IMG_20260224_1-676x507.jpg 676w\" sizes=\"auto, (max-width: 300px) 100vw, 300px\" \/><\/a><\/p>\n<h3>Hausaufgabe<\/h3>\n<ul>\n<li>\u00dcbung 4-10 (Seite 20-21)<\/li>\n<\/ul>\n<h2>17. Februar<\/h2>\n<h2><a href=\"http:\/\/blogg.folkuniversitetet.nu\/kellke\/files\/2026\/02\/IMG_20260217_2-scaled.jpg\"><img loading=\"lazy\" decoding=\"async\" class=\"alignnone size-medium wp-image-182\" src=\"http:\/\/blogg.folkuniversitetet.nu\/kellke\/files\/2026\/02\/IMG_20260217_2-300x225.jpg\" alt=\"\" width=\"300\" height=\"225\" srcset=\"https:\/\/blogg.folkuniversitetet.nu\/kellke\/files\/2026\/02\/IMG_20260217_2-300x225.jpg 300w, https:\/\/blogg.folkuniversitetet.nu\/kellke\/files\/2026\/02\/IMG_20260217_2-1024x768.jpg 1024w, https:\/\/blogg.folkuniversitetet.nu\/kellke\/files\/2026\/02\/IMG_20260217_2-768x576.jpg 768w, https:\/\/blogg.folkuniversitetet.nu\/kellke\/files\/2026\/02\/IMG_20260217_2-1536x1152.jpg 1536w, https:\/\/blogg.folkuniversitetet.nu\/kellke\/files\/2026\/02\/IMG_20260217_2-2048x1536.jpg 2048w, https:\/\/blogg.folkuniversitetet.nu\/kellke\/files\/2026\/02\/IMG_20260217_2-676x507.jpg 676w\" sizes=\"auto, (max-width: 300px) 100vw, 300px\" \/><\/a><\/h2>\n<ul>\n<li>H\u00e4lsningar<\/li>\n<li>F\u00f6rest\u00e4lla sig<\/li>\n<li>Tyska alfabetet och stava<\/li>\n<\/ul>\n<h3>Hausaufgabe<\/h3>\n<ul>\n<li>\u00dcbungen 1-3 (Seite 19)<\/li>\n<\/ul>\n<h2>Probelektion 14. Januar<\/h2>\n<p><a href=\"http:\/\/blogg.folkuniversitetet.nu\/kellke\/files\/2026\/01\/IMG_20260121_1-scaled.jpg\"><img loading=\"lazy\" decoding=\"async\" class=\"alignnone size-medium wp-image-148\" src=\"http:\/\/blogg.folkuniversitetet.nu\/kellke\/files\/2026\/01\/IMG_20260121_1-300x225.jpg\" alt=\"\" width=\"300\" height=\"225\" srcset=\"https:\/\/blogg.folkuniversitetet.nu\/kellke\/files\/2026\/01\/IMG_20260121_1-300x225.jpg 300w, https:\/\/blogg.folkuniversitetet.nu\/kellke\/files\/2026\/01\/IMG_20260121_1-1024x768.jpg 1024w, https:\/\/blogg.folkuniversitetet.nu\/kellke\/files\/2026\/01\/IMG_20260121_1-768x576.jpg 768w, https:\/\/blogg.folkuniversitetet.nu\/kellke\/files\/2026\/01\/IMG_20260121_1-1536x1152.jpg 1536w, https:\/\/blogg.folkuniversitetet.nu\/kellke\/files\/2026\/01\/IMG_20260121_1-2048x1536.jpg 2048w, https:\/\/blogg.folkuniversitetet.nu\/kellke\/files\/2026\/01\/IMG_20260121_1-676x507.jpg 676w\" sizes=\"auto, (max-width: 300px) 100vw, 300px\" \/><\/a><\/p>\n","protected":false},"excerpt":{"rendered":"<p>5. Mai I dag b\u00f6rjade vi med tv\u00e5 viktiga grammatikaliska \u00e4mnen: f\u00f6rsta modalverbet\u00a0k\u00f6nnen som uttrycker m\u00f6jlighet (12, S. 78) och verb-prefix, b\u00e5de separerbara och icke-separerbara (15, S. 80). B\u00e5da kommer att \u00e5terkomma ofta i n\u00e4sta kursen, vilken b\u00f6rjar i h\u00f6sten p\u00e5 tisdag den 8:e september. Hausaufgaben Vi \u00e4r nu f\u00e4rdiga med kapitel 4. Ni kan [&hellip;]<\/p>\n","protected":false},"author":982,"featured_media":0,"parent":0,"menu_order":0,"comment_status":"closed","ping_status":"closed","template":"","meta":{"footnotes":""},"class_list":["post-177","page","type-page","status-publish","hentry","post-preview"],"_links":{"self":[{"href":"https:\/\/blogg.folkuniversitetet.nu\/kellke\/wp-json\/wp\/v2\/pages\/177","targetHints":{"allow":["GET"]}}],"collection":[{"href":"https:\/\/blogg.folkuniversitetet.nu\/kellke\/wp-json\/wp\/v2\/pages"}],"about":[{"href":"https:\/\/blogg.folkuniversitetet.nu\/kellke\/wp-json\/wp\/v2\/types\/page"}],"author":[{"embeddable":true,"href":"https:\/\/blogg.folkuniversitetet.nu\/kellke\/wp-json\/wp\/v2\/users\/982"}],"replies":[{"embeddable":true,"href":"https:\/\/blogg.folkuniversitetet.nu\/kellke\/wp-json\/wp\/v2\/comments?post=177"}],"version-history":[{"count":41,"href":"https:\/\/blogg.folkuniversitetet.nu\/kellke\/wp-json\/wp\/v2\/pages\/177\/revisions"}],"predecessor-version":[{"id":295,"href":"https:\/\/blogg.folkuniversitetet.nu\/kellke\/wp-json\/wp\/v2\/pages\/177\/revisions\/295"}],"wp:attachment":[{"href":"https:\/\/blogg.folkuniversitetet.nu\/kellke\/wp-json\/wp\/v2\/media?parent=177"}],"curies":[{"name":"wp","href":"https:\/\/api.w.org\/{rel}","templated":true}]}}