{"id":89,"date":"2026-02-24T12:50:26","date_gmt":"2026-02-24T11:50:26","guid":{"rendered":"https:\/\/blogg.folkuniversitetet.nu\/katata\/?page_id=89"},"modified":"2026-02-24T12:53:39","modified_gmt":"2026-02-24T11:53:39","slug":"23-feb-japanska-a1-del-4","status":"publish","type":"page","link":"https:\/\/blogg.folkuniversitetet.nu\/katata\/23-feb-japanska-a1-del-4\/","title":{"rendered":"Japanska A1 del 4 23 Feb"},"content":{"rendered":"<p>repetition<\/p>\n<p>desu kara<\/p>\n<p>fraser&#8230;<\/p>\n<ol>\n<li>verb(masu form stem)masenka<\/li>\n<li>issho ni ikimash\u014d<\/li>\n<li>d\u014ddesuka<\/li>\n<li>&#8230;wa chotto&#8230;<\/li>\n<\/ol>\n<p>&nbsp;<\/p>\n<p>Grammatik&#8230;<\/p>\n<ol>\n<li>plats de evenemang ga arimasu<\/li>\n<li>verb (masu form stem) masenka<\/li>\n<li>verb (masu form stem) mash\u014d<\/li>\n<li>clause 1 kara, clause 2<\/li>\n<\/ol>\n<p>L\u00e4xa<\/p>\n<p>Repetera nya ord, fraser och grammatik<\/p>\n<p>&nbsp;<\/p>\n<p>S.154 ll\u00a0 B<\/p>\n<p>156 lll B<\/p>\n<p>158 Vl<\/p>\n<p>Kana workbook s. 42-43<\/p>\n<p>arbetsblad f\u00f6r f\u00f6rra veckan(det ska vi g\u00e5 igenom svaren n\u00e4sta g\u00e5ng!)<\/p>\n<p><a href=\"http:\/\/blogg.folkuniversitetet.nu\/katata\/files\/2026\/02\/dictionaryform-\u30d7\u30ea\u30f3\u30c8-\u30a4\u30e9\u30b9\u30c8\u4ed8\u304d.pdf\">dictionaryform\u3000\u30d5\u309a\u30ea\u30f3\u30c8\u3000\u30a4\u30e9\u30b9\u30c8\u4ed8\u304d<\/a><\/p>\n<p>&nbsp;<\/p>\n<p>&nbsp;<\/p>\n<p>bilder<\/p>\n<p><a href=\"http:\/\/blogg.folkuniversitetet.nu\/katata\/files\/2026\/02\/A1-del-4-dag-3.pdf\">A1 del 4 dag 3<\/a><\/p>\n<p>&nbsp;<\/p>\n","protected":false},"excerpt":{"rendered":"<p>repetition desu kara fraser&#8230; verb(masu form stem)masenka issho ni ikimash\u014d d\u014ddesuka &#8230;wa chotto&#8230; &nbsp; Grammatik&#8230; plats de evenemang ga arimasu verb (masu form stem) masenka verb (masu form stem) mash\u014d clause 1 kara, clause 2 L\u00e4xa Repetera nya ord, fraser och grammatik &nbsp; S.154 ll\u00a0 B 156 lll B 158 Vl Kana workbook s. 42-43 [&hellip;]<\/p>\n","protected":false},"author":985,"featured_media":0,"parent":0,"menu_order":0,"comment_status":"closed","ping_status":"closed","template":"","meta":{"footnotes":""},"class_list":["post-89","page","type-page","status-publish","hentry","post-preview"],"_links":{"self":[{"href":"https:\/\/blogg.folkuniversitetet.nu\/katata\/wp-json\/wp\/v2\/pages\/89","targetHints":{"allow":["GET"]}}],"collection":[{"href":"https:\/\/blogg.folkuniversitetet.nu\/katata\/wp-json\/wp\/v2\/pages"}],"about":[{"href":"https:\/\/blogg.folkuniversitetet.nu\/katata\/wp-json\/wp\/v2\/types\/page"}],"author":[{"embeddable":true,"href":"https:\/\/blogg.folkuniversitetet.nu\/katata\/wp-json\/wp\/v2\/users\/985"}],"replies":[{"embeddable":true,"href":"https:\/\/blogg.folkuniversitetet.nu\/katata\/wp-json\/wp\/v2\/comments?post=89"}],"version-history":[{"count":4,"href":"https:\/\/blogg.folkuniversitetet.nu\/katata\/wp-json\/wp\/v2\/pages\/89\/revisions"}],"predecessor-version":[{"id":96,"href":"https:\/\/blogg.folkuniversitetet.nu\/katata\/wp-json\/wp\/v2\/pages\/89\/revisions\/96"}],"wp:attachment":[{"href":"https:\/\/blogg.folkuniversitetet.nu\/katata\/wp-json\/wp\/v2\/media?parent=89"}],"curies":[{"name":"wp","href":"https:\/\/api.w.org\/{rel}","templated":true}]}}