{"id":64,"date":"2026-02-17T01:32:17","date_gmt":"2026-02-17T00:32:17","guid":{"rendered":"https:\/\/blogg.folkuniversitetet.nu\/katata\/?page_id=64"},"modified":"2026-02-18T17:24:18","modified_gmt":"2026-02-18T16:24:18","slug":"japanska-a1-del-4-16-feb","status":"publish","type":"page","link":"https:\/\/blogg.folkuniversitetet.nu\/katata\/japanska-a1-del-4-16-feb\/","title":{"rendered":"Japanska A1 del 4 16 Feb"},"content":{"rendered":"<p>Repetition lektion 15<\/p>\n<p>lektion 16<\/p>\n<p>freaser&#8230;(masu form stem) masenka, issho ni ikimasenka, d\u014ddesuka, &#8230;wa chotto&#8230;<\/p>\n<p>&nbsp;<\/p>\n<p><strong>Gramatik<\/strong><\/p>\n<p>plats de evenemang ga arimasu<\/p>\n<p>&nbsp;<\/p>\n<p><strong>L\u00e4xa<\/strong><\/p>\n<div class=\"page\" title=\"Page 24\">\n<div class=\"section\">\n<div class=\"layoutArea\">\n<div class=\"column\">\n<p>\u30fbRepetera nya ord och fraser \u30fbArbetsblad<\/p>\n<p>\u2192O\u0308va mer bo\u0308jningssa\u0308tt och so\u0308ka verbets betydelser Jag rekommenderar att anva\u0308nda Jisho.org!<\/p>\n<\/div>\n<p>\u30fbkana workbook s. 39-41<\/p>\n<\/div>\n<p><a href=\"http:\/\/blogg.folkuniversitetet.nu\/katata\/files\/2026\/02\/A1-del4-dag2.pdf\">A1 del4 dag2<\/a><\/p>\n<\/div>\n<\/div>\n<p>H\u00e4r \u00e4r youtube l\u00e4nken om setsubun!<\/p>\n<p><iframe loading=\"lazy\" title=\"\u3010JLPT  N3\u30112\u6708\u306e\u65e5\u672c\u6587\u5316\uff5c\u7bc0\u5206\u30fb\u6075\u65b9\u5dfb\u30fb\u30d0\u30ec\u30f3\u30bf\u30a4\u30f3 #71\" width=\"676\" height=\"380\" src=\"https:\/\/www.youtube.com\/embed\/zS-Jzzwm1RQ?feature=oembed\" frameborder=\"0\" allow=\"accelerometer; autoplay; clipboard-write; encrypted-media; gyroscope; picture-in-picture; web-share\" referrerpolicy=\"strict-origin-when-cross-origin\" allowfullscreen><\/iframe><\/p>\n<p>&nbsp;<\/p>\n","protected":false},"excerpt":{"rendered":"<p>Repetition lektion 15 lektion 16 freaser&#8230;(masu form stem) masenka, issho ni ikimasenka, d\u014ddesuka, &#8230;wa chotto&#8230; &nbsp; Gramatik plats de evenemang ga arimasu &nbsp; L\u00e4xa \u30fbRepetera nya ord och fraser \u30fbArbetsblad \u2192O\u0308va mer bo\u0308jningssa\u0308tt och so\u0308ka verbets betydelser Jag rekommenderar att anva\u0308nda Jisho.org! \u30fbkana workbook s. 39-41 A1 del4 dag2 H\u00e4r \u00e4r youtube l\u00e4nken om setsubun! [&hellip;]<\/p>\n","protected":false},"author":985,"featured_media":0,"parent":0,"menu_order":0,"comment_status":"closed","ping_status":"closed","template":"","meta":{"footnotes":""},"class_list":["post-64","page","type-page","status-publish","hentry","post-preview"],"_links":{"self":[{"href":"https:\/\/blogg.folkuniversitetet.nu\/katata\/wp-json\/wp\/v2\/pages\/64","targetHints":{"allow":["GET"]}}],"collection":[{"href":"https:\/\/blogg.folkuniversitetet.nu\/katata\/wp-json\/wp\/v2\/pages"}],"about":[{"href":"https:\/\/blogg.folkuniversitetet.nu\/katata\/wp-json\/wp\/v2\/types\/page"}],"author":[{"embeddable":true,"href":"https:\/\/blogg.folkuniversitetet.nu\/katata\/wp-json\/wp\/v2\/users\/985"}],"replies":[{"embeddable":true,"href":"https:\/\/blogg.folkuniversitetet.nu\/katata\/wp-json\/wp\/v2\/comments?post=64"}],"version-history":[{"count":5,"href":"https:\/\/blogg.folkuniversitetet.nu\/katata\/wp-json\/wp\/v2\/pages\/64\/revisions"}],"predecessor-version":[{"id":83,"href":"https:\/\/blogg.folkuniversitetet.nu\/katata\/wp-json\/wp\/v2\/pages\/64\/revisions\/83"}],"wp:attachment":[{"href":"https:\/\/blogg.folkuniversitetet.nu\/katata\/wp-json\/wp\/v2\/media?parent=64"}],"curies":[{"name":"wp","href":"https:\/\/api.w.org\/{rel}","templated":true}]}}