{"id":43,"date":"2026-02-11T16:50:34","date_gmt":"2026-02-11T15:50:34","guid":{"rendered":"https:\/\/blogg.folkuniversitetet.nu\/katata\/?page_id=43"},"modified":"2026-02-11T22:04:18","modified_gmt":"2026-02-11T21:04:18","slug":"japanska-a2-del-4","status":"publish","type":"page","link":"https:\/\/blogg.folkuniversitetet.nu\/katata\/japanska-a2-del-4\/","title":{"rendered":"Japanska A2 del 4"},"content":{"rendered":"<p>V\u00e4lkommen till kursen Japanska A2 del 4!<\/p>\n<p>&nbsp;<\/p>\n<p>lektion 16 dialogen<\/p>\n<p>Nya ord och fraser &#8221;\u3061\u3087\u3046\u3069&#8221;, \u3052\u3063\u3059\u3044\u304d\u3093&#8221;<\/p>\n<p>Grammatik volitional form, partikel \uff0b\u306e<\/p>\n<p>L\u00e4xa<br \/>\ns.168\u3000l 6-16<br \/>\ns.169\u3000ll\u30005- 8<br \/>\ns.170 Exercise\u30002 3-5<\/p>\n<p>Repetera<br \/>\nnya ord och fraser.<\/p>\n<p>F\u00f6r n\u00e5gon som redan har gjort de l\u00e4xa under f\u00f6rra tereminen rekommenderar jag att \u00f6va med \u00f6vningsboken s.90-92. <a href=\"http:\/\/blogg.folkuniversitetet.nu\/katata\/files\/2026\/02\/A2-del4-dag1.pdf\">A2 del4 dag1<\/a><\/p>\n","protected":false},"excerpt":{"rendered":"<p>V\u00e4lkommen till kursen Japanska A2 del 4! &nbsp; lektion 16 dialogen Nya ord och fraser &#8221;\u3061\u3087\u3046\u3069&#8221;, \u3052\u3063\u3059\u3044\u304d\u3093&#8221; Grammatik volitional form, partikel \uff0b\u306e L\u00e4xa s.168\u3000l 6-16 s.169\u3000ll\u30005- 8 s.170 Exercise\u30002 3-5 Repetera nya ord och fraser. F\u00f6r n\u00e5gon som redan har gjort de l\u00e4xa under f\u00f6rra tereminen rekommenderar jag att \u00f6va med \u00f6vningsboken s.90-92. A2 del4 [&hellip;]<\/p>\n","protected":false},"author":985,"featured_media":0,"parent":0,"menu_order":0,"comment_status":"closed","ping_status":"closed","template":"","meta":{"footnotes":""},"class_list":["post-43","page","type-page","status-publish","hentry","post-preview"],"_links":{"self":[{"href":"https:\/\/blogg.folkuniversitetet.nu\/katata\/wp-json\/wp\/v2\/pages\/43","targetHints":{"allow":["GET"]}}],"collection":[{"href":"https:\/\/blogg.folkuniversitetet.nu\/katata\/wp-json\/wp\/v2\/pages"}],"about":[{"href":"https:\/\/blogg.folkuniversitetet.nu\/katata\/wp-json\/wp\/v2\/types\/page"}],"author":[{"embeddable":true,"href":"https:\/\/blogg.folkuniversitetet.nu\/katata\/wp-json\/wp\/v2\/users\/985"}],"replies":[{"embeddable":true,"href":"https:\/\/blogg.folkuniversitetet.nu\/katata\/wp-json\/wp\/v2\/comments?post=43"}],"version-history":[{"count":3,"href":"https:\/\/blogg.folkuniversitetet.nu\/katata\/wp-json\/wp\/v2\/pages\/43\/revisions"}],"predecessor-version":[{"id":58,"href":"https:\/\/blogg.folkuniversitetet.nu\/katata\/wp-json\/wp\/v2\/pages\/43\/revisions\/58"}],"wp:attachment":[{"href":"https:\/\/blogg.folkuniversitetet.nu\/katata\/wp-json\/wp\/v2\/media?parent=43"}],"curies":[{"name":"wp","href":"https:\/\/api.w.org\/{rel}","templated":true}]}}