{"id":144,"date":"2026-04-14T16:40:13","date_gmt":"2026-04-14T15:40:13","guid":{"rendered":"https:\/\/blogg.folkuniversitetet.nu\/katata\/?page_id=144"},"modified":"2026-04-14T16:40:13","modified_gmt":"2026-04-14T15:40:13","slug":"a2-del-4-13-april","status":"publish","type":"page","link":"https:\/\/blogg.folkuniversitetet.nu\/katata\/a2-del-4-13-april\/","title":{"rendered":"A2 del 4 13 april"},"content":{"rendered":"<p class=\"p1\">repetition lektion 18<\/p>\n<p class=\"p1\"><span style=\"color: #ff6600\"><span class=\"Apple-converted-space\">\u00a0<\/span>l\u00e4xa<\/span><\/p>\n<p class=\"p1\">\u00a0\u00d6vningbok s.107, s.111<\/p>\n<p class=\"p1\">\u00a0Resten av uppgifter<\/p>\n<p class=\"p1\">\u00a0Som uppv\u00e4rmningssamtal n\u00e4sta vecka t\u00e4nker jag att ni skulle kunna intervjua varandra om era hemst\u00e4der.<\/p>\n<p class=\"p1\">\u00a0T\u00e4nk p\u00e5 dessa fr\u00e5gor s\u00e5 att ni kan ber\u00e4tta om era hemst\u00e4der.<\/p>\n<p class=\"p1\">\u00a0\u30fb\u307e\u3061\u306e\u3000\u306a\u307e\u3048\u3000stadsnamn<\/p>\n<p class=\"p1\">\u00a0\u30fb\u3069\u3053\u306b\u3042\u308a\u307e\u3059\u304b\u3000var ligger staden?<\/p>\n<p class=\"p1\">\u00a0<span class=\"s1\">\u30fb\u3086\u3046\u3081\u3044\u306a\u3070\u3057\u3087\u3000<\/span>Den mesta k\u00e4nda platsen i den staden(eller den plats eller en sak du gillar mest)<\/p>\n<p>&nbsp;<\/p>\n<p><span style=\"color: #ff6600\">Bilder<\/span><\/p>\n<p><a href=\"http:\/\/blogg.folkuniversitetet.nu\/katata\/files\/2026\/04\/dag-7-A2-del-4-.pdf\">dag 7 A2 del 4<\/a><\/p>\n","protected":false},"excerpt":{"rendered":"<p>repetition lektion 18 \u00a0l\u00e4xa \u00a0\u00d6vningbok s.107, s.111 \u00a0Resten av uppgifter \u00a0Som uppv\u00e4rmningssamtal n\u00e4sta vecka t\u00e4nker jag att ni skulle kunna intervjua varandra om era hemst\u00e4der. \u00a0T\u00e4nk p\u00e5 dessa fr\u00e5gor s\u00e5 att ni kan ber\u00e4tta om era hemst\u00e4der. \u00a0\u30fb\u307e\u3061\u306e\u3000\u306a\u307e\u3048\u3000stadsnamn \u00a0\u30fb\u3069\u3053\u306b\u3042\u308a\u307e\u3059\u304b\u3000var ligger staden? \u00a0\u30fb\u3086\u3046\u3081\u3044\u306a\u3070\u3057\u3087\u3000Den mesta k\u00e4nda platsen i den staden(eller den plats eller en sak du gillar [&hellip;]<\/p>\n","protected":false},"author":985,"featured_media":0,"parent":0,"menu_order":0,"comment_status":"closed","ping_status":"closed","template":"","meta":{"footnotes":""},"class_list":["post-144","page","type-page","status-publish","hentry","post-preview"],"_links":{"self":[{"href":"https:\/\/blogg.folkuniversitetet.nu\/katata\/wp-json\/wp\/v2\/pages\/144","targetHints":{"allow":["GET"]}}],"collection":[{"href":"https:\/\/blogg.folkuniversitetet.nu\/katata\/wp-json\/wp\/v2\/pages"}],"about":[{"href":"https:\/\/blogg.folkuniversitetet.nu\/katata\/wp-json\/wp\/v2\/types\/page"}],"author":[{"embeddable":true,"href":"https:\/\/blogg.folkuniversitetet.nu\/katata\/wp-json\/wp\/v2\/users\/985"}],"replies":[{"embeddable":true,"href":"https:\/\/blogg.folkuniversitetet.nu\/katata\/wp-json\/wp\/v2\/comments?post=144"}],"version-history":[{"count":1,"href":"https:\/\/blogg.folkuniversitetet.nu\/katata\/wp-json\/wp\/v2\/pages\/144\/revisions"}],"predecessor-version":[{"id":147,"href":"https:\/\/blogg.folkuniversitetet.nu\/katata\/wp-json\/wp\/v2\/pages\/144\/revisions\/147"}],"wp:attachment":[{"href":"https:\/\/blogg.folkuniversitetet.nu\/katata\/wp-json\/wp\/v2\/media?parent=144"}],"curies":[{"name":"wp","href":"https:\/\/api.w.org\/{rel}","templated":true}]}}