{"id":140,"date":"2026-04-14T16:39:29","date_gmt":"2026-04-14T15:39:29","guid":{"rendered":"https:\/\/blogg.folkuniversitetet.nu\/katata\/?page_id=140"},"modified":"2026-04-14T16:39:29","modified_gmt":"2026-04-14T15:39:29","slug":"a1-del-4-13-april","status":"publish","type":"page","link":"https:\/\/blogg.folkuniversitetet.nu\/katata\/a1-del-4-13-april\/","title":{"rendered":"A1 del 4 13 april"},"content":{"rendered":"<p class=\"p1\">repetition lektion 19<\/p>\n<p class=\"p1\"><span style=\"color: #ff6600\">L\u00e4xa<\/span><\/p>\n<p class=\"p1\">S. 193 II, III<\/p>\n<p class=\"p1\">Unders\u00f6k en stad i Japan som du vill bes\u00f6ka och ta reda p\u00e5 hur l\u00e5ng tid det tar att \u00e5ka dit fr\u00e5n Tokyo med antingen bil, flyg, t\u00e5g, Shinkansen eller b\u00e5t.<\/p>\n<p>&nbsp;<\/p>\n<p class=\"p1\"><span style=\"color: #ff6600\">Bilder<\/span><\/p>\n<p><a href=\"http:\/\/blogg.folkuniversitetet.nu\/katata\/files\/2026\/04\/dag-7-A1-del-4-.pdf\">dag 7 A1 del 4<\/a><\/p>\n","protected":false},"excerpt":{"rendered":"<p>repetition lektion 19 L\u00e4xa S. 193 II, III Unders\u00f6k en stad i Japan som du vill bes\u00f6ka och ta reda p\u00e5 hur l\u00e5ng tid det tar att \u00e5ka dit fr\u00e5n Tokyo med antingen bil, flyg, t\u00e5g, Shinkansen eller b\u00e5t. &nbsp; Bilder dag 7 A1 del 4<\/p>\n","protected":false},"author":985,"featured_media":0,"parent":0,"menu_order":0,"comment_status":"closed","ping_status":"closed","template":"","meta":{"footnotes":""},"class_list":["post-140","page","type-page","status-publish","hentry","post-preview"],"_links":{"self":[{"href":"https:\/\/blogg.folkuniversitetet.nu\/katata\/wp-json\/wp\/v2\/pages\/140","targetHints":{"allow":["GET"]}}],"collection":[{"href":"https:\/\/blogg.folkuniversitetet.nu\/katata\/wp-json\/wp\/v2\/pages"}],"about":[{"href":"https:\/\/blogg.folkuniversitetet.nu\/katata\/wp-json\/wp\/v2\/types\/page"}],"author":[{"embeddable":true,"href":"https:\/\/blogg.folkuniversitetet.nu\/katata\/wp-json\/wp\/v2\/users\/985"}],"replies":[{"embeddable":true,"href":"https:\/\/blogg.folkuniversitetet.nu\/katata\/wp-json\/wp\/v2\/comments?post=140"}],"version-history":[{"count":1,"href":"https:\/\/blogg.folkuniversitetet.nu\/katata\/wp-json\/wp\/v2\/pages\/140\/revisions"}],"predecessor-version":[{"id":143,"href":"https:\/\/blogg.folkuniversitetet.nu\/katata\/wp-json\/wp\/v2\/pages\/140\/revisions\/143"}],"wp:attachment":[{"href":"https:\/\/blogg.folkuniversitetet.nu\/katata\/wp-json\/wp\/v2\/media?parent=140"}],"curies":[{"name":"wp","href":"https:\/\/api.w.org\/{rel}","templated":true}]}}