{"id":131,"date":"2026-03-31T13:17:00","date_gmt":"2026-03-31T12:17:00","guid":{"rendered":"https:\/\/blogg.folkuniversitetet.nu\/katata\/?page_id=131"},"modified":"2026-03-31T13:17:00","modified_gmt":"2026-03-31T12:17:00","slug":"a1-del-4-30-mars","status":"publish","type":"page","link":"https:\/\/blogg.folkuniversitetet.nu\/katata\/a1-del-4-30-mars\/","title":{"rendered":"A1 del 4 30 mars"},"content":{"rendered":"<p class=\"p1\">lektion 19<span class=\"Apple-converted-space\">\u00a0<\/span><\/p>\n<p class=\"p1\"><span style=\"color: #ff9900\">fraser<\/span>&#8230;chotto mattekudasai, yorosiku tsutaete kudasai, tsugi no sing\u014d o migi\/hidari ni magatte kudasai<\/p>\n<p class=\"p1\"><span style=\"color: #ff9900\">gramatiska punkter<\/span>&#8230;verb te form kudasai, medel de, place\/space o<\/p>\n<p><span style=\"color: #ff9900\">L\u00e4xa<\/span><\/p>\n<p class=\"p1\">s. 183 ll, lll, IV<span class=\"Apple-converted-space\">\u00a0<\/span><\/p>\n<p class=\"p1\">Kanabook 3 sidor<span class=\"Apple-converted-space\">\u00a0<\/span><\/p>\n<p>resten av arbetsbladet(kudasai)<\/p>\n<p><strong><span style=\"color: #ff0000\">N\u00e4sta lektion \u00e4r den 13:e april med Bob<\/span><\/strong><\/p>\n<p><strong><span style=\"color: #ff0000\">Ta g\u00e4rna\u00a0 arbetsbladden (kudasai, kartan) med er n\u00e4sta lektion!<\/span><\/strong><\/p>\n<p>&nbsp;<\/p>\n<p><span style=\"color: #ff9900\">Bilder\u00a0<\/span><\/p>\n<p><a href=\"http:\/\/blogg.folkuniversitetet.nu\/katata\/files\/2026\/03\/dag-6-A1-del-4-.pdf\">dag 6 A1 del 4<\/a><\/p>\n<p>&nbsp;<\/p>\n<p><span style=\"color: #ff9900\">arbetsblad<\/span><\/p>\n<p><a href=\"http:\/\/blogg.folkuniversitetet.nu\/katata\/files\/2026\/03\/\u304f\u3060\u3055\u3044-\u30da\u30a2\u7df4\u7fd2.pdf\">\u304f\u305f\u3099\u3055\u3044\u3000\u30d8\u309a\u30a2\u7df4\u7fd2<\/a><\/p>\n<p><a href=\"http:\/\/blogg.folkuniversitetet.nu\/katata\/files\/2026\/03\/A1-del-4-lektion-19-\u5b85\u6025\u4fbf\u5c4b\u3055\u3093.pdf\">A1 del 4 lektion 19\u3000\u5b85\u6025\u4fbf\u5c4b\u3055\u3093<\/a>(kartan)<\/p>\n","protected":false},"excerpt":{"rendered":"<p>lektion 19\u00a0 fraser&#8230;chotto mattekudasai, yorosiku tsutaete kudasai, tsugi no sing\u014d o migi\/hidari ni magatte kudasai gramatiska punkter&#8230;verb te form kudasai, medel de, place\/space o L\u00e4xa s. 183 ll, lll, IV\u00a0 Kanabook 3 sidor\u00a0 resten av arbetsbladet(kudasai) N\u00e4sta lektion \u00e4r den 13:e april med Bob Ta g\u00e4rna\u00a0 arbetsbladden (kudasai, kartan) med er n\u00e4sta lektion! &nbsp; Bilder\u00a0 [&hellip;]<\/p>\n","protected":false},"author":985,"featured_media":0,"parent":0,"menu_order":0,"comment_status":"closed","ping_status":"closed","template":"","meta":{"footnotes":""},"class_list":["post-131","page","type-page","status-publish","hentry","post-preview"],"_links":{"self":[{"href":"https:\/\/blogg.folkuniversitetet.nu\/katata\/wp-json\/wp\/v2\/pages\/131","targetHints":{"allow":["GET"]}}],"collection":[{"href":"https:\/\/blogg.folkuniversitetet.nu\/katata\/wp-json\/wp\/v2\/pages"}],"about":[{"href":"https:\/\/blogg.folkuniversitetet.nu\/katata\/wp-json\/wp\/v2\/types\/page"}],"author":[{"embeddable":true,"href":"https:\/\/blogg.folkuniversitetet.nu\/katata\/wp-json\/wp\/v2\/users\/985"}],"replies":[{"embeddable":true,"href":"https:\/\/blogg.folkuniversitetet.nu\/katata\/wp-json\/wp\/v2\/comments?post=131"}],"version-history":[{"count":1,"href":"https:\/\/blogg.folkuniversitetet.nu\/katata\/wp-json\/wp\/v2\/pages\/131\/revisions"}],"predecessor-version":[{"id":136,"href":"https:\/\/blogg.folkuniversitetet.nu\/katata\/wp-json\/wp\/v2\/pages\/131\/revisions\/136"}],"wp:attachment":[{"href":"https:\/\/blogg.folkuniversitetet.nu\/katata\/wp-json\/wp\/v2\/media?parent=131"}],"curies":[{"name":"wp","href":"https:\/\/api.w.org\/{rel}","templated":true}]}}