{"id":127,"date":"2026-03-31T13:11:07","date_gmt":"2026-03-31T12:11:07","guid":{"rendered":"https:\/\/blogg.folkuniversitetet.nu\/katata\/?page_id=127"},"modified":"2026-03-31T13:27:52","modified_gmt":"2026-03-31T12:27:52","slug":"a2-del-4-30-mars","status":"publish","type":"page","link":"https:\/\/blogg.folkuniversitetet.nu\/katata\/a2-del-4-30-mars\/","title":{"rendered":"A2 del 4 30 mars"},"content":{"rendered":"<p>repetition<\/p>\n<p class=\"p1\">lektion 19<span class=\"Apple-converted-space\">\u00a0<\/span><\/p>\n<p class=\"p1\"><span style=\"color: #ff9900\">fraser<\/span>&#8230;nani nani?, 9gatsu no bai, hantoshide , d\u014d shimasuka, hajime, naka, owari<\/p>\n<p class=\"p1\"><span style=\"color: #ff9900\">gramatiska punkter<\/span>&#8230;kamo shiremasen, tara<\/p>\n<p>&nbsp;<\/p>\n<p>Ni kan prova l\u00e4sa lite av mangan som jag n\u00e4mnde under lektionen: \u6771\u4eac\u30bf\u30e9\u30ec\u30d0\u5a18.<\/p>\n<p>L\u00e4nken \u00e4r h\u00e4r. Om ni klickar p\u00e5 den r\u00f6da knappen \u7121\u6599\u8a66\u3057\u8aad\u307f p\u00e5 hemsidan kan ni l\u00e4sa 31 sidor!<\/p>\n<p><a href=\"https:\/\/comic.k-manga.jp\/title\/104331\/pv\">https:\/\/comic.k-manga.jp\/title\/104331\/pv<\/a><\/p>\n<p>&nbsp;<\/p>\n<p>&nbsp;<\/p>\n<p class=\"p1\"><span style=\"color: #ff9900\">L\u00e4xa<\/span><\/p>\n<p class=\"p1\">\u00a0S. 194 reading task<span class=\"Apple-converted-space\">\u00a0<\/span><\/p>\n<p class=\"p1\">\u00a0S. 203 exercise 1<span class=\"Apple-converted-space\">\u00a0<\/span><\/p>\n<p class=\"p1\">\u00a0S. 205 exercise 2<span class=\"Apple-converted-space\">\u00a0<\/span><\/p>\n<p>Sanning eller l\u00f6gn&#8230;Skriv tv\u00e5 meningar (sanning) och en mening (l\u00f6gn) om er sj\u00e4lva<\/p>\n<p><span style=\"color: #ff0000\">N\u00e4sta lektion \u00e4r den 13:e april med Bob\u00a0<\/span><\/p>\n<p>&nbsp;<\/p>\n<p><span style=\"color: #ff9900\">Bilder<\/span><\/p>\n<p><a href=\"http:\/\/blogg.folkuniversitetet.nu\/katata\/files\/2026\/03\/dag-6-A2-del-4-dag-6.pdf\">dag 6 A2 del 4 dag 6<\/a><\/p>\n","protected":false},"excerpt":{"rendered":"<p>repetition lektion 19\u00a0 fraser&#8230;nani nani?, 9gatsu no bai, hantoshide , d\u014d shimasuka, hajime, naka, owari gramatiska punkter&#8230;kamo shiremasen, tara &nbsp; Ni kan prova l\u00e4sa lite av mangan som jag n\u00e4mnde under lektionen: \u6771\u4eac\u30bf\u30e9\u30ec\u30d0\u5a18. L\u00e4nken \u00e4r h\u00e4r. Om ni klickar p\u00e5 den r\u00f6da knappen \u7121\u6599\u8a66\u3057\u8aad\u307f p\u00e5 hemsidan kan ni l\u00e4sa 31 sidor! https:\/\/comic.k-manga.jp\/title\/104331\/pv &nbsp; &nbsp; L\u00e4xa [&hellip;]<\/p>\n","protected":false},"author":985,"featured_media":0,"parent":0,"menu_order":0,"comment_status":"closed","ping_status":"closed","template":"","meta":{"footnotes":""},"class_list":["post-127","page","type-page","status-publish","hentry","post-preview"],"_links":{"self":[{"href":"https:\/\/blogg.folkuniversitetet.nu\/katata\/wp-json\/wp\/v2\/pages\/127","targetHints":{"allow":["GET"]}}],"collection":[{"href":"https:\/\/blogg.folkuniversitetet.nu\/katata\/wp-json\/wp\/v2\/pages"}],"about":[{"href":"https:\/\/blogg.folkuniversitetet.nu\/katata\/wp-json\/wp\/v2\/types\/page"}],"author":[{"embeddable":true,"href":"https:\/\/blogg.folkuniversitetet.nu\/katata\/wp-json\/wp\/v2\/users\/985"}],"replies":[{"embeddable":true,"href":"https:\/\/blogg.folkuniversitetet.nu\/katata\/wp-json\/wp\/v2\/comments?post=127"}],"version-history":[{"count":3,"href":"https:\/\/blogg.folkuniversitetet.nu\/katata\/wp-json\/wp\/v2\/pages\/127\/revisions"}],"predecessor-version":[{"id":138,"href":"https:\/\/blogg.folkuniversitetet.nu\/katata\/wp-json\/wp\/v2\/pages\/127\/revisions\/138"}],"wp:attachment":[{"href":"https:\/\/blogg.folkuniversitetet.nu\/katata\/wp-json\/wp\/v2\/media?parent=127"}],"curies":[{"name":"wp","href":"https:\/\/api.w.org\/{rel}","templated":true}]}}