{"id":997,"date":"2026-05-02T12:39:29","date_gmt":"2026-05-02T11:39:29","guid":{"rendered":"https:\/\/blogg.folkuniversitetet.nu\/karlch\/?page_id=997"},"modified":"2026-05-02T12:39:29","modified_gmt":"2026-05-02T11:39:29","slug":"b1-del-1-2-maj","status":"publish","type":"page","link":"https:\/\/blogg.folkuniversitetet.nu\/karlch\/b1-del-1-2-maj\/","title":{"rendered":"B1 del 1: 2 maj"},"content":{"rendered":"<p>Hej!<br \/>\nTack f\u00f6r en mycket trevlig f\u00f6rsta lektion!<\/p>\n<p>Vi startade lektionen med ett mingelbingo. Ni minglade och st\u00e4llde fr\u00e5gor till varandra. Till slut fick en deltagare bingo (fem i rad)!<\/p>\n<p>Efter det b\u00f6rjade vi arbeta i boken. Vi gjorde alla \u00f6vningar fram till \u00f6vning F p\u00e5 sida 14 i textboken. Texten p\u00e5 sida 12 &#8211; 13 l\u00e4ste vi flera g\u00e5nger, och ni skrev fr\u00e5gor till texten.<\/p>\n<p><strong>L\u00e4xa:<br \/>\n<\/strong>Textboken s. 12 &#8211; 13: v\u00e4lj 10 ord att memorera till n\u00e4sta lektion<br \/>\nTextboken s. 15: l\u00e4s texten och kontrollera nya ord<br \/>\n\u00d6vningsboken: s. 6 &#8211; 9<\/p>\n","protected":false},"excerpt":{"rendered":"<p>Hej! Tack f\u00f6r en mycket trevlig f\u00f6rsta lektion! Vi startade lektionen med ett mingelbingo. Ni minglade och st\u00e4llde fr\u00e5gor till varandra. Till slut fick en deltagare bingo (fem i rad)! Efter det b\u00f6rjade vi arbeta i boken. Vi gjorde alla \u00f6vningar fram till \u00f6vning F p\u00e5 sida 14 i textboken. Texten p\u00e5 sida 12 &#8211; [&hellip;]<\/p>\n","protected":false},"author":899,"featured_media":0,"parent":0,"menu_order":0,"comment_status":"closed","ping_status":"closed","template":"","meta":{"footnotes":""},"class_list":["post-997","page","type-page","status-publish","hentry","post-preview"],"_links":{"self":[{"href":"https:\/\/blogg.folkuniversitetet.nu\/karlch\/wp-json\/wp\/v2\/pages\/997","targetHints":{"allow":["GET"]}}],"collection":[{"href":"https:\/\/blogg.folkuniversitetet.nu\/karlch\/wp-json\/wp\/v2\/pages"}],"about":[{"href":"https:\/\/blogg.folkuniversitetet.nu\/karlch\/wp-json\/wp\/v2\/types\/page"}],"author":[{"embeddable":true,"href":"https:\/\/blogg.folkuniversitetet.nu\/karlch\/wp-json\/wp\/v2\/users\/899"}],"replies":[{"embeddable":true,"href":"https:\/\/blogg.folkuniversitetet.nu\/karlch\/wp-json\/wp\/v2\/comments?post=997"}],"version-history":[{"count":1,"href":"https:\/\/blogg.folkuniversitetet.nu\/karlch\/wp-json\/wp\/v2\/pages\/997\/revisions"}],"predecessor-version":[{"id":998,"href":"https:\/\/blogg.folkuniversitetet.nu\/karlch\/wp-json\/wp\/v2\/pages\/997\/revisions\/998"}],"wp:attachment":[{"href":"https:\/\/blogg.folkuniversitetet.nu\/karlch\/wp-json\/wp\/v2\/media?parent=997"}],"curies":[{"name":"wp","href":"https:\/\/api.w.org\/{rel}","templated":true}]}}