{"id":995,"date":"2026-05-02T12:33:16","date_gmt":"2026-05-02T11:33:16","guid":{"rendered":"https:\/\/blogg.folkuniversitetet.nu\/karlch\/?page_id=995"},"modified":"2026-05-02T12:33:16","modified_gmt":"2026-05-02T11:33:16","slug":"b1-del-1-lordagar","status":"publish","type":"page","link":"https:\/\/blogg.folkuniversitetet.nu\/karlch\/b1-del-1-lordagar\/","title":{"rendered":"B1 del 1 l\u00f6rdagar"},"content":{"rendered":"<p>Hej!<\/p>\n<p>V\u00e4lkommen till denna forts\u00e4ttninskurs i svenska. Vi ses p\u00e5 l\u00f6rdagar kl. 10.<\/p>\n<p>Tveka inte att h\u00f6ra av dig om du har fr\u00e5gor.<\/p>\n<p>Vi ses! \ud83d\ude00<\/p>\n","protected":false},"excerpt":{"rendered":"<p>Hej! V\u00e4lkommen till denna forts\u00e4ttninskurs i svenska. Vi ses p\u00e5 l\u00f6rdagar kl. 10. Tveka inte att h\u00f6ra av dig om du har fr\u00e5gor. Vi ses! \ud83d\ude00<\/p>\n","protected":false},"author":899,"featured_media":0,"parent":0,"menu_order":0,"comment_status":"closed","ping_status":"closed","template":"","meta":{"footnotes":""},"class_list":["post-995","page","type-page","status-publish","hentry","post-preview"],"_links":{"self":[{"href":"https:\/\/blogg.folkuniversitetet.nu\/karlch\/wp-json\/wp\/v2\/pages\/995","targetHints":{"allow":["GET"]}}],"collection":[{"href":"https:\/\/blogg.folkuniversitetet.nu\/karlch\/wp-json\/wp\/v2\/pages"}],"about":[{"href":"https:\/\/blogg.folkuniversitetet.nu\/karlch\/wp-json\/wp\/v2\/types\/page"}],"author":[{"embeddable":true,"href":"https:\/\/blogg.folkuniversitetet.nu\/karlch\/wp-json\/wp\/v2\/users\/899"}],"replies":[{"embeddable":true,"href":"https:\/\/blogg.folkuniversitetet.nu\/karlch\/wp-json\/wp\/v2\/comments?post=995"}],"version-history":[{"count":1,"href":"https:\/\/blogg.folkuniversitetet.nu\/karlch\/wp-json\/wp\/v2\/pages\/995\/revisions"}],"predecessor-version":[{"id":996,"href":"https:\/\/blogg.folkuniversitetet.nu\/karlch\/wp-json\/wp\/v2\/pages\/995\/revisions\/996"}],"wp:attachment":[{"href":"https:\/\/blogg.folkuniversitetet.nu\/karlch\/wp-json\/wp\/v2\/media?parent=995"}],"curies":[{"name":"wp","href":"https:\/\/api.w.org\/{rel}","templated":true}]}}