{"id":992,"date":"2026-04-29T19:18:45","date_gmt":"2026-04-29T18:18:45","guid":{"rendered":"https:\/\/blogg.folkuniversitetet.nu\/karlch\/?page_id=992"},"modified":"2026-04-29T19:18:45","modified_gmt":"2026-04-29T18:18:45","slug":"a2-del-1-29-april","status":"publish","type":"page","link":"https:\/\/blogg.folkuniversitetet.nu\/karlch\/a2-del-1-29-april\/","title":{"rendered":"A2 del 1: 29 april"},"content":{"rendered":"<p>Vi startade lektionen med en diskussion om mat.<\/p>\n<p>Efter det arbetade vi med sidorna 132 &#8211; 133 i textboken, \u00f6vning D, F, G och H. I grupper skrev ni en dejtingprofil \u00e5t person 1, 2 eller 3.<\/p>\n<p>Sedan p\u00e5b\u00f6rjade vi kapitel 12. Vi tittade p\u00e5 listan \u00f6ver matr\u00e4tter i \u00f6vning A, och bildgooglade f\u00f6r att se bilder p\u00e5 maten.<\/p>\n<p>Ni l\u00e4ste texterna\u00a0<em>Vad gillar du f\u00f6r mat?<\/em>, s. 135 &#8211; 136 i par, och diskuterade vem som har skrivit vilken text.<\/p>\n<p>Till sist pratade vi om bisats (<em>subordinate clause <\/em>p\u00e5 engelska). En bisats kan inte st\u00e5 ensam, isolerad, utan m\u00e5ste vara i en huvudsats (<em>main clause<\/em> p\u00e5 engelska).<\/p>\n<p>Ex: <strong>N\u00e4r jag \u00e4r i skogen<\/strong> m\u00e5r jag bra.<br \/>\n<em>N\u00e4r jag \u00e4r i skogen<\/em> \u00e4r en bisats. Den kan inte st\u00e5 ensam.<\/p>\n<p>Bisats startar oftast med en subjunktion &#8211; en bisatsinledare, till exempel\u00a0<em>n\u00e4r, att, om, eftersom<\/em>.<\/p>\n<p>Ni identifierade bisatser i de 6 texterna om mat. Sedan gjorde ni \u00f6vning E p\u00e5 sida 137 i textboken.<\/p>\n<p><strong>L\u00e4xa<\/strong>:<br \/>\n\u00d6vningsboken s. 149 &#8211; 152<br \/>\nTextboken s. 139 &#8211; 140<\/p>\n","protected":false},"excerpt":{"rendered":"<p>Vi startade lektionen med en diskussion om mat. Efter det arbetade vi med sidorna 132 &#8211; 133 i textboken, \u00f6vning D, F, G och H. I grupper skrev ni en dejtingprofil \u00e5t person 1, 2 eller 3. Sedan p\u00e5b\u00f6rjade vi kapitel 12. Vi tittade p\u00e5 listan \u00f6ver matr\u00e4tter i \u00f6vning A, och bildgooglade f\u00f6r att [&hellip;]<\/p>\n","protected":false},"author":899,"featured_media":0,"parent":0,"menu_order":0,"comment_status":"closed","ping_status":"closed","template":"","meta":{"footnotes":""},"class_list":["post-992","page","type-page","status-publish","hentry","post-preview"],"_links":{"self":[{"href":"https:\/\/blogg.folkuniversitetet.nu\/karlch\/wp-json\/wp\/v2\/pages\/992","targetHints":{"allow":["GET"]}}],"collection":[{"href":"https:\/\/blogg.folkuniversitetet.nu\/karlch\/wp-json\/wp\/v2\/pages"}],"about":[{"href":"https:\/\/blogg.folkuniversitetet.nu\/karlch\/wp-json\/wp\/v2\/types\/page"}],"author":[{"embeddable":true,"href":"https:\/\/blogg.folkuniversitetet.nu\/karlch\/wp-json\/wp\/v2\/users\/899"}],"replies":[{"embeddable":true,"href":"https:\/\/blogg.folkuniversitetet.nu\/karlch\/wp-json\/wp\/v2\/comments?post=992"}],"version-history":[{"count":1,"href":"https:\/\/blogg.folkuniversitetet.nu\/karlch\/wp-json\/wp\/v2\/pages\/992\/revisions"}],"predecessor-version":[{"id":993,"href":"https:\/\/blogg.folkuniversitetet.nu\/karlch\/wp-json\/wp\/v2\/pages\/992\/revisions\/993"}],"wp:attachment":[{"href":"https:\/\/blogg.folkuniversitetet.nu\/karlch\/wp-json\/wp\/v2\/media?parent=992"}],"curies":[{"name":"wp","href":"https:\/\/api.w.org\/{rel}","templated":true}]}}