{"id":982,"date":"2026-04-26T09:33:32","date_gmt":"2026-04-26T08:33:32","guid":{"rendered":"https:\/\/blogg.folkuniversitetet.nu\/karlch\/?page_id=982"},"modified":"2026-04-26T09:35:42","modified_gmt":"2026-04-26T08:35:42","slug":"a2-del-1-26-april","status":"publish","type":"page","link":"https:\/\/blogg.folkuniversitetet.nu\/karlch\/a2-del-1-26-april\/","title":{"rendered":"Svenska A1 del 2 S\u00f6ndagar"},"content":{"rendered":"<p>Hej! V\u00e4lkommen till denna svenskkurs, niv\u00e5 A1 del 2!<\/p>\n<p>Vi ses p\u00e5 s\u00f6ndagar, kl. 11.<\/p>\n<p>Vi arbetar med kapitel 6 &#8211; 10 i Rivstart A1\/A2 (2023).<\/p>\n<p>Jag ser fram emot att tr\u00e4ffa er!<br \/>\nChristopher Robin<\/p>\n","protected":false},"excerpt":{"rendered":"<p>Hej! V\u00e4lkommen till denna svenskkurs, niv\u00e5 A1 del 2! Vi ses p\u00e5 s\u00f6ndagar, kl. 11. Vi arbetar med kapitel 6 &#8211; 10 i Rivstart A1\/A2 (2023). Jag ser fram emot att tr\u00e4ffa er! Christopher Robin<\/p>\n","protected":false},"author":899,"featured_media":0,"parent":0,"menu_order":0,"comment_status":"closed","ping_status":"closed","template":"","meta":{"footnotes":""},"class_list":["post-982","page","type-page","status-publish","hentry","post-preview"],"_links":{"self":[{"href":"https:\/\/blogg.folkuniversitetet.nu\/karlch\/wp-json\/wp\/v2\/pages\/982","targetHints":{"allow":["GET"]}}],"collection":[{"href":"https:\/\/blogg.folkuniversitetet.nu\/karlch\/wp-json\/wp\/v2\/pages"}],"about":[{"href":"https:\/\/blogg.folkuniversitetet.nu\/karlch\/wp-json\/wp\/v2\/types\/page"}],"author":[{"embeddable":true,"href":"https:\/\/blogg.folkuniversitetet.nu\/karlch\/wp-json\/wp\/v2\/users\/899"}],"replies":[{"embeddable":true,"href":"https:\/\/blogg.folkuniversitetet.nu\/karlch\/wp-json\/wp\/v2\/comments?post=982"}],"version-history":[{"count":3,"href":"https:\/\/blogg.folkuniversitetet.nu\/karlch\/wp-json\/wp\/v2\/pages\/982\/revisions"}],"predecessor-version":[{"id":989,"href":"https:\/\/blogg.folkuniversitetet.nu\/karlch\/wp-json\/wp\/v2\/pages\/982\/revisions\/989"}],"wp:attachment":[{"href":"https:\/\/blogg.folkuniversitetet.nu\/karlch\/wp-json\/wp\/v2\/media?parent=982"}],"curies":[{"name":"wp","href":"https:\/\/api.w.org\/{rel}","templated":true}]}}