{"id":975,"date":"2026-04-22T19:19:10","date_gmt":"2026-04-22T18:19:10","guid":{"rendered":"https:\/\/blogg.folkuniversitetet.nu\/karlch\/?page_id=975"},"modified":"2026-04-22T19:19:10","modified_gmt":"2026-04-22T18:19:10","slug":"a2-del-1-22-april","status":"publish","type":"page","link":"https:\/\/blogg.folkuniversitetet.nu\/karlch\/a2-del-1-22-april\/","title":{"rendered":"A2 del 1: 22 april"},"content":{"rendered":"<p>Hej igen!<\/p>\n<p>Vi b\u00f6rjade lektionen med lite repetition av adverben\u00a0<em>ocks\u00e5\u00a0<\/em>och\u00a0<em>inte heller<\/em>. (s. 126 i textboken).<\/p>\n<p>Sedan l\u00e4ste vi Annas dejtingprofil, och fyra m\u00e4ns meddelanden till Anna. I par gjorde ni \u00f6vning F och H.<\/p>\n<p>Vi pratade om konjunktioner, ord som l\u00e4nkar samma huvudsatser, och vi gjorde \u00f6vning K p\u00e5 sida 127 i textboken.<\/p>\n<p>Vi repeterade substantivets former, \u00f6vning L och N p\u00e5 sida 127 i textboken. Vi diskuterar ocks\u00e5 n\u00e4r man anv\u00e4nder obest\u00e4md eller best\u00e4md form. Vi gjorde \u00f6vning O p\u00e5 sida 128 i textboken.<\/p>\n<p>Till sist arbetade vi med sidorna 129 &#8211; 131 i textboken.<\/p>\n<p><strong>L\u00e4xa:<\/strong><br \/>\nTextboken s. 130 &#8211; 131, 135 &#8211; 136<br \/>\n\u00d6vningsboken s. 135 &#8211; 148<\/p>\n","protected":false},"excerpt":{"rendered":"<p>Hej igen! Vi b\u00f6rjade lektionen med lite repetition av adverben\u00a0ocks\u00e5\u00a0och\u00a0inte heller. (s. 126 i textboken). Sedan l\u00e4ste vi Annas dejtingprofil, och fyra m\u00e4ns meddelanden till Anna. I par gjorde ni \u00f6vning F och H. Vi pratade om konjunktioner, ord som l\u00e4nkar samma huvudsatser, och vi gjorde \u00f6vning K p\u00e5 sida 127 i textboken. Vi repeterade [&hellip;]<\/p>\n","protected":false},"author":899,"featured_media":0,"parent":0,"menu_order":0,"comment_status":"closed","ping_status":"closed","template":"","meta":{"footnotes":""},"class_list":["post-975","page","type-page","status-publish","hentry","post-preview"],"_links":{"self":[{"href":"https:\/\/blogg.folkuniversitetet.nu\/karlch\/wp-json\/wp\/v2\/pages\/975","targetHints":{"allow":["GET"]}}],"collection":[{"href":"https:\/\/blogg.folkuniversitetet.nu\/karlch\/wp-json\/wp\/v2\/pages"}],"about":[{"href":"https:\/\/blogg.folkuniversitetet.nu\/karlch\/wp-json\/wp\/v2\/types\/page"}],"author":[{"embeddable":true,"href":"https:\/\/blogg.folkuniversitetet.nu\/karlch\/wp-json\/wp\/v2\/users\/899"}],"replies":[{"embeddable":true,"href":"https:\/\/blogg.folkuniversitetet.nu\/karlch\/wp-json\/wp\/v2\/comments?post=975"}],"version-history":[{"count":1,"href":"https:\/\/blogg.folkuniversitetet.nu\/karlch\/wp-json\/wp\/v2\/pages\/975\/revisions"}],"predecessor-version":[{"id":976,"href":"https:\/\/blogg.folkuniversitetet.nu\/karlch\/wp-json\/wp\/v2\/pages\/975\/revisions\/976"}],"wp:attachment":[{"href":"https:\/\/blogg.folkuniversitetet.nu\/karlch\/wp-json\/wp\/v2\/media?parent=975"}],"curies":[{"name":"wp","href":"https:\/\/api.w.org\/{rel}","templated":true}]}}