{"id":972,"date":"2026-04-19T12:23:41","date_gmt":"2026-04-19T11:23:41","guid":{"rendered":"https:\/\/blogg.folkuniversitetet.nu\/karlch\/?page_id=972"},"modified":"2026-04-19T12:23:41","modified_gmt":"2026-04-19T11:23:41","slug":"a1-del-1-19-april","status":"publish","type":"page","link":"https:\/\/blogg.folkuniversitetet.nu\/karlch\/a1-del-1-19-april\/","title":{"rendered":"A1 del 1: 19 april"},"content":{"rendered":"<p>Vi diskuterar:<\/p>\n<p>&#8211; Vad g\u00f6r du p\u00e5 Kulturnatten?<br \/>\n&#8211; Vad ska du g\u00f6ra n\u00e4sta vecka?<br \/>\n&#8211; Vad brukar du g\u00f6ra p\u00e5 fritiden?<\/p>\n<p>Vi g\u00f6r h\u00f6r\u00f6vning F och G p\u00e5 sida 58 i textboken.<br \/>\nSedan l\u00e4ser vi texten\u00a0<em>Vilken film ska vi se?<\/em> p\u00e5 sida 59, och g\u00f6r \u00f6vning A, B, C och D.<\/p>\n<p>Vi anv\u00e4nder ordkort f\u00f6r att repetera vokabul\u00e4r, plural och dialoger.<\/p>\n<p>Till sist l\u00e4ser vi texten\u00a0<em>Marcos dag<\/em> p\u00e5 sida 61 i textboken. Texten introducerar ett nytt verbtempus: preteritum. Ni diskuterar vokabul\u00e4r och identifierar alla verb i preteritum (d\u00e5tid).<\/p>\n<p>Exempel p\u00e5 preteritum:<br \/>\nIg\u00e5r\u00a0<strong>gick\u00a0<\/strong>jag p\u00e5 bio.<br \/>\n2008\u00a0<strong>flyttade<\/strong> jag till Sverige.<br \/>\nF\u00f6rra veckan\u00a0<strong>var<\/strong> jag sjuk.<\/p>\n<p>Stort tack f\u00f6r en trevlig kurs, A1 del 1! Jag hoppas att jag f\u00e5r tr\u00e4ffa er alla p\u00e5 n\u00e4sta niv\u00e5!<br \/>\nOm vi inte ses p\u00e5 n\u00e4sta kurs, \u00f6nskar jag lycka till med svenskan, och ha en fantastisk v\u00e5r och sommar!<\/p>\n","protected":false},"excerpt":{"rendered":"<p>Vi diskuterar: &#8211; Vad g\u00f6r du p\u00e5 Kulturnatten? &#8211; Vad ska du g\u00f6ra n\u00e4sta vecka? &#8211; Vad brukar du g\u00f6ra p\u00e5 fritiden? Vi g\u00f6r h\u00f6r\u00f6vning F och G p\u00e5 sida 58 i textboken. Sedan l\u00e4ser vi texten\u00a0Vilken film ska vi se? p\u00e5 sida 59, och g\u00f6r \u00f6vning A, B, C och D. Vi anv\u00e4nder ordkort [&hellip;]<\/p>\n","protected":false},"author":899,"featured_media":0,"parent":0,"menu_order":0,"comment_status":"closed","ping_status":"closed","template":"","meta":{"footnotes":""},"class_list":["post-972","page","type-page","status-publish","hentry","post-preview"],"_links":{"self":[{"href":"https:\/\/blogg.folkuniversitetet.nu\/karlch\/wp-json\/wp\/v2\/pages\/972","targetHints":{"allow":["GET"]}}],"collection":[{"href":"https:\/\/blogg.folkuniversitetet.nu\/karlch\/wp-json\/wp\/v2\/pages"}],"about":[{"href":"https:\/\/blogg.folkuniversitetet.nu\/karlch\/wp-json\/wp\/v2\/types\/page"}],"author":[{"embeddable":true,"href":"https:\/\/blogg.folkuniversitetet.nu\/karlch\/wp-json\/wp\/v2\/users\/899"}],"replies":[{"embeddable":true,"href":"https:\/\/blogg.folkuniversitetet.nu\/karlch\/wp-json\/wp\/v2\/comments?post=972"}],"version-history":[{"count":1,"href":"https:\/\/blogg.folkuniversitetet.nu\/karlch\/wp-json\/wp\/v2\/pages\/972\/revisions"}],"predecessor-version":[{"id":973,"href":"https:\/\/blogg.folkuniversitetet.nu\/karlch\/wp-json\/wp\/v2\/pages\/972\/revisions\/973"}],"wp:attachment":[{"href":"https:\/\/blogg.folkuniversitetet.nu\/karlch\/wp-json\/wp\/v2\/media?parent=972"}],"curies":[{"name":"wp","href":"https:\/\/api.w.org\/{rel}","templated":true}]}}