{"id":969,"date":"2026-04-18T12:41:23","date_gmt":"2026-04-18T11:41:23","guid":{"rendered":"https:\/\/blogg.folkuniversitetet.nu\/karlch\/?page_id=969"},"modified":"2026-04-18T12:41:23","modified_gmt":"2026-04-18T11:41:23","slug":"a2-del-2-18-april","status":"publish","type":"page","link":"https:\/\/blogg.folkuniversitetet.nu\/karlch\/a2-del-2-18-april\/","title":{"rendered":"A2 del 2: 18 april"},"content":{"rendered":"<p>F\u00f6rst arbetade vi lite med kapitel 18:<br \/>\n&#8211; TB s. 223, \u00f6vning D<br \/>\n&#8211; TB s. 225, \u00f6vning C och D<br \/>\n&#8211; TB s. 228, \u00f6vning D<br \/>\n&#8211; TB s. 229, \u00f6vning G<br \/>\n&#8211; TB s. 230, \u00f6vning I<\/p>\n<p>Efter det p\u00e5b\u00f6rjade vi kapitel 19.<\/p>\n<p>Vi gjorde \u00f6vning A p\u00e5 sida 232 i textboken. Vi arbetade mer med orden genom att anv\u00e4nda ordkort.<\/p>\n<p>Vi l\u00e4ste och lyssnade p\u00e5 texten\u00a0<em>Hos doktorn<\/em>, s. 234, och gjorde \u00f6vning A, B och C (s. 235-236)<\/p>\n<p>Till sist lekte vi en lek. En person t\u00e4nker p\u00e5 en k\u00e4ndis (t.ex. Beyonc\u00e9, eller Greta Thunberg) och de andra i gruppen st\u00e4ller ja- eller nej-fr\u00e5gor. Personen som svarar anv\u00e4nder kortsvar (ex: <em>Ja, det g\u00f6r jag. Nej, det \u00e4r jag inte.<\/em>)<\/p>\n<p><strong>L\u00e4xa<\/strong>:<br \/>\n\u00d6vningsboken sida 239 &#8211; 242<br \/>\nMemorera orden fr\u00e5n s. 232 &#8211; 233 i textboken.<\/p>\n","protected":false},"excerpt":{"rendered":"<p>F\u00f6rst arbetade vi lite med kapitel 18: &#8211; TB s. 223, \u00f6vning D &#8211; TB s. 225, \u00f6vning C och D &#8211; TB s. 228, \u00f6vning D &#8211; TB s. 229, \u00f6vning G &#8211; TB s. 230, \u00f6vning I Efter det p\u00e5b\u00f6rjade vi kapitel 19. Vi gjorde \u00f6vning A p\u00e5 sida 232 i textboken. Vi [&hellip;]<\/p>\n","protected":false},"author":899,"featured_media":0,"parent":0,"menu_order":0,"comment_status":"closed","ping_status":"closed","template":"","meta":{"footnotes":""},"class_list":["post-969","page","type-page","status-publish","hentry","post-preview"],"_links":{"self":[{"href":"https:\/\/blogg.folkuniversitetet.nu\/karlch\/wp-json\/wp\/v2\/pages\/969","targetHints":{"allow":["GET"]}}],"collection":[{"href":"https:\/\/blogg.folkuniversitetet.nu\/karlch\/wp-json\/wp\/v2\/pages"}],"about":[{"href":"https:\/\/blogg.folkuniversitetet.nu\/karlch\/wp-json\/wp\/v2\/types\/page"}],"author":[{"embeddable":true,"href":"https:\/\/blogg.folkuniversitetet.nu\/karlch\/wp-json\/wp\/v2\/users\/899"}],"replies":[{"embeddable":true,"href":"https:\/\/blogg.folkuniversitetet.nu\/karlch\/wp-json\/wp\/v2\/comments?post=969"}],"version-history":[{"count":1,"href":"https:\/\/blogg.folkuniversitetet.nu\/karlch\/wp-json\/wp\/v2\/pages\/969\/revisions"}],"predecessor-version":[{"id":970,"href":"https:\/\/blogg.folkuniversitetet.nu\/karlch\/wp-json\/wp\/v2\/pages\/969\/revisions\/970"}],"wp:attachment":[{"href":"https:\/\/blogg.folkuniversitetet.nu\/karlch\/wp-json\/wp\/v2\/media?parent=969"}],"curies":[{"name":"wp","href":"https:\/\/api.w.org\/{rel}","templated":true}]}}