{"id":962,"date":"2026-04-15T15:46:24","date_gmt":"2026-04-15T14:46:24","guid":{"rendered":"https:\/\/blogg.folkuniversitetet.nu\/karlch\/?page_id=962"},"modified":"2026-04-15T15:46:24","modified_gmt":"2026-04-15T14:46:24","slug":"svenska-a2-del-1-onsdagar","status":"publish","type":"page","link":"https:\/\/blogg.folkuniversitetet.nu\/karlch\/svenska-a2-del-1-onsdagar\/","title":{"rendered":"Svenska A2 del 1 Onsdagar"},"content":{"rendered":"<p>Hej!<\/p>\n<p>V\u00e4lkommen till en ny kurs i svenska. Vi l\u00e4ser svenska A2 del 1. Vi arbetar med b\u00f6ckerna Rivstart A1\/A2, textbok och \u00f6vningsbok, kapitel 11 &#8211; 15.<\/p>\n<p>Kursen startar den 15 april. Det sista kurstillf\u00e4llet \u00e4r den 17 juni.<\/p>\n<p>Jag ser fram emot att tr\u00e4ffa dig!<br \/>\nVi ses \ud83d\ude42<\/p>\n","protected":false},"excerpt":{"rendered":"<p>Hej! V\u00e4lkommen till en ny kurs i svenska. Vi l\u00e4ser svenska A2 del 1. Vi arbetar med b\u00f6ckerna Rivstart A1\/A2, textbok och \u00f6vningsbok, kapitel 11 &#8211; 15. Kursen startar den 15 april. Det sista kurstillf\u00e4llet \u00e4r den 17 juni. Jag ser fram emot att tr\u00e4ffa dig! Vi ses \ud83d\ude42<\/p>\n","protected":false},"author":899,"featured_media":0,"parent":0,"menu_order":0,"comment_status":"closed","ping_status":"closed","template":"","meta":{"footnotes":""},"class_list":["post-962","page","type-page","status-publish","hentry","post-preview"],"_links":{"self":[{"href":"https:\/\/blogg.folkuniversitetet.nu\/karlch\/wp-json\/wp\/v2\/pages\/962","targetHints":{"allow":["GET"]}}],"collection":[{"href":"https:\/\/blogg.folkuniversitetet.nu\/karlch\/wp-json\/wp\/v2\/pages"}],"about":[{"href":"https:\/\/blogg.folkuniversitetet.nu\/karlch\/wp-json\/wp\/v2\/types\/page"}],"author":[{"embeddable":true,"href":"https:\/\/blogg.folkuniversitetet.nu\/karlch\/wp-json\/wp\/v2\/users\/899"}],"replies":[{"embeddable":true,"href":"https:\/\/blogg.folkuniversitetet.nu\/karlch\/wp-json\/wp\/v2\/comments?post=962"}],"version-history":[{"count":1,"href":"https:\/\/blogg.folkuniversitetet.nu\/karlch\/wp-json\/wp\/v2\/pages\/962\/revisions"}],"predecessor-version":[{"id":963,"href":"https:\/\/blogg.folkuniversitetet.nu\/karlch\/wp-json\/wp\/v2\/pages\/962\/revisions\/963"}],"wp:attachment":[{"href":"https:\/\/blogg.folkuniversitetet.nu\/karlch\/wp-json\/wp\/v2\/media?parent=962"}],"curies":[{"name":"wp","href":"https:\/\/api.w.org\/{rel}","templated":true}]}}