{"id":959,"date":"2026-04-12T12:24:43","date_gmt":"2026-04-12T11:24:43","guid":{"rendered":"https:\/\/blogg.folkuniversitetet.nu\/karlch\/?page_id=959"},"modified":"2026-04-12T12:24:43","modified_gmt":"2026-04-12T11:24:43","slug":"a1-del-1-12-april","status":"publish","type":"page","link":"https:\/\/blogg.folkuniversitetet.nu\/karlch\/a1-del-1-12-april\/","title":{"rendered":"A1 del 1: 12 april"},"content":{"rendered":"<p>Vi startar lektionen med att diskutera p\u00e5sk. Ni s\u00f6ker p\u00e5 foton p\u00e5 Google: p\u00e5skris, p\u00e5skk\u00e4rring, p\u00e5skmat, nattvard<\/p>\n<p>Vi repeterar plural.<\/p>\n<p>I textboken arbetar vi med sida 53 till sida 58.<\/p>\n<p><strong>L\u00e4xa<\/strong>:<\/p>\n<p>Textboken s. 59: l\u00e4s texten och kontrollera vokabul\u00e4r<br \/>\n\u00d6vningsboken s. 57 &#8211; 61<\/p>\n","protected":false},"excerpt":{"rendered":"<p>Vi startar lektionen med att diskutera p\u00e5sk. Ni s\u00f6ker p\u00e5 foton p\u00e5 Google: p\u00e5skris, p\u00e5skk\u00e4rring, p\u00e5skmat, nattvard Vi repeterar plural. I textboken arbetar vi med sida 53 till sida 58. L\u00e4xa: Textboken s. 59: l\u00e4s texten och kontrollera vokabul\u00e4r \u00d6vningsboken s. 57 &#8211; 61<\/p>\n","protected":false},"author":899,"featured_media":0,"parent":0,"menu_order":0,"comment_status":"closed","ping_status":"closed","template":"","meta":{"footnotes":""},"class_list":["post-959","page","type-page","status-publish","hentry","post-preview"],"_links":{"self":[{"href":"https:\/\/blogg.folkuniversitetet.nu\/karlch\/wp-json\/wp\/v2\/pages\/959","targetHints":{"allow":["GET"]}}],"collection":[{"href":"https:\/\/blogg.folkuniversitetet.nu\/karlch\/wp-json\/wp\/v2\/pages"}],"about":[{"href":"https:\/\/blogg.folkuniversitetet.nu\/karlch\/wp-json\/wp\/v2\/types\/page"}],"author":[{"embeddable":true,"href":"https:\/\/blogg.folkuniversitetet.nu\/karlch\/wp-json\/wp\/v2\/users\/899"}],"replies":[{"embeddable":true,"href":"https:\/\/blogg.folkuniversitetet.nu\/karlch\/wp-json\/wp\/v2\/comments?post=959"}],"version-history":[{"count":1,"href":"https:\/\/blogg.folkuniversitetet.nu\/karlch\/wp-json\/wp\/v2\/pages\/959\/revisions"}],"predecessor-version":[{"id":960,"href":"https:\/\/blogg.folkuniversitetet.nu\/karlch\/wp-json\/wp\/v2\/pages\/959\/revisions\/960"}],"wp:attachment":[{"href":"https:\/\/blogg.folkuniversitetet.nu\/karlch\/wp-json\/wp\/v2\/media?parent=959"}],"curies":[{"name":"wp","href":"https:\/\/api.w.org\/{rel}","templated":true}]}}