{"id":956,"date":"2026-04-11T12:34:24","date_gmt":"2026-04-11T11:34:24","guid":{"rendered":"https:\/\/blogg.folkuniversitetet.nu\/karlch\/?page_id=956"},"modified":"2026-04-11T12:34:24","modified_gmt":"2026-04-11T11:34:24","slug":"a2-del-2-11-april","status":"publish","type":"page","link":"https:\/\/blogg.folkuniversitetet.nu\/karlch\/a2-del-2-11-april\/","title":{"rendered":"A2 del 2: 11 april"},"content":{"rendered":"<p>Vi b\u00f6rjade lektionen med lite samtal om p\u00e5skveckan. Firade du p\u00e5sk? Om ja, hur?<br \/>\nHur firar man p\u00e5sk i ditt hemland, och hur firar man p\u00e5sk i Sverige?<\/p>\n<p>P\u00e5 <a href=\"https:\/\/www.nordiskamuseet.se\/utforska\/hogtider\/pask\/\">Nordiska Museets hemsida<\/a> fokuserade ni p\u00e5 1-2 fr\u00e5gor fr\u00e5n listan, och presenterade sedan informationen f\u00f6r hela gruppen.<\/p>\n<p>Efter det arbetade vi i textboken s. 216\u00a0 223 och 224 &#8211; 227.<\/p>\n<p>I \u00f6vningsboken arbetade vi med sidorna 228 &#8211; 230.<\/p>\n<p>&nbsp;<\/p>\n<p>Vi fokuserade extra mycket p\u00e5 adjektiv i best\u00e4md form. Information om det finns p\u00e5 sida 229 i \u00f6vningsboken.<\/p>\n<p><strong>L\u00e4xa<\/strong>:<br \/>\n\u00d6vningsboken s. 231 &#8211; 238<\/p>\n","protected":false},"excerpt":{"rendered":"<p>Vi b\u00f6rjade lektionen med lite samtal om p\u00e5skveckan. Firade du p\u00e5sk? Om ja, hur? Hur firar man p\u00e5sk i ditt hemland, och hur firar man p\u00e5sk i Sverige? P\u00e5 Nordiska Museets hemsida fokuserade ni p\u00e5 1-2 fr\u00e5gor fr\u00e5n listan, och presenterade sedan informationen f\u00f6r hela gruppen. Efter det arbetade vi i textboken s. 216\u00a0 223 [&hellip;]<\/p>\n","protected":false},"author":899,"featured_media":0,"parent":0,"menu_order":0,"comment_status":"closed","ping_status":"closed","template":"","meta":{"footnotes":""},"class_list":["post-956","page","type-page","status-publish","hentry","post-preview"],"_links":{"self":[{"href":"https:\/\/blogg.folkuniversitetet.nu\/karlch\/wp-json\/wp\/v2\/pages\/956","targetHints":{"allow":["GET"]}}],"collection":[{"href":"https:\/\/blogg.folkuniversitetet.nu\/karlch\/wp-json\/wp\/v2\/pages"}],"about":[{"href":"https:\/\/blogg.folkuniversitetet.nu\/karlch\/wp-json\/wp\/v2\/types\/page"}],"author":[{"embeddable":true,"href":"https:\/\/blogg.folkuniversitetet.nu\/karlch\/wp-json\/wp\/v2\/users\/899"}],"replies":[{"embeddable":true,"href":"https:\/\/blogg.folkuniversitetet.nu\/karlch\/wp-json\/wp\/v2\/comments?post=956"}],"version-history":[{"count":1,"href":"https:\/\/blogg.folkuniversitetet.nu\/karlch\/wp-json\/wp\/v2\/pages\/956\/revisions"}],"predecessor-version":[{"id":957,"href":"https:\/\/blogg.folkuniversitetet.nu\/karlch\/wp-json\/wp\/v2\/pages\/956\/revisions\/957"}],"wp:attachment":[{"href":"https:\/\/blogg.folkuniversitetet.nu\/karlch\/wp-json\/wp\/v2\/media?parent=956"}],"curies":[{"name":"wp","href":"https:\/\/api.w.org\/{rel}","templated":true}]}}