{"id":945,"date":"2026-03-28T13:49:35","date_gmt":"2026-03-28T12:49:35","guid":{"rendered":"https:\/\/blogg.folkuniversitetet.nu\/karlch\/?page_id=945"},"modified":"2026-03-28T13:49:35","modified_gmt":"2026-03-28T12:49:35","slug":"a2-del-2-28-mars","status":"publish","type":"page","link":"https:\/\/blogg.folkuniversitetet.nu\/karlch\/a2-del-2-28-mars\/","title":{"rendered":"A2 del 2: 28 mars"},"content":{"rendered":"<p>Vi arbetade i textboken, s. 208 &#8211; 215.<\/p>\n<p>Vi pratade om konstruktionen\u00a0<em>ser&#8230;+adjektiv&#8230;ut<\/em>.<br \/>\nExempel: <em>Pojken ser ledsen ut. Johanna har sett tr\u00f6tt ut p\u00e5 senaste tiden.<br \/>\n<\/em><\/p>\n<p>(Se!\u00a0 \u00a0 \u00a0(att) Se\u00a0 \u00a0 \u00a0Ser\u00a0 \u00a0 \u00a0S\u00e5g\u00a0 \u00a0 \u00a0(har) Sett)<\/p>\n<p>Vi arbetade med prepositioner och verb f\u00f6r position. I svenska \u00e4r vi v\u00e4ldigt exakta med vad objekt och m\u00e4nniskor har f\u00f6r position.<\/p>\n<p>St\u00e5!\u00a0 \u00a0 \u00a0 \u00a0 \u00a0 \u00a0(att) St\u00e5\u00a0 \u00a0 \u00a0 \u00a0 \u00a0 \u00a0 \u00a0St\u00e5r\u00a0 \u00a0 \u00a0 \u00a0 \u00a0 \u00a0 \u00a0Stod\u00a0 \u00a0 \u00a0 \u00a0 \u00a0 \u00a0 \u00a0 (har) St\u00e5tt<br \/>\nLigg!\u00a0 \u00a0 \u00a0 \u00a0 \u00a0(att) Ligga\u00a0 \u00a0 \u00a0 \u00a0 Ligger\u00a0 \u00a0 \u00a0 \u00a0 \u00a0L\u00e5g\u00a0 \u00a0 \u00a0 \u00a0 \u00a0 \u00a0 \u00a0 \u00a0 (har) Legat<br \/>\nSitt!\u00a0 \u00a0 \u00a0 \u00a0 \u00a0 (att) Sitta\u00a0 \u00a0 \u00a0 \u00a0 \u00a0 Sitter\u00a0 \u00a0 \u00a0 \u00a0 \u00a0 Satt\u00a0 \u00a0 \u00a0 \u00a0 \u00a0 \u00a0 \u00a0 \u00a0(har) Suttit<br \/>\nH\u00e4ng!\u00a0 \u00a0 \u00a0 (att) H\u00e4nga\u00a0 \u00a0 \u00a0 H\u00e4nger\u00a0 \u00a0 \u00a0 H\u00e4ngde\u00a0 \u00a0 \u00a0 (har) H\u00e4ngt<\/p>\n<p>Dessa verb kan vi anv\u00e4nda.<br \/>\nTill exempel:\u00a0<em>Mobilen\u00a0<strong>ligger<\/strong> p\u00e5 bordet. Flaskan\u00a0<strong>stod<\/strong> p\u00e5 k\u00f6ksb\u00e4nken imorse.<\/p>\n<p><\/em>F\u00f6r att presentera positioner anv\u00e4nder vi oftast formellt subjekt: Det<br \/>\nEx:<br \/>\n<em><strong>Det<\/strong> h\u00e4nger en tavla p\u00e5 v\u00e4ggen.<br \/>\n<\/em><em><strong>Det<\/strong> st\u00e5r en man p\u00e5 torget.<\/em><em><br \/>\n<strong>Det<\/strong> ligger smutskl\u00e4der p\u00e5 golvet.<br \/>\n<\/em><br \/>\n<strong>L\u00e4xa:<br \/>\n<\/strong>Textboken s. 218, 220 &#8211; 222<br \/>\n\u00d6vningsbilden s. 216 &#8211; 225<\/p>\n","protected":false},"excerpt":{"rendered":"<p>Vi arbetade i textboken, s. 208 &#8211; 215. Vi pratade om konstruktionen\u00a0ser&#8230;+adjektiv&#8230;ut. Exempel: Pojken ser ledsen ut. Johanna har sett tr\u00f6tt ut p\u00e5 senaste tiden. (Se!\u00a0 \u00a0 \u00a0(att) Se\u00a0 \u00a0 \u00a0Ser\u00a0 \u00a0 \u00a0S\u00e5g\u00a0 \u00a0 \u00a0(har) Sett) Vi arbetade med prepositioner och verb f\u00f6r position. I svenska \u00e4r vi v\u00e4ldigt exakta med vad objekt och m\u00e4nniskor [&hellip;]<\/p>\n","protected":false},"author":899,"featured_media":0,"parent":0,"menu_order":0,"comment_status":"closed","ping_status":"closed","template":"","meta":{"footnotes":""},"class_list":["post-945","page","type-page","status-publish","hentry","post-preview"],"_links":{"self":[{"href":"https:\/\/blogg.folkuniversitetet.nu\/karlch\/wp-json\/wp\/v2\/pages\/945","targetHints":{"allow":["GET"]}}],"collection":[{"href":"https:\/\/blogg.folkuniversitetet.nu\/karlch\/wp-json\/wp\/v2\/pages"}],"about":[{"href":"https:\/\/blogg.folkuniversitetet.nu\/karlch\/wp-json\/wp\/v2\/types\/page"}],"author":[{"embeddable":true,"href":"https:\/\/blogg.folkuniversitetet.nu\/karlch\/wp-json\/wp\/v2\/users\/899"}],"replies":[{"embeddable":true,"href":"https:\/\/blogg.folkuniversitetet.nu\/karlch\/wp-json\/wp\/v2\/comments?post=945"}],"version-history":[{"count":1,"href":"https:\/\/blogg.folkuniversitetet.nu\/karlch\/wp-json\/wp\/v2\/pages\/945\/revisions"}],"predecessor-version":[{"id":946,"href":"https:\/\/blogg.folkuniversitetet.nu\/karlch\/wp-json\/wp\/v2\/pages\/945\/revisions\/946"}],"wp:attachment":[{"href":"https:\/\/blogg.folkuniversitetet.nu\/karlch\/wp-json\/wp\/v2\/media?parent=945"}],"curies":[{"name":"wp","href":"https:\/\/api.w.org\/{rel}","templated":true}]}}