{"id":8,"date":"2023-03-07T09:22:12","date_gmt":"2023-03-07T08:22:12","guid":{"rendered":"https:\/\/blogg.folkuniversitetet.nu\/karlch\/?page_id=8"},"modified":"2025-06-26T20:13:43","modified_gmt":"2025-06-26T19:13:43","slug":"vem-ar-christopher-robin","status":"publish","type":"page","link":"https:\/\/blogg.folkuniversitetet.nu\/karlch\/vem-ar-christopher-robin\/","title":{"rendered":"Vem \u00e4r Christopher Robin?"},"content":{"rendered":"<p>Hej!<\/p>\n<p>Det \u00e4r jag som \u00e4r Christopher Robin, och jag l\u00e4r ut svenska p\u00e5 Folkuniversitet i Stockholm.<\/p>\n<p>Jag kommer fr\u00e5n Sm\u00e5land. \u00c5r 2018-2023 bodde jag i Stockholm, men de senaste tv\u00e5 \u00e5ren har jag bott i V\u00e4xj\u00f6 (Sm\u00e5land) och studerat klassisk musik p\u00e5 en folkh\u00f6gskola. I juni 2025 flyttade jag tillbaka till Stockholm och jag \u00e4r s\u00e5 glad att vara tillbaka p\u00e5 Folkuniversitetet!<\/p>\n<p>Mina stora passioner i livet \u00e4r spr\u00e5k och musik. N\u00e4r jag inte \u00f6var min franska eller italienska, spelar jag tv\u00e4rfl\u00f6jt. Jag gillar ocks\u00e5 att titta p\u00e5 film och serier, spela spel (datorspel och s\u00e4llskapsspel), och att umg\u00e5s med v\u00e4nner.<\/p>\n<p>Jag har en kandidatexamen i franska och statsvetenskap fr\u00e5n Linn\u00e9universitetet i V\u00e4xj\u00f6, och en magisterexamen i konferenstolkning (engelska och franska till svenska) fr\u00e5n Stockholms Universitet.<\/p>\n<p>Innan jag kom till Folkuniversitetet arbetade jag med h\u00f6gskolefr\u00e5gor p\u00e5 Frankrikes Ambassad i Stockholm.<\/p>\n<p>&nbsp;<\/p>\n<p style=\"text-align: center\"><a href=\"http:\/\/blogg.folkuniversitetet.nu\/karlch\/files\/2023\/03\/Konsekutivtolkning-FFLE.jpg\"><img loading=\"lazy\" decoding=\"async\" class=\"size-large wp-image-66 aligncenter\" src=\"http:\/\/blogg.folkuniversitetet.nu\/karlch\/files\/2023\/03\/Konsekutivtolkning-FFLE-1024x700.jpg\" alt=\"\" width=\"676\" height=\"462\" srcset=\"https:\/\/blogg.folkuniversitetet.nu\/karlch\/files\/2023\/03\/Konsekutivtolkning-FFLE-1024x700.jpg 1024w, https:\/\/blogg.folkuniversitetet.nu\/karlch\/files\/2023\/03\/Konsekutivtolkning-FFLE-300x205.jpg 300w, https:\/\/blogg.folkuniversitetet.nu\/karlch\/files\/2023\/03\/Konsekutivtolkning-FFLE-768x525.jpg 768w, https:\/\/blogg.folkuniversitetet.nu\/karlch\/files\/2023\/03\/Konsekutivtolkning-FFLE-1536x1050.jpg 1536w, https:\/\/blogg.folkuniversitetet.nu\/karlch\/files\/2023\/03\/Konsekutivtolkning-FFLE-676x462.jpg 676w, https:\/\/blogg.folkuniversitetet.nu\/karlch\/files\/2023\/03\/Konsekutivtolkning-FFLE.jpg 1569w\" sizes=\"auto, (max-width: 676px) 100vw, 676px\" \/><\/a>Jag (till h\u00f6ger) tolkar en presentation fr\u00e5n franska till svenska.<\/p>\n<p style=\"text-align: center\"><a href=\"http:\/\/blogg.folkuniversitetet.nu\/karlch\/files\/2023\/03\/Flojtspel-brollop.jpg\"><img loading=\"lazy\" decoding=\"async\" class=\"size-large wp-image-67 aligncenter\" src=\"http:\/\/blogg.folkuniversitetet.nu\/karlch\/files\/2023\/03\/Flojtspel-brollop-1024x690.jpg\" alt=\"\" width=\"676\" height=\"456\" srcset=\"https:\/\/blogg.folkuniversitetet.nu\/karlch\/files\/2023\/03\/Flojtspel-brollop-1024x690.jpg 1024w, https:\/\/blogg.folkuniversitetet.nu\/karlch\/files\/2023\/03\/Flojtspel-brollop-300x202.jpg 300w, https:\/\/blogg.folkuniversitetet.nu\/karlch\/files\/2023\/03\/Flojtspel-brollop-768x517.jpg 768w, https:\/\/blogg.folkuniversitetet.nu\/karlch\/files\/2023\/03\/Flojtspel-brollop-1536x1034.jpg 1536w, https:\/\/blogg.folkuniversitetet.nu\/karlch\/files\/2023\/03\/Flojtspel-brollop-676x455.jpg 676w, https:\/\/blogg.folkuniversitetet.nu\/karlch\/files\/2023\/03\/Flojtspel-brollop.jpg 2048w\" sizes=\"auto, (max-width: 676px) 100vw, 676px\" \/><\/a>Jag spelar fl\u00f6jt p\u00e5 min systers br\u00f6llopsfest<\/p>\n<p>&nbsp;<\/p>\n<p>Nu vet du lite mer om mig. Har vi kanske n\u00e5gra gemensamma intressen? S\u00e4g till s\u00e5 kan vi prata mer om musik och spr\u00e5k \ud83d\ude00<\/p>\n<p>Vi ses p\u00e5 kursen!<\/p>\n","protected":false},"excerpt":{"rendered":"<p>Hej! Det \u00e4r jag som \u00e4r Christopher Robin, och jag l\u00e4r ut svenska p\u00e5 Folkuniversitet i Stockholm. Jag kommer fr\u00e5n Sm\u00e5land. \u00c5r 2018-2023 bodde jag i Stockholm, men de senaste tv\u00e5 \u00e5ren har jag bott i V\u00e4xj\u00f6 (Sm\u00e5land) och studerat klassisk musik p\u00e5 en folkh\u00f6gskola. I juni 2025 flyttade jag tillbaka till Stockholm och jag [&hellip;]<\/p>\n","protected":false},"author":107,"featured_media":0,"parent":0,"menu_order":0,"comment_status":"closed","ping_status":"closed","template":"","meta":{"footnotes":""},"class_list":["post-8","page","type-page","status-publish","hentry","post-preview"],"_links":{"self":[{"href":"https:\/\/blogg.folkuniversitetet.nu\/karlch\/wp-json\/wp\/v2\/pages\/8","targetHints":{"allow":["GET"]}}],"collection":[{"href":"https:\/\/blogg.folkuniversitetet.nu\/karlch\/wp-json\/wp\/v2\/pages"}],"about":[{"href":"https:\/\/blogg.folkuniversitetet.nu\/karlch\/wp-json\/wp\/v2\/types\/page"}],"author":[{"embeddable":true,"href":"https:\/\/blogg.folkuniversitetet.nu\/karlch\/wp-json\/wp\/v2\/users\/107"}],"replies":[{"embeddable":true,"href":"https:\/\/blogg.folkuniversitetet.nu\/karlch\/wp-json\/wp\/v2\/comments?post=8"}],"version-history":[{"count":4,"href":"https:\/\/blogg.folkuniversitetet.nu\/karlch\/wp-json\/wp\/v2\/pages\/8\/revisions"}],"predecessor-version":[{"id":364,"href":"https:\/\/blogg.folkuniversitetet.nu\/karlch\/wp-json\/wp\/v2\/pages\/8\/revisions\/364"}],"wp:attachment":[{"href":"https:\/\/blogg.folkuniversitetet.nu\/karlch\/wp-json\/wp\/v2\/media?parent=8"}],"curies":[{"name":"wp","href":"https:\/\/api.w.org\/{rel}","templated":true}]}}