{"id":77,"date":"2023-03-18T00:17:59","date_gmt":"2023-03-17T23:17:59","guid":{"rendered":"https:\/\/blogg.folkuniversitetet.nu\/karlch\/?page_id=77"},"modified":"2023-05-10T11:12:19","modified_gmt":"2023-05-10T10:12:19","slug":"videoklipp","status":"publish","type":"page","link":"https:\/\/blogg.folkuniversitetet.nu\/karlch\/videoklipp\/","title":{"rendered":"Videoklipp"},"content":{"rendered":"<p><strong>A1\/A2<\/strong><\/p>\n<ul>\n<li><a href=\"https:\/\/www.youtube.com\/watch?v=C__62Q_pQIA\">Enkel konversation<\/a>: Vad heter du? Var bor du? etc.<\/li>\n<li><a href=\"https:\/\/www.youtube.com\/watch?v=zapoiEMQnz8\">Handla i aff\u00e4r<\/a><br \/>\nL\u00e4r dig ord fr\u00e5n mataff\u00e4ren<\/li>\n<li>Easy Swedish: <a href=\"https:\/\/www.youtube.com\/watch?v=avoKDIEyJ6M&amp;list=PL1gZHkgLqp4TuepsrzF5DZw4qZGT0VfIX&amp;ab_channel=EasyLanguages\">Vad \u00e4r typiskt svenskt?<\/a><\/li>\n<li>Easy Swedish: <a href=\"https:\/\/www.youtube.com\/watch?v=Z2kFOI38rC4&amp;t=10s&amp;ab_channel=EasyLanguages\">Vad pluggar du?<\/a><\/li>\n<\/ul>\n<p><strong>B1\/B2<\/strong><\/p>\n<ul>\n<li><a href=\"https:\/\/www.youtube.com\/watch?v=qJXSLIwIswU&amp;ab_channel=Jallafilm-dinguidetillSverige\">Finns det farliga djur i Sverige?<\/a><\/li>\n<li><a href=\"https:\/\/www.youtube.com\/watch?v=x1d8RX2Pki8&amp;ab_channel=%C3%85kestamHolstArchive\">Fredagsmys<\/a> (reklam f\u00f6r OLW-chips med kort s\u00e5ng om fredagsmys)<\/li>\n<li>Komikern Robert Gustafsson imiterar <a href=\"https:\/\/www.youtube.com\/watch?v=t3mLGtOSPGE&amp;t=3s&amp;ab_channel=NiklasK%C3%A4llner\">svenska dialekter<\/a>.<\/li>\n<\/ul>\n","protected":false},"excerpt":{"rendered":"<p>A1\/A2 Enkel konversation: Vad heter du? Var bor du? etc. Handla i aff\u00e4r L\u00e4r dig ord fr\u00e5n mataff\u00e4ren Easy Swedish: Vad \u00e4r typiskt svenskt? Easy Swedish: Vad pluggar du? B1\/B2 Finns det farliga djur i Sverige? Fredagsmys (reklam f\u00f6r OLW-chips med kort s\u00e5ng om fredagsmys) Komikern Robert Gustafsson imiterar svenska dialekter.<\/p>\n","protected":false},"author":899,"featured_media":0,"parent":0,"menu_order":0,"comment_status":"closed","ping_status":"closed","template":"","meta":{"footnotes":""},"class_list":["post-77","page","type-page","status-publish","hentry","post-preview"],"_links":{"self":[{"href":"https:\/\/blogg.folkuniversitetet.nu\/karlch\/wp-json\/wp\/v2\/pages\/77","targetHints":{"allow":["GET"]}}],"collection":[{"href":"https:\/\/blogg.folkuniversitetet.nu\/karlch\/wp-json\/wp\/v2\/pages"}],"about":[{"href":"https:\/\/blogg.folkuniversitetet.nu\/karlch\/wp-json\/wp\/v2\/types\/page"}],"author":[{"embeddable":true,"href":"https:\/\/blogg.folkuniversitetet.nu\/karlch\/wp-json\/wp\/v2\/users\/899"}],"replies":[{"embeddable":true,"href":"https:\/\/blogg.folkuniversitetet.nu\/karlch\/wp-json\/wp\/v2\/comments?post=77"}],"version-history":[{"count":9,"href":"https:\/\/blogg.folkuniversitetet.nu\/karlch\/wp-json\/wp\/v2\/pages\/77\/revisions"}],"predecessor-version":[{"id":255,"href":"https:\/\/blogg.folkuniversitetet.nu\/karlch\/wp-json\/wp\/v2\/pages\/77\/revisions\/255"}],"wp:attachment":[{"href":"https:\/\/blogg.folkuniversitetet.nu\/karlch\/wp-json\/wp\/v2\/media?parent=77"}],"curies":[{"name":"wp","href":"https:\/\/api.w.org\/{rel}","templated":true}]}}