{"id":639,"date":"2026-03-14T13:41:51","date_gmt":"2026-03-14T12:41:51","guid":{"rendered":"https:\/\/blogg.folkuniversitetet.nu\/karlch\/?page_id=639"},"modified":"2026-03-14T13:41:51","modified_gmt":"2026-03-14T12:41:51","slug":"a2-del-2-14-mars","status":"publish","type":"page","link":"https:\/\/blogg.folkuniversitetet.nu\/karlch\/a2-del-2-14-mars\/","title":{"rendered":"A2 del 2: 14 mars"},"content":{"rendered":"<p>Vi l\u00e4ste texten\u00a0<em>Det svenska utbildningssystemet<\/em> i textboken, s. 190 &#8211; 191, igen. I grupper l\u00e4ste ni upp era fr\u00e5gor, och era partners svarade.<\/p>\n<p>Vi gjorde \u00f6vning J. Ni diskuterade utbildningssystem i andra l\u00e4nder, och j\u00e4mf\u00f6rde med Sverige.<\/p>\n<p>Efter det lyssnade vi p\u00e5 texten\u00a0<em>Olika v\u00e4gar till jobb<\/em>, s. 192 &#8211; 193. Ni arbetade i par och gjorde \u00f6vning D, F, G och G, p\u00e5 sida 194.<\/p>\n<p>I texten finns m\u00e5nga exempel p\u00e5 relativ bisats. En relativ bisats relaterar tillbaka till en komponent i huvudsatsen, ofta ett subjekt eller objekt.<\/p>\n<p>Vi gjorde \u00f6vning E och J, s. 195. P\u00e5 samma sida arbetade vi kort med partikelverb, \u00f6vning K och L. Partikeln \u00e4r alltid betonad.<\/p>\n<p>Till sist gjorde vi h\u00f6r\u00f6vning M och N p\u00e5 sida 196 i textboken.<\/p>\n<p><strong>L\u00e4xa<\/strong>:<\/p>\n<p>Textboken s. 197 &#8211; 198: l\u00e4s texten\u00a0<em>Framtiden <\/em>(s. 197)\u00a0 och studera de olika alternativen f\u00f6r framtid (futurum)<br \/>\n\u00d6vningsboken s. 202 &#8211; 205<\/p>\n","protected":false},"excerpt":{"rendered":"<p>Vi l\u00e4ste texten\u00a0Det svenska utbildningssystemet i textboken, s. 190 &#8211; 191, igen. I grupper l\u00e4ste ni upp era fr\u00e5gor, och era partners svarade. Vi gjorde \u00f6vning J. Ni diskuterade utbildningssystem i andra l\u00e4nder, och j\u00e4mf\u00f6rde med Sverige. Efter det lyssnade vi p\u00e5 texten\u00a0Olika v\u00e4gar till jobb, s. 192 &#8211; 193. Ni arbetade i par och [&hellip;]<\/p>\n","protected":false},"author":899,"featured_media":0,"parent":0,"menu_order":0,"comment_status":"closed","ping_status":"closed","template":"","meta":{"footnotes":""},"class_list":["post-639","page","type-page","status-publish","hentry","post-preview"],"_links":{"self":[{"href":"https:\/\/blogg.folkuniversitetet.nu\/karlch\/wp-json\/wp\/v2\/pages\/639","targetHints":{"allow":["GET"]}}],"collection":[{"href":"https:\/\/blogg.folkuniversitetet.nu\/karlch\/wp-json\/wp\/v2\/pages"}],"about":[{"href":"https:\/\/blogg.folkuniversitetet.nu\/karlch\/wp-json\/wp\/v2\/types\/page"}],"author":[{"embeddable":true,"href":"https:\/\/blogg.folkuniversitetet.nu\/karlch\/wp-json\/wp\/v2\/users\/899"}],"replies":[{"embeddable":true,"href":"https:\/\/blogg.folkuniversitetet.nu\/karlch\/wp-json\/wp\/v2\/comments?post=639"}],"version-history":[{"count":1,"href":"https:\/\/blogg.folkuniversitetet.nu\/karlch\/wp-json\/wp\/v2\/pages\/639\/revisions"}],"predecessor-version":[{"id":641,"href":"https:\/\/blogg.folkuniversitetet.nu\/karlch\/wp-json\/wp\/v2\/pages\/639\/revisions\/641"}],"wp:attachment":[{"href":"https:\/\/blogg.folkuniversitetet.nu\/karlch\/wp-json\/wp\/v2\/media?parent=639"}],"curies":[{"name":"wp","href":"https:\/\/api.w.org\/{rel}","templated":true}]}}