{"id":635,"date":"2026-03-12T20:17:17","date_gmt":"2026-03-12T19:17:17","guid":{"rendered":"https:\/\/blogg.folkuniversitetet.nu\/karlch\/?page_id=635"},"modified":"2026-03-12T20:17:17","modified_gmt":"2026-03-12T19:17:17","slug":"a1-del-2-12-mars","status":"publish","type":"page","link":"https:\/\/blogg.folkuniversitetet.nu\/karlch\/a1-del-2-12-mars\/","title":{"rendered":"A1 del 2: 12 mars"},"content":{"rendered":"<p>Vi repeterade f\u00f6rst substantiv (obest\u00e4md\/best\u00e4md form, singular\/plural), verbgrupperna och komparativ\/superlativ av adjektiv.<\/p>\n<p>Vi tittade p\u00e5 texten\u00a0<em>F\u00f6rsta g\u00e5ngen i Sverige<\/em> igen, s. 88. Texten introducerar verbtempuset <strong>presens<\/strong> <strong>perfekt<\/strong>.<br \/>\nEx: Han\u00a0<strong>har pluggat<\/strong> mycket&#8230;<\/p>\n<p>Presens perfekt: har + supinum<\/p>\n<p>Vi studerar verblistan p\u00e5 sida 90. Vi kan konstatera att supinum alltid slutar p\u00e5 -t.<\/p>\n<p>Vi g\u00f6r \u00f6vning G. Titta p\u00e5 bilden. Vad har John gjort? Vad har han inte gjort?<\/p>\n<p>Vi l\u00e4ser texten\u00a0<em>Karaoke, saltlakrits och annat<\/em> p\u00e5 sida 91 i textboken. Vi identifierar verb i preteritum och i presens perfekt. N\u00e4r anv\u00e4nder vi preteritum? N\u00e4r anv\u00e4nder vi presens perfekt?<\/p>\n<p>Vi avslutar med \u00f6vning B, C och D p\u00e5 sida 92 i textboken.<\/p>\n<p><strong>L\u00e4xa:<br \/>\n<\/strong>\u00d6vningsboken s. 102 &#8211; 104<br \/>\nTextboken, s. 92<\/p>\n","protected":false},"excerpt":{"rendered":"<p>Vi repeterade f\u00f6rst substantiv (obest\u00e4md\/best\u00e4md form, singular\/plural), verbgrupperna och komparativ\/superlativ av adjektiv. Vi tittade p\u00e5 texten\u00a0F\u00f6rsta g\u00e5ngen i Sverige igen, s. 88. Texten introducerar verbtempuset presens perfekt. Ex: Han\u00a0har pluggat mycket&#8230; Presens perfekt: har + supinum Vi studerar verblistan p\u00e5 sida 90. Vi kan konstatera att supinum alltid slutar p\u00e5 -t. Vi g\u00f6r \u00f6vning G. [&hellip;]<\/p>\n","protected":false},"author":899,"featured_media":0,"parent":0,"menu_order":0,"comment_status":"closed","ping_status":"closed","template":"","meta":{"footnotes":""},"class_list":["post-635","page","type-page","status-publish","hentry","post-preview"],"_links":{"self":[{"href":"https:\/\/blogg.folkuniversitetet.nu\/karlch\/wp-json\/wp\/v2\/pages\/635","targetHints":{"allow":["GET"]}}],"collection":[{"href":"https:\/\/blogg.folkuniversitetet.nu\/karlch\/wp-json\/wp\/v2\/pages"}],"about":[{"href":"https:\/\/blogg.folkuniversitetet.nu\/karlch\/wp-json\/wp\/v2\/types\/page"}],"author":[{"embeddable":true,"href":"https:\/\/blogg.folkuniversitetet.nu\/karlch\/wp-json\/wp\/v2\/users\/899"}],"replies":[{"embeddable":true,"href":"https:\/\/blogg.folkuniversitetet.nu\/karlch\/wp-json\/wp\/v2\/comments?post=635"}],"version-history":[{"count":1,"href":"https:\/\/blogg.folkuniversitetet.nu\/karlch\/wp-json\/wp\/v2\/pages\/635\/revisions"}],"predecessor-version":[{"id":637,"href":"https:\/\/blogg.folkuniversitetet.nu\/karlch\/wp-json\/wp\/v2\/pages\/635\/revisions\/637"}],"wp:attachment":[{"href":"https:\/\/blogg.folkuniversitetet.nu\/karlch\/wp-json\/wp\/v2\/media?parent=635"}],"curies":[{"name":"wp","href":"https:\/\/api.w.org\/{rel}","templated":true}]}}