{"id":625,"date":"2026-03-07T13:29:20","date_gmt":"2026-03-07T12:29:20","guid":{"rendered":"https:\/\/blogg.folkuniversitetet.nu\/karlch\/?page_id=625"},"modified":"2026-03-07T13:29:20","modified_gmt":"2026-03-07T12:29:20","slug":"a2-del-2-7-mars","status":"publish","type":"page","link":"https:\/\/blogg.folkuniversitetet.nu\/karlch\/a2-del-2-7-mars\/","title":{"rendered":"A2 del 2: 7 mars"},"content":{"rendered":"<p>Hej och v\u00e4lkommen till kursen!<\/p>\n<p>Jag b\u00f6rjade med att presentera lite information om kursen. Jag kommer ocks\u00e5 att skicka ut ett mejl med samma information.<\/p>\n<p>Efter det fick ni presentera er i sm\u00e5 grupper, och prata lite om hobbyer. Sedan gjorde ni j\u00e4ttefina presentationer i helgrupp.<\/p>\n<p>Vi p\u00e5b\u00f6rjade kapitel 16 i textboken. Vi arbetade med sidorna 187 till 191.<\/p>\n<p><strong>L\u00e4xa:<\/strong><br \/>\nTextboken: skriv 5-6 fr\u00e5gor till texten\u00a0<em>Det svenska utbildningssystemet\u00a0<\/em>s. 190-191<br \/>\nTextboken: l\u00e4s s. 192-193<br \/>\n\u00d6vningsboken: s. 188-190 (om du inte har gjort det), och s. 200-201<\/p>\n","protected":false},"excerpt":{"rendered":"<p>Hej och v\u00e4lkommen till kursen! Jag b\u00f6rjade med att presentera lite information om kursen. Jag kommer ocks\u00e5 att skicka ut ett mejl med samma information. Efter det fick ni presentera er i sm\u00e5 grupper, och prata lite om hobbyer. Sedan gjorde ni j\u00e4ttefina presentationer i helgrupp. Vi p\u00e5b\u00f6rjade kapitel 16 i textboken. Vi arbetade med [&hellip;]<\/p>\n","protected":false},"author":899,"featured_media":0,"parent":0,"menu_order":0,"comment_status":"closed","ping_status":"closed","template":"","meta":{"footnotes":""},"class_list":["post-625","page","type-page","status-publish","hentry","post-preview"],"_links":{"self":[{"href":"https:\/\/blogg.folkuniversitetet.nu\/karlch\/wp-json\/wp\/v2\/pages\/625","targetHints":{"allow":["GET"]}}],"collection":[{"href":"https:\/\/blogg.folkuniversitetet.nu\/karlch\/wp-json\/wp\/v2\/pages"}],"about":[{"href":"https:\/\/blogg.folkuniversitetet.nu\/karlch\/wp-json\/wp\/v2\/types\/page"}],"author":[{"embeddable":true,"href":"https:\/\/blogg.folkuniversitetet.nu\/karlch\/wp-json\/wp\/v2\/users\/899"}],"replies":[{"embeddable":true,"href":"https:\/\/blogg.folkuniversitetet.nu\/karlch\/wp-json\/wp\/v2\/comments?post=625"}],"version-history":[{"count":1,"href":"https:\/\/blogg.folkuniversitetet.nu\/karlch\/wp-json\/wp\/v2\/pages\/625\/revisions"}],"predecessor-version":[{"id":627,"href":"https:\/\/blogg.folkuniversitetet.nu\/karlch\/wp-json\/wp\/v2\/pages\/625\/revisions\/627"}],"wp:attachment":[{"href":"https:\/\/blogg.folkuniversitetet.nu\/karlch\/wp-json\/wp\/v2\/media?parent=625"}],"curies":[{"name":"wp","href":"https:\/\/api.w.org\/{rel}","templated":true}]}}