{"id":622,"date":"2026-03-07T11:14:03","date_gmt":"2026-03-07T10:14:03","guid":{"rendered":"https:\/\/blogg.folkuniversitetet.nu\/karlch\/?page_id=622"},"modified":"2026-03-12T16:52:43","modified_gmt":"2026-03-12T15:52:43","slug":"a2-del-2-lordagar","status":"publish","type":"page","link":"https:\/\/blogg.folkuniversitetet.nu\/karlch\/a2-del-2-lordagar\/","title":{"rendered":"Svenska: A2 del 2 l\u00f6rdagar"},"content":{"rendered":"<p>Hej!<\/p>\n<p>V\u00e4lkommen till denna forts\u00e4ttningskurs i svenska!<\/p>\n<p>Vi ses p\u00e5 l\u00f6rdagar, kl. 10:00 &#8211; 13:30.<\/p>\n<p>Jag ser fram emot att tr\u00e4ffa er!<\/p>\n","protected":false},"excerpt":{"rendered":"<p>Hej! V\u00e4lkommen till denna forts\u00e4ttningskurs i svenska! Vi ses p\u00e5 l\u00f6rdagar, kl. 10:00 &#8211; 13:30. Jag ser fram emot att tr\u00e4ffa er!<\/p>\n","protected":false},"author":899,"featured_media":0,"parent":0,"menu_order":0,"comment_status":"closed","ping_status":"closed","template":"","meta":{"footnotes":""},"class_list":["post-622","page","type-page","status-publish","hentry","post-preview"],"_links":{"self":[{"href":"https:\/\/blogg.folkuniversitetet.nu\/karlch\/wp-json\/wp\/v2\/pages\/622","targetHints":{"allow":["GET"]}}],"collection":[{"href":"https:\/\/blogg.folkuniversitetet.nu\/karlch\/wp-json\/wp\/v2\/pages"}],"about":[{"href":"https:\/\/blogg.folkuniversitetet.nu\/karlch\/wp-json\/wp\/v2\/types\/page"}],"author":[{"embeddable":true,"href":"https:\/\/blogg.folkuniversitetet.nu\/karlch\/wp-json\/wp\/v2\/users\/899"}],"replies":[{"embeddable":true,"href":"https:\/\/blogg.folkuniversitetet.nu\/karlch\/wp-json\/wp\/v2\/comments?post=622"}],"version-history":[{"count":2,"href":"https:\/\/blogg.folkuniversitetet.nu\/karlch\/wp-json\/wp\/v2\/pages\/622\/revisions"}],"predecessor-version":[{"id":634,"href":"https:\/\/blogg.folkuniversitetet.nu\/karlch\/wp-json\/wp\/v2\/pages\/622\/revisions\/634"}],"wp:attachment":[{"href":"https:\/\/blogg.folkuniversitetet.nu\/karlch\/wp-json\/wp\/v2\/media?parent=622"}],"curies":[{"name":"wp","href":"https:\/\/api.w.org\/{rel}","templated":true}]}}