{"id":619,"date":"2026-03-05T20:24:42","date_gmt":"2026-03-05T19:24:42","guid":{"rendered":"https:\/\/blogg.folkuniversitetet.nu\/karlch\/?page_id=619"},"modified":"2026-03-05T20:24:42","modified_gmt":"2026-03-05T19:24:42","slug":"a1-del-2-5-mars","status":"publish","type":"page","link":"https:\/\/blogg.folkuniversitetet.nu\/karlch\/a1-del-2-5-mars\/","title":{"rendered":"A1 del 2: 5 mars"},"content":{"rendered":"<p>Vi b\u00f6rjade med att diskutera i grupper:<br \/>\n&#8211; Hur \u00e4r l\u00e4get?<br \/>\n&#8211; Vad gjorde du ig\u00e5r?<br \/>\n&#8211; Ber\u00e4tta om en kul\/intressant\/sp\u00e4nnande period i ditt liv. Till exempel: &#8221;N\u00e4r jag bodde i Indonesien&#8230;&#8221;, &#8221;N\u00e4r jag reste till Kanada&#8230;&#8221;, eller &#8221;N\u00e4r jag var ny i Sverige&#8230;&#8221;<br \/>\n&#8211; Vad har kursdeltagarna p\u00e5 sig? Beskriv allas outfits.<\/p>\n<p>Vi kontrollerade l\u00e4xan.<br \/>\nVi gjorde \u00f6vning H p\u00e5 sida 85 i textboken. H\u00e4lften av gruppen agerade kunder, och h\u00e4lften arbetade i sportbutik.<\/p>\n<p>Vi arbetade med sidorna 86 och 87 i textboken.<\/p>\n<p>Till sist l\u00e4ste vi texten\u00a0<em>F\u00f6rsta g\u00e5ngen i Sverige<\/em>, sida 88, kapitel 8. Vi lyssnade f\u00f6rst p\u00e5 texten. Sedan l\u00e4ste ni upp texten i grupper. Ni gjorde \u00f6vning A: ni diskuterade Johns att-g\u00f6ra-lista, och gav rekommendationer f\u00f6r vad man kan g\u00f6ra i Stockholm.<\/p>\n<p>Innan vi slutade pratade vi om\u00a0<em>F\u00f6rsta torsdagen i mars<\/em> (det vill s\u00e4ga idag!). Det \u00e4r en speciell dag f\u00f6r alla svenskar som kommer fr\u00e5n Sm\u00e5land. Dagen handlar om att fira den sm\u00e5l\u00e4ndska dialekten. Varf\u00f6r just idag? Vi uttalar annorlunda \u00e4n stockholmare:\u00a0<em>f\u00f6rsta torsdagen i mars \u2192 f\u00f6ssta tosdan i mass<\/em>.<br \/>\nF\u00f6r att fira dagen \u00e4ter man marsipant\u00e5rta (till exempel princesst\u00e5rta). Vi uttalar marsipant\u00e5rta annorlunda ocks\u00e5:\u00a0<em>massipant\u00e5ta<\/em>. \ud83d\ude01\ud83e\udd73<\/p>\n<p><strong>L\u00e4xa:<br \/>\n<\/strong>\u00d6vningsboken s. 95-101<\/p>\n","protected":false},"excerpt":{"rendered":"<p>Vi b\u00f6rjade med att diskutera i grupper: &#8211; Hur \u00e4r l\u00e4get? &#8211; Vad gjorde du ig\u00e5r? &#8211; Ber\u00e4tta om en kul\/intressant\/sp\u00e4nnande period i ditt liv. Till exempel: &#8221;N\u00e4r jag bodde i Indonesien&#8230;&#8221;, &#8221;N\u00e4r jag reste till Kanada&#8230;&#8221;, eller &#8221;N\u00e4r jag var ny i Sverige&#8230;&#8221; &#8211; Vad har kursdeltagarna p\u00e5 sig? Beskriv allas outfits. Vi kontrollerade [&hellip;]<\/p>\n","protected":false},"author":899,"featured_media":0,"parent":0,"menu_order":0,"comment_status":"closed","ping_status":"closed","template":"","meta":{"footnotes":""},"class_list":["post-619","page","type-page","status-publish","hentry","post-preview"],"_links":{"self":[{"href":"https:\/\/blogg.folkuniversitetet.nu\/karlch\/wp-json\/wp\/v2\/pages\/619","targetHints":{"allow":["GET"]}}],"collection":[{"href":"https:\/\/blogg.folkuniversitetet.nu\/karlch\/wp-json\/wp\/v2\/pages"}],"about":[{"href":"https:\/\/blogg.folkuniversitetet.nu\/karlch\/wp-json\/wp\/v2\/types\/page"}],"author":[{"embeddable":true,"href":"https:\/\/blogg.folkuniversitetet.nu\/karlch\/wp-json\/wp\/v2\/users\/899"}],"replies":[{"embeddable":true,"href":"https:\/\/blogg.folkuniversitetet.nu\/karlch\/wp-json\/wp\/v2\/comments?post=619"}],"version-history":[{"count":1,"href":"https:\/\/blogg.folkuniversitetet.nu\/karlch\/wp-json\/wp\/v2\/pages\/619\/revisions"}],"predecessor-version":[{"id":621,"href":"https:\/\/blogg.folkuniversitetet.nu\/karlch\/wp-json\/wp\/v2\/pages\/619\/revisions\/621"}],"wp:attachment":[{"href":"https:\/\/blogg.folkuniversitetet.nu\/karlch\/wp-json\/wp\/v2\/media?parent=619"}],"curies":[{"name":"wp","href":"https:\/\/api.w.org\/{rel}","templated":true}]}}