{"id":566,"date":"2026-02-08T13:17:45","date_gmt":"2026-02-08T12:17:45","guid":{"rendered":"https:\/\/blogg.folkuniversitetet.nu\/karlch\/?page_id=566"},"modified":"2026-02-08T13:17:45","modified_gmt":"2026-02-08T12:17:45","slug":"svenska-a1-del-1-sondagar","status":"publish","type":"page","link":"https:\/\/blogg.folkuniversitetet.nu\/karlch\/svenska-a1-del-1-sondagar\/","title":{"rendered":"Svenska A1 del 1 s\u00f6ndagar"},"content":{"rendered":"<p>Hej!<\/p>\n<p>V\u00e4lkommen till denna s\u00f6ndagskurs i svenska, A1 del 1.<\/p>\n<p>Klicka p\u00e5 datum f\u00f6r senaste lektionen f\u00f6r att veta vad vi arbetade med, och vad som \u00e4r l\u00e4xa till n\u00e4sta torsdag.<\/p>\n<p>Vi ses!\u00a0<img decoding=\"async\" class=\"emoji\" role=\"img\" src=\"https:\/\/s.w.org\/images\/core\/emoji\/17.0.2\/svg\/1f642.svg\" alt=\"\ud83d\ude42\" \/><\/p>\n","protected":false},"excerpt":{"rendered":"<p>Hej! V\u00e4lkommen till denna s\u00f6ndagskurs i svenska, A1 del 1. Klicka p\u00e5 datum f\u00f6r senaste lektionen f\u00f6r att veta vad vi arbetade med, och vad som \u00e4r l\u00e4xa till n\u00e4sta torsdag. Vi ses!\u00a0<\/p>\n","protected":false},"author":899,"featured_media":0,"parent":0,"menu_order":0,"comment_status":"closed","ping_status":"closed","template":"","meta":{"footnotes":""},"class_list":["post-566","page","type-page","status-publish","hentry","post-preview"],"_links":{"self":[{"href":"https:\/\/blogg.folkuniversitetet.nu\/karlch\/wp-json\/wp\/v2\/pages\/566","targetHints":{"allow":["GET"]}}],"collection":[{"href":"https:\/\/blogg.folkuniversitetet.nu\/karlch\/wp-json\/wp\/v2\/pages"}],"about":[{"href":"https:\/\/blogg.folkuniversitetet.nu\/karlch\/wp-json\/wp\/v2\/types\/page"}],"author":[{"embeddable":true,"href":"https:\/\/blogg.folkuniversitetet.nu\/karlch\/wp-json\/wp\/v2\/users\/899"}],"replies":[{"embeddable":true,"href":"https:\/\/blogg.folkuniversitetet.nu\/karlch\/wp-json\/wp\/v2\/comments?post=566"}],"version-history":[{"count":1,"href":"https:\/\/blogg.folkuniversitetet.nu\/karlch\/wp-json\/wp\/v2\/pages\/566\/revisions"}],"predecessor-version":[{"id":568,"href":"https:\/\/blogg.folkuniversitetet.nu\/karlch\/wp-json\/wp\/v2\/pages\/566\/revisions\/568"}],"wp:attachment":[{"href":"https:\/\/blogg.folkuniversitetet.nu\/karlch\/wp-json\/wp\/v2\/media?parent=566"}],"curies":[{"name":"wp","href":"https:\/\/api.w.org\/{rel}","templated":true}]}}