{"id":559,"date":"2026-02-05T20:17:52","date_gmt":"2026-02-05T19:17:52","guid":{"rendered":"https:\/\/blogg.folkuniversitetet.nu\/karlch\/?page_id=559"},"modified":"2026-02-05T20:17:52","modified_gmt":"2026-02-05T19:17:52","slug":"a1-del-2-5-feb","status":"publish","type":"page","link":"https:\/\/blogg.folkuniversitetet.nu\/karlch\/a1-del-2-5-feb\/","title":{"rendered":"A1 del 2: 5 feb"},"content":{"rendered":"<p>Ni pratade om era planer f\u00f6r imorgon och helgen.<br \/>\nNi l\u00e4ste era texter om er sl\u00e4kt.<\/p>\n<p>Vi gjorde \u00f6vning C p\u00e5 sida 68 i textboken, och l\u00e4ste texten\u00a0<em>Min faster \u00e4r Nobelpristagare<\/em> p\u00e5 samma sida.<br \/>\nI texten anv\u00e4nder de objektspronomen:<br \/>\njag \u2192 <strong>mig<\/strong>, du \u2192 <strong>dig<\/strong>, han \u2192 <strong>honom<\/strong>, hon \u2192 <strong>henne<\/strong>, vi \u2192 <strong>oss<\/strong>, ni \u2192 <strong>er<\/strong>, de \u2192 <strong>dem<\/strong><\/p>\n<p>Vi gjorde \u00f6vning A, B och C p\u00e5 sida 69 i textboken.<\/p>\n<p>Till sist l\u00e4ste vi texten om Alfred Nobel p\u00e5 sida 70 i textboken.<\/p>\n<p><strong>L\u00e4xa:<br \/>\n<\/strong>L\u00e4s texten\u00a0<em>Dynamitkungen<\/em> igen (du kan lyssna p\u00e5 den, l\u00e4sa den h\u00f6gt eller tyst, till exempel)<br \/>\nSkriv 8 fr\u00e5gor till texten<br \/>\n\u00d6vningsboken: s. 76 &#8211; 78<\/p>\n","protected":false},"excerpt":{"rendered":"<p>Ni pratade om era planer f\u00f6r imorgon och helgen. Ni l\u00e4ste era texter om er sl\u00e4kt. Vi gjorde \u00f6vning C p\u00e5 sida 68 i textboken, och l\u00e4ste texten\u00a0Min faster \u00e4r Nobelpristagare p\u00e5 samma sida. I texten anv\u00e4nder de objektspronomen: jag \u2192 mig, du \u2192 dig, han \u2192 honom, hon \u2192 henne, vi \u2192 oss, ni [&hellip;]<\/p>\n","protected":false},"author":899,"featured_media":0,"parent":0,"menu_order":0,"comment_status":"closed","ping_status":"closed","template":"","meta":{"footnotes":""},"class_list":["post-559","page","type-page","status-publish","hentry","post-preview"],"_links":{"self":[{"href":"https:\/\/blogg.folkuniversitetet.nu\/karlch\/wp-json\/wp\/v2\/pages\/559","targetHints":{"allow":["GET"]}}],"collection":[{"href":"https:\/\/blogg.folkuniversitetet.nu\/karlch\/wp-json\/wp\/v2\/pages"}],"about":[{"href":"https:\/\/blogg.folkuniversitetet.nu\/karlch\/wp-json\/wp\/v2\/types\/page"}],"author":[{"embeddable":true,"href":"https:\/\/blogg.folkuniversitetet.nu\/karlch\/wp-json\/wp\/v2\/users\/899"}],"replies":[{"embeddable":true,"href":"https:\/\/blogg.folkuniversitetet.nu\/karlch\/wp-json\/wp\/v2\/comments?post=559"}],"version-history":[{"count":1,"href":"https:\/\/blogg.folkuniversitetet.nu\/karlch\/wp-json\/wp\/v2\/pages\/559\/revisions"}],"predecessor-version":[{"id":561,"href":"https:\/\/blogg.folkuniversitetet.nu\/karlch\/wp-json\/wp\/v2\/pages\/559\/revisions\/561"}],"wp:attachment":[{"href":"https:\/\/blogg.folkuniversitetet.nu\/karlch\/wp-json\/wp\/v2\/media?parent=559"}],"curies":[{"name":"wp","href":"https:\/\/api.w.org\/{rel}","templated":true}]}}