{"id":550,"date":"2026-01-29T18:01:14","date_gmt":"2026-01-29T17:01:14","guid":{"rendered":"https:\/\/blogg.folkuniversitetet.nu\/karlch\/?page_id=550"},"modified":"2026-01-29T18:01:14","modified_gmt":"2026-01-29T17:01:14","slug":"svenska-a1-del-2-torsdagar","status":"publish","type":"page","link":"https:\/\/blogg.folkuniversitetet.nu\/karlch\/svenska-a1-del-2-torsdagar\/","title":{"rendered":"Svenska A1 del 2 torsdagar"},"content":{"rendered":"<p>Hej!<\/p>\n<p>V\u00e4lkommen till denna torsdagskurs i svenska, A1 del 2.<\/p>\n<p>Klicka p\u00e5 datum f\u00f6r senaste lektionen f\u00f6r att veta vad vi arbetade med, och vad som \u00e4r l\u00e4xa till n\u00e4sta torsdag.<\/p>\n<p>Vi ses!\u00a0<img decoding=\"async\" class=\"emoji\" role=\"img\" src=\"https:\/\/s.w.org\/images\/core\/emoji\/17.0.2\/svg\/1f642.svg\" alt=\"\ud83d\ude42\" \/><\/p>\n","protected":false},"excerpt":{"rendered":"<p>Hej! V\u00e4lkommen till denna torsdagskurs i svenska, A1 del 2. Klicka p\u00e5 datum f\u00f6r senaste lektionen f\u00f6r att veta vad vi arbetade med, och vad som \u00e4r l\u00e4xa till n\u00e4sta torsdag. Vi ses!\u00a0<\/p>\n","protected":false},"author":899,"featured_media":0,"parent":0,"menu_order":0,"comment_status":"closed","ping_status":"closed","template":"","meta":{"footnotes":""},"class_list":["post-550","page","type-page","status-publish","hentry","post-preview"],"_links":{"self":[{"href":"https:\/\/blogg.folkuniversitetet.nu\/karlch\/wp-json\/wp\/v2\/pages\/550","targetHints":{"allow":["GET"]}}],"collection":[{"href":"https:\/\/blogg.folkuniversitetet.nu\/karlch\/wp-json\/wp\/v2\/pages"}],"about":[{"href":"https:\/\/blogg.folkuniversitetet.nu\/karlch\/wp-json\/wp\/v2\/types\/page"}],"author":[{"embeddable":true,"href":"https:\/\/blogg.folkuniversitetet.nu\/karlch\/wp-json\/wp\/v2\/users\/899"}],"replies":[{"embeddable":true,"href":"https:\/\/blogg.folkuniversitetet.nu\/karlch\/wp-json\/wp\/v2\/comments?post=550"}],"version-history":[{"count":1,"href":"https:\/\/blogg.folkuniversitetet.nu\/karlch\/wp-json\/wp\/v2\/pages\/550\/revisions"}],"predecessor-version":[{"id":552,"href":"https:\/\/blogg.folkuniversitetet.nu\/karlch\/wp-json\/wp\/v2\/pages\/550\/revisions\/552"}],"wp:attachment":[{"href":"https:\/\/blogg.folkuniversitetet.nu\/karlch\/wp-json\/wp\/v2\/media?parent=550"}],"curies":[{"name":"wp","href":"https:\/\/api.w.org\/{rel}","templated":true}]}}