{"id":16,"date":"2023-03-07T09:23:13","date_gmt":"2023-03-07T08:23:13","guid":{"rendered":"https:\/\/blogg.folkuniversitetet.nu\/karlch\/?page_id=16"},"modified":"2023-03-18T09:59:04","modified_gmt":"2023-03-18T08:59:04","slug":"ordkort-a1a2","status":"publish","type":"page","link":"https:\/\/blogg.folkuniversitetet.nu\/karlch\/ordkort-a1a2\/","title":{"rendered":"Ordkort A1\/A2"},"content":{"rendered":"<p>H\u00e4r hittar du ordkort f\u00f6r att \u00f6va:<\/p>\n<ul>\n<li><a href=\"https:\/\/www.goconqr.com\/en\/flashcard\/16414996\/R-kna-p--svenska\">R\u00e4kna p\u00e5 svenska<\/a><\/li>\n<\/ul>\n<p>&nbsp;<\/p>\n<ul>\n<li><a href=\"https:\/\/www.goconqr.com\/en\/flashcard\/16471888\/Verb-A1\">Verb A1<\/a><\/li>\n<\/ul>\n<p>&nbsp;<\/p>\n<ul>\n<li><a href=\"https:\/\/www.goconqr.com\/en\/flashcard\/16182499\/Specialverb-Rivstart-A1A2\">Specialverb A1\/A2<\/a><\/li>\n<\/ul>\n<p>&nbsp;<\/p>\n<ul>\n<li><a href=\"https:\/\/www.goconqr.com\/en\/flashcard\/16170193\/klader\">Kl\u00e4der<\/a><\/li>\n<\/ul>\n<p>&nbsp;<\/p>\n<ul>\n<li><a href=\"https:\/\/www.goconqr.com\/en\/flashcard\/16211208\/adjektiv-komparation\">Komparation (adjektiv)<\/a><\/li>\n<\/ul>\n","protected":false},"excerpt":{"rendered":"<p>H\u00e4r hittar du ordkort f\u00f6r att \u00f6va: R\u00e4kna p\u00e5 svenska &nbsp; Verb A1 &nbsp; Specialverb A1\/A2 &nbsp; Kl\u00e4der &nbsp; Komparation (adjektiv)<\/p>\n","protected":false},"author":107,"featured_media":0,"parent":0,"menu_order":0,"comment_status":"closed","ping_status":"closed","template":"","meta":{"footnotes":""},"class_list":["post-16","page","type-page","status-publish","hentry","post-preview"],"_links":{"self":[{"href":"https:\/\/blogg.folkuniversitetet.nu\/karlch\/wp-json\/wp\/v2\/pages\/16","targetHints":{"allow":["GET"]}}],"collection":[{"href":"https:\/\/blogg.folkuniversitetet.nu\/karlch\/wp-json\/wp\/v2\/pages"}],"about":[{"href":"https:\/\/blogg.folkuniversitetet.nu\/karlch\/wp-json\/wp\/v2\/types\/page"}],"author":[{"embeddable":true,"href":"https:\/\/blogg.folkuniversitetet.nu\/karlch\/wp-json\/wp\/v2\/users\/107"}],"replies":[{"embeddable":true,"href":"https:\/\/blogg.folkuniversitetet.nu\/karlch\/wp-json\/wp\/v2\/comments?post=16"}],"version-history":[{"count":4,"href":"https:\/\/blogg.folkuniversitetet.nu\/karlch\/wp-json\/wp\/v2\/pages\/16\/revisions"}],"predecessor-version":[{"id":90,"href":"https:\/\/blogg.folkuniversitetet.nu\/karlch\/wp-json\/wp\/v2\/pages\/16\/revisions\/90"}],"wp:attachment":[{"href":"https:\/\/blogg.folkuniversitetet.nu\/karlch\/wp-json\/wp\/v2\/media?parent=16"}],"curies":[{"name":"wp","href":"https:\/\/api.w.org\/{rel}","templated":true}]}}