{"id":1011,"date":"2026-05-10T13:36:47","date_gmt":"2026-05-10T12:36:47","guid":{"rendered":"https:\/\/blogg.folkuniversitetet.nu\/karlch\/?page_id=1011"},"modified":"2026-05-10T13:36:47","modified_gmt":"2026-05-10T12:36:47","slug":"a1-del-2-10-maj","status":"publish","type":"page","link":"https:\/\/blogg.folkuniversitetet.nu\/karlch\/a1-del-2-10-maj\/","title":{"rendered":"A1 del 2: 10 maj"},"content":{"rendered":"<p>Vi b\u00f6rjade lektionen med en diskussion om shopping.<br \/>\n<em>Gillar du att shoppa? Vad brukar du k\u00f6pa att shoppa? Ber\u00e4tta om ett bra\/d\u00e5ligt k\u00f6p. Beskriv en perfekt shoppingdag.<\/em><\/p>\n<p>Sedan l\u00e4ste vi texterna\u00a0<em>K\u00f6pa s\u00e4ng<\/em> och\u00a0<em>P\u00e5 k\u00f6ksavdelning<\/em>, s. 78 &#8211; 79 i textboken. Vi lyssnade p\u00e5 texterna, och l\u00e4ste dem sedan i par. Efter det gjorde ni \u00f6vning B.<\/p>\n<p>I texterna anv\u00e4nder de substantiv i best\u00e4md form plural. Nu har vi allts\u00e5 fyra former av substantiv.<br \/>\nTitta p\u00e5 sida 89 i \u00f6vningsboken f\u00f6r att se systemet med pluralgrupperna och deras former.<\/p>\n<p>Vi arbetade med ord om kl\u00e4der och f\u00e4rg. Ni beskrev vad alla i gruppen hade p\u00e5 sig f\u00f6r kl\u00e4der.<br \/>\nEx:<br \/>\n<em>Han har p\u00e5 sig en vit skjorta, en bl\u00e5 t-shirt, ett par gr\u00e5a jeans och ett par vita skor.<br \/>\n<\/em><em>Hon har p\u00e5 sig en gr\u00f6n tr\u00f6ja, en vit kjol och ett par svarta skor.<\/p>\n<p><\/em>P\u00e5 sida 81 i textboken gjorde vi \u00f6vning B.<\/p>\n<p>Vi fortsatte arbeta i textboken: s. 82 &#8211; 86 (\u00f6vning I och J).<\/p>\n<p><strong>L\u00e4xa:<\/strong><br \/>\nTextboken: L\u00e4s texten p\u00e5 sida 88 och kontrollera vokabul\u00e4r<br \/>\n\u00d6vningsboken: s. 89 &#8211; 101<\/p>\n","protected":false},"excerpt":{"rendered":"<p>Vi b\u00f6rjade lektionen med en diskussion om shopping. Gillar du att shoppa? Vad brukar du k\u00f6pa att shoppa? Ber\u00e4tta om ett bra\/d\u00e5ligt k\u00f6p. Beskriv en perfekt shoppingdag. Sedan l\u00e4ste vi texterna\u00a0K\u00f6pa s\u00e4ng och\u00a0P\u00e5 k\u00f6ksavdelning, s. 78 &#8211; 79 i textboken. Vi lyssnade p\u00e5 texterna, och l\u00e4ste dem sedan i par. Efter det gjorde ni \u00f6vning [&hellip;]<\/p>\n","protected":false},"author":899,"featured_media":0,"parent":0,"menu_order":0,"comment_status":"closed","ping_status":"closed","template":"","meta":{"footnotes":""},"class_list":["post-1011","page","type-page","status-publish","hentry","post-preview"],"_links":{"self":[{"href":"https:\/\/blogg.folkuniversitetet.nu\/karlch\/wp-json\/wp\/v2\/pages\/1011","targetHints":{"allow":["GET"]}}],"collection":[{"href":"https:\/\/blogg.folkuniversitetet.nu\/karlch\/wp-json\/wp\/v2\/pages"}],"about":[{"href":"https:\/\/blogg.folkuniversitetet.nu\/karlch\/wp-json\/wp\/v2\/types\/page"}],"author":[{"embeddable":true,"href":"https:\/\/blogg.folkuniversitetet.nu\/karlch\/wp-json\/wp\/v2\/users\/899"}],"replies":[{"embeddable":true,"href":"https:\/\/blogg.folkuniversitetet.nu\/karlch\/wp-json\/wp\/v2\/comments?post=1011"}],"version-history":[{"count":1,"href":"https:\/\/blogg.folkuniversitetet.nu\/karlch\/wp-json\/wp\/v2\/pages\/1011\/revisions"}],"predecessor-version":[{"id":1012,"href":"https:\/\/blogg.folkuniversitetet.nu\/karlch\/wp-json\/wp\/v2\/pages\/1011\/revisions\/1012"}],"wp:attachment":[{"href":"https:\/\/blogg.folkuniversitetet.nu\/karlch\/wp-json\/wp\/v2\/media?parent=1011"}],"curies":[{"name":"wp","href":"https:\/\/api.w.org\/{rel}","templated":true}]}}