{"id":1008,"date":"2026-05-09T12:35:33","date_gmt":"2026-05-09T11:35:33","guid":{"rendered":"https:\/\/blogg.folkuniversitetet.nu\/karlch\/?page_id=1008"},"modified":"2026-05-09T12:35:33","modified_gmt":"2026-05-09T11:35:33","slug":"b1-del-1-9-maj","status":"publish","type":"page","link":"https:\/\/blogg.folkuniversitetet.nu\/karlch\/b1-del-1-9-maj\/","title":{"rendered":"B1 del 1: 9 maj"},"content":{"rendered":"<p>Efter att vi hade pratat om ordspr\u00e5ket\/uttrycket &#8221;Vill man bli fin, f\u00e5r man lida pin.&#8221;, och efter lite sm\u00e5prat om veckan, arbetade vi i textboken. Ni svarade p\u00e5 quizet p\u00e5 sida 15, och diskuterade era resultat.<\/p>\n<p>Sedan arbetade vi med adjektiv och adverb. Vi gjorde \u00f6vning D, E, F och G, s. 16 &#8211; 17 i textboken.<\/p>\n<p>P\u00e5 sida 18 arbetade vi med att skriva och presentera argument eller l\u00f6sningar p\u00e5 problemen med tr\u00e4ning. Vi gjorde allts\u00e5 \u00f6vning H och G p\u00e5 sida 18 i textboken.<\/p>\n<p>Efter pausen skapade vi ordkort med ord fr\u00e5n kapitel 1. Ni testade varandra p\u00e5 orden i par, fr\u00e5n svenska till engelska, och fr\u00e5n engelska till svenska.<\/p>\n<p>Vi arbetade med tidsprepositioner och gjorde \u00f6vning J p\u00e5 sida 19.<\/p>\n<p>Till sist arbetade vi med temat sport, s. 19 &#8211; 21.<\/p>\n<p><strong>L\u00e4xa<\/strong>:<br \/>\nTextboken s. 21: skrivuppgift<br \/>\n\u00d6vningsboken: s. 10 &#8211; 17<\/p>\n","protected":false},"excerpt":{"rendered":"<p>Efter att vi hade pratat om ordspr\u00e5ket\/uttrycket &#8221;Vill man bli fin, f\u00e5r man lida pin.&#8221;, och efter lite sm\u00e5prat om veckan, arbetade vi i textboken. Ni svarade p\u00e5 quizet p\u00e5 sida 15, och diskuterade era resultat. Sedan arbetade vi med adjektiv och adverb. Vi gjorde \u00f6vning D, E, F och G, s. 16 &#8211; 17 [&hellip;]<\/p>\n","protected":false},"author":899,"featured_media":0,"parent":0,"menu_order":0,"comment_status":"closed","ping_status":"closed","template":"","meta":{"footnotes":""},"class_list":["post-1008","page","type-page","status-publish","hentry","post-preview"],"_links":{"self":[{"href":"https:\/\/blogg.folkuniversitetet.nu\/karlch\/wp-json\/wp\/v2\/pages\/1008","targetHints":{"allow":["GET"]}}],"collection":[{"href":"https:\/\/blogg.folkuniversitetet.nu\/karlch\/wp-json\/wp\/v2\/pages"}],"about":[{"href":"https:\/\/blogg.folkuniversitetet.nu\/karlch\/wp-json\/wp\/v2\/types\/page"}],"author":[{"embeddable":true,"href":"https:\/\/blogg.folkuniversitetet.nu\/karlch\/wp-json\/wp\/v2\/users\/899"}],"replies":[{"embeddable":true,"href":"https:\/\/blogg.folkuniversitetet.nu\/karlch\/wp-json\/wp\/v2\/comments?post=1008"}],"version-history":[{"count":1,"href":"https:\/\/blogg.folkuniversitetet.nu\/karlch\/wp-json\/wp\/v2\/pages\/1008\/revisions"}],"predecessor-version":[{"id":1009,"href":"https:\/\/blogg.folkuniversitetet.nu\/karlch\/wp-json\/wp\/v2\/pages\/1008\/revisions\/1009"}],"wp:attachment":[{"href":"https:\/\/blogg.folkuniversitetet.nu\/karlch\/wp-json\/wp\/v2\/media?parent=1008"}],"curies":[{"name":"wp","href":"https:\/\/api.w.org\/{rel}","templated":true}]}}