{"id":1005,"date":"2026-05-06T19:22:32","date_gmt":"2026-05-06T18:22:32","guid":{"rendered":"https:\/\/blogg.folkuniversitetet.nu\/karlch\/?page_id=1005"},"modified":"2026-05-06T19:22:32","modified_gmt":"2026-05-06T18:22:32","slug":"a2-del-1-6-maj","status":"publish","type":"page","link":"https:\/\/blogg.folkuniversitetet.nu\/karlch\/a2-del-1-6-maj\/","title":{"rendered":"A2 del 1: 6 maj"},"content":{"rendered":"<p>Vi b\u00f6rjade lektionen med att mingla och prata om fritidsintressen.<\/p>\n<p>Sedan arbetade vi i textboken. Vi gjorde \u00f6vning H p\u00e5 sida 137.<\/p>\n<p>Efter det arbetade ni i grupper om tre. Varje person i gruppen valde tv\u00e5 teman fr\u00e5n texten\u00a0<em>Traditionella svenska r\u00e5varor<\/em>, s. 139 &#8211; 140 i textboken. Ni l\u00e4ste om era tv\u00e5 teman, skrev nyckelord, och presenterade sedan informationen f\u00f6r er grupp utan att titta i boken.<\/p>\n<p>Vi tittade p\u00e5 hur man uttrycker olika kvantitet p\u00e5 svenska. F\u00f6r vissa substantiv anv\u00e4nder vi\u00a0<em>f\u00e5<\/em> och\u00a0<em>mycket<\/em>, och f\u00f6r andra substantiv anv\u00e4nder vi\u00a0<em>lite<\/em> och\u00a0<em>mycket<\/em>. Vissa substantiv passar i b\u00e5da kategorierna.<\/p>\n<p>Vi gjorde \u00f6vning C och D, s. 141 &#8211; 142 i textboken.<\/p>\n<p>Till sist l\u00e4ste vi dialogerna i \u00f6vning E, s. 142, och diskuterade matkulturer i olika l\u00e4nder.<\/p>\n<p><strong>L\u00e4xa<\/strong>:<br \/>\nTextboken: s. 143 \u00f6vning G, s. 144 &#8211; 145 \u00f6vning A och B<br \/>\n\u00d6vningsboken: s. 153 &#8211; 158<\/p>\n","protected":false},"excerpt":{"rendered":"<p>Vi b\u00f6rjade lektionen med att mingla och prata om fritidsintressen. Sedan arbetade vi i textboken. Vi gjorde \u00f6vning H p\u00e5 sida 137. Efter det arbetade ni i grupper om tre. Varje person i gruppen valde tv\u00e5 teman fr\u00e5n texten\u00a0Traditionella svenska r\u00e5varor, s. 139 &#8211; 140 i textboken. Ni l\u00e4ste om era tv\u00e5 teman, skrev nyckelord, [&hellip;]<\/p>\n","protected":false},"author":899,"featured_media":0,"parent":0,"menu_order":0,"comment_status":"closed","ping_status":"closed","template":"","meta":{"footnotes":""},"class_list":["post-1005","page","type-page","status-publish","hentry","post-preview"],"_links":{"self":[{"href":"https:\/\/blogg.folkuniversitetet.nu\/karlch\/wp-json\/wp\/v2\/pages\/1005","targetHints":{"allow":["GET"]}}],"collection":[{"href":"https:\/\/blogg.folkuniversitetet.nu\/karlch\/wp-json\/wp\/v2\/pages"}],"about":[{"href":"https:\/\/blogg.folkuniversitetet.nu\/karlch\/wp-json\/wp\/v2\/types\/page"}],"author":[{"embeddable":true,"href":"https:\/\/blogg.folkuniversitetet.nu\/karlch\/wp-json\/wp\/v2\/users\/899"}],"replies":[{"embeddable":true,"href":"https:\/\/blogg.folkuniversitetet.nu\/karlch\/wp-json\/wp\/v2\/comments?post=1005"}],"version-history":[{"count":1,"href":"https:\/\/blogg.folkuniversitetet.nu\/karlch\/wp-json\/wp\/v2\/pages\/1005\/revisions"}],"predecessor-version":[{"id":1006,"href":"https:\/\/blogg.folkuniversitetet.nu\/karlch\/wp-json\/wp\/v2\/pages\/1005\/revisions\/1006"}],"wp:attachment":[{"href":"https:\/\/blogg.folkuniversitetet.nu\/karlch\/wp-json\/wp\/v2\/media?parent=1005"}],"curies":[{"name":"wp","href":"https:\/\/api.w.org\/{rel}","templated":true}]}}